{"id":10563,"date":"2023-01-17T19:42:21","date_gmt":"2023-01-17T17:42:21","guid":{"rendered":"https:\/\/hotelsantvicenc.com\/calendari-2023\/"},"modified":"2026-02-02T16:16:24","modified_gmt":"2026-02-02T14:16:24","slug":"calendari-2026","status":"publish","type":"page","link":"https:\/\/hotelsantvicenc.com\/en\/calendari-2026\/","title":{"rendered":"Calendari 2026"},"content":{"rendered":"<p>[et_pb_section fb_built=&#8221;1&#8243; admin_label=&#8221;section&#8221; _builder_version=&#8221;4.27.4&#8243; custom_margin=&#8221;||28px||false|false&#8221; global_colors_info=&#8221;{}&#8221;][et_pb_row admin_label=&#8221;row&#8221; _builder_version=&#8221;4.27.4&#8243; background_size=&#8221;initial&#8221; background_position=&#8221;top_left&#8221; background_repeat=&#8221;repeat&#8221; width=&#8221;75%&#8221; custom_margin=&#8221;|auto|0px|auto|false|false&#8221; custom_padding=&#8221;|||14px||&#8221; global_colors_info=&#8221;{}&#8221;][et_pb_column type=&#8221;4_4&#8243; _builder_version=&#8221;4.16&#8243; global_colors_info=&#8221;{}&#8221; custom_padding__hover=&#8221;|||&#8221;][et_pb_image src=&#8221;https:\/\/hotelsantvicenc.com\/wp-content\/uploads\/2026\/02\/CALENDARI-26-1.jpg&#8221; title_text=&#8221;CALENDARI 26&#8243; _builder_version=&#8221;4.27.4&#8243; hover_enabled=&#8221;0&#8243; global_colors_info=&#8221;{}&#8221; sticky_enabled=&#8221;0&#8243;][\/et_pb_image][\/et_pb_column][\/et_pb_row][\/et_pb_section]<\/p>\n","protected":false},"excerpt":{"rendered":"","protected":false},"author":1,"featured_media":0,"parent":0,"menu_order":0,"comment_status":"closed","ping_status":"closed","template":"","meta":{"_et_pb_use_builder":"on","_et_pb_old_content":"Som un hotel balneari petit, allunyat dels nuclis urbans, amb una plantilla estable per\u00f2 una demanda concentrada el cap de setmana i per\u00edodes de temporada alta.\r\n\r\nEls darrers anys, el funcionament del nostre establiment s'ha vist alterat per la pand\u00e8mia i les seves conseq\u00fc\u00e8ncies i ens ha plantejat alguns canvis organitzatius.\r\n\r\nEnguany ens hem adaptat als nous temps i hem dissenyat un calendari intentant harmonitzar les necessitats de l'hotel i de l'equip que hi treballa per oferir-vos les millors opcions d'estada.\r\n\r\nEsperem haver-ho aconseguit.","_et_gb_content_width":"","_mc_calendar":[],"_joinchat":[],"footnotes":""},"class_list":["post-10563","page","type-page","status-publish","hentry"],"yoast_head":"<!-- This site is optimized with the Yoast SEO plugin v25.3 - https:\/\/yoast.com\/wordpress\/plugins\/seo\/ -->\n<title>Calendari 2026 - Hotel Sant Vicen\u00e7<\/title>\n<meta name=\"description\" content=\"Som un hotel balneari petit, allunyat dels nuclis urbans, plantilla estable i una demanda concentrada el cap de setmana i per\u00edodes de temporada alta. Els darrers anys, el funcionament del nostre establiment s&#039;ha vist alterat per la pand\u00e8mia i les seves conseq\u00fc\u00e8ncies. Enguany ens hem adaptat als nous temps i hem dissenyat un calendari intentant harmonitzar les necessitats de l&#039;hotel i de l&#039;equip que hi treballa per oferir-vos les millors opcions d&#039;estada. Esperem haver-ho aconseguit.\" \/>\n<meta name=\"robots\" content=\"index, follow, max-snippet:-1, max-image-preview:large, max-video-preview:-1\" \/>\n<link rel=\"canonical\" href=\"https:\/\/hotelsantvicenc.com\/en\/calendari-2026\/\" \/>\n<meta property=\"og:locale\" content=\"en_US\" \/>\n<meta property=\"og:type\" content=\"article\" \/>\n<meta property=\"og:title\" content=\"Calendari 2026 - Hotel Sant Vicen\u00e7\" \/>\n<meta property=\"og:description\" content=\"Som un hotel balneari petit, allunyat dels nuclis urbans, plantilla estable i una demanda concentrada el cap de setmana i per\u00edodes de temporada alta. Els darrers anys, el funcionament del nostre establiment s&#039;ha vist alterat per la pand\u00e8mia i les seves conseq\u00fc\u00e8ncies. Enguany ens hem adaptat als nous temps i hem dissenyat un calendari intentant harmonitzar les necessitats de l&#039;hotel i de l&#039;equip que hi treballa per oferir-vos les millors opcions d&#039;estada. Esperem haver-ho aconseguit.\" \/>\n<meta property=\"og:url\" content=\"https:\/\/hotelsantvicenc.com\/en\/calendari-2026\/\" \/>\n<meta property=\"og:site_name\" content=\"Hotel Sant Vicen\u00e7\" \/>\n<meta property=\"article:modified_time\" content=\"2026-02-02T14:16:24+00:00\" \/>\n<meta name=\"twitter:card\" content=\"summary_large_image\" \/>\n<meta name=\"twitter:label1\" content=\"Est. reading time\" \/>\n\t<meta name=\"twitter:data1\" content=\"1 minute\" \/>\n<script type=\"application\/ld+json\" class=\"yoast-schema-graph\">{\"@context\":\"https:\/\/schema.org\",\"@graph\":[{\"@type\":\"WebPage\",\"@id\":\"https:\/\/hotelsantvicenc.com\/en\/calendari-2026\/\",\"url\":\"https:\/\/hotelsantvicenc.com\/en\/calendari-2026\/\",\"name\":\"Calendari 2026 - Hotel Sant Vicen\u00e7\",\"isPartOf\":{\"@id\":\"https:\/\/hotelsantvicenc.com\/en\/#website\"},\"datePublished\":\"2023-01-17T17:42:21+00:00\",\"dateModified\":\"2026-02-02T14:16:24+00:00\",\"description\":\"Som un hotel balneari petit, allunyat dels nuclis urbans, plantilla estable i una demanda concentrada el cap de setmana i per\u00edodes de temporada alta. Els darrers anys, el funcionament del nostre establiment s'ha vist alterat per la pand\u00e8mia i les seves conseq\u00fc\u00e8ncies. Enguany ens hem adaptat als nous temps i hem dissenyat un calendari intentant harmonitzar les necessitats de l'hotel i de l'equip que hi treballa per oferir-vos les millors opcions d'estada. Esperem haver-ho aconseguit.\",\"breadcrumb\":{\"@id\":\"https:\/\/hotelsantvicenc.com\/en\/calendari-2026\/#breadcrumb\"},\"inLanguage\":\"en-US\",\"potentialAction\":[{\"@type\":\"ReadAction\",\"target\":[\"https:\/\/hotelsantvicenc.com\/en\/calendari-2026\/\"]}]},{\"@type\":\"BreadcrumbList\",\"@id\":\"https:\/\/hotelsantvicenc.com\/en\/calendari-2026\/#breadcrumb\",\"itemListElement\":[{\"@type\":\"ListItem\",\"position\":1,\"name\":\"Inici\",\"item\":\"https:\/\/hotelsantvicenc.com\/en\/\"},{\"@type\":\"ListItem\",\"position\":2,\"name\":\"Calendari 2026\"}]},{\"@type\":\"WebSite\",\"@id\":\"https:\/\/hotelsantvicenc.com\/en\/#website\",\"url\":\"https:\/\/hotelsantvicenc.com\/en\/\",\"name\":\"Hotel Balneari Sant Vicen\u00e7\",\"description\":\"HOTEL-BALNEARI\",\"publisher\":{\"@id\":\"https:\/\/hotelsantvicenc.com\/en\/#organization\"},\"potentialAction\":[{\"@type\":\"SearchAction\",\"target\":{\"@type\":\"EntryPoint\",\"urlTemplate\":\"https:\/\/hotelsantvicenc.com\/en\/?s={search_term_string}\"},\"query-input\":{\"@type\":\"PropertyValueSpecification\",\"valueRequired\":true,\"valueName\":\"search_term_string\"}}],\"inLanguage\":\"en-US\"},{\"@type\":\"Organization\",\"@id\":\"https:\/\/hotelsantvicenc.com\/en\/#organization\",\"name\":\"ELS BANYS DE SANT VICEN\u00c7 SL\",\"url\":\"https:\/\/hotelsantvicenc.com\/en\/\",\"logo\":{\"@type\":\"ImageObject\",\"inLanguage\":\"en-US\",\"@id\":\"https:\/\/hotelsantvicenc.com\/en\/#\/schema\/logo\/image\/\",\"url\":\"https:\/\/hotelsantvicenc.com\/wp-content\/uploads\/2023\/07\/WhatsApp-Image-2020-07-14-at-5.04.21-PM.jpeg\",\"contentUrl\":\"https:\/\/hotelsantvicenc.com\/wp-content\/uploads\/2023\/07\/WhatsApp-Image-2020-07-14-at-5.04.21-PM.jpeg\",\"width\":472,\"height\":472,\"caption\":\"ELS BANYS DE SANT VICEN\u00c7 SL\"},\"image\":{\"@id\":\"https:\/\/hotelsantvicenc.com\/en\/#\/schema\/logo\/image\/\"},\"sameAs\":[\"https:\/\/www.instagram.com\/balnearisantvicenc\/\"]}]}<\/script>\n<!-- \/ Yoast SEO plugin. -->","yoast_head_json":{"title":"Calendari 2026 - Hotel Sant Vicen\u00e7","description":"Som un hotel balneari petit, allunyat dels nuclis urbans, plantilla estable i una demanda concentrada el cap de setmana i per\u00edodes de temporada alta. Els darrers anys, el funcionament del nostre establiment s'ha vist alterat per la pand\u00e8mia i les seves conseq\u00fc\u00e8ncies. Enguany ens hem adaptat als nous temps i hem dissenyat un calendari intentant harmonitzar les necessitats de l'hotel i de l'equip que hi treballa per oferir-vos les millors opcions d'estada. Esperem haver-ho aconseguit.","robots":{"index":"index","follow":"follow","max-snippet":"max-snippet:-1","max-image-preview":"max-image-preview:large","max-video-preview":"max-video-preview:-1"},"canonical":"https:\/\/hotelsantvicenc.com\/en\/calendari-2026\/","og_locale":"en_US","og_type":"article","og_title":"Calendari 2026 - Hotel Sant Vicen\u00e7","og_description":"Som un hotel balneari petit, allunyat dels nuclis urbans, plantilla estable i una demanda concentrada el cap de setmana i per\u00edodes de temporada alta. Els darrers anys, el funcionament del nostre establiment s'ha vist alterat per la pand\u00e8mia i les seves conseq\u00fc\u00e8ncies. Enguany ens hem adaptat als nous temps i hem dissenyat un calendari intentant harmonitzar les necessitats de l'hotel i de l'equip que hi treballa per oferir-vos les millors opcions d'estada. Esperem haver-ho aconseguit.","og_url":"https:\/\/hotelsantvicenc.com\/en\/calendari-2026\/","og_site_name":"Hotel Sant Vicen\u00e7","article_modified_time":"2026-02-02T14:16:24+00:00","twitter_card":"summary_large_image","twitter_misc":{"Est. reading time":"1 minute"},"schema":{"@context":"https:\/\/schema.org","@graph":[{"@type":"WebPage","@id":"https:\/\/hotelsantvicenc.com\/en\/calendari-2026\/","url":"https:\/\/hotelsantvicenc.com\/en\/calendari-2026\/","name":"Calendari 2026 - Hotel Sant Vicen\u00e7","isPartOf":{"@id":"https:\/\/hotelsantvicenc.com\/en\/#website"},"datePublished":"2023-01-17T17:42:21+00:00","dateModified":"2026-02-02T14:16:24+00:00","description":"Som un hotel balneari petit, allunyat dels nuclis urbans, plantilla estable i una demanda concentrada el cap de setmana i per\u00edodes de temporada alta. Els darrers anys, el funcionament del nostre establiment s'ha vist alterat per la pand\u00e8mia i les seves conseq\u00fc\u00e8ncies. Enguany ens hem adaptat als nous temps i hem dissenyat un calendari intentant harmonitzar les necessitats de l'hotel i de l'equip que hi treballa per oferir-vos les millors opcions d'estada. Esperem haver-ho aconseguit.","breadcrumb":{"@id":"https:\/\/hotelsantvicenc.com\/en\/calendari-2026\/#breadcrumb"},"inLanguage":"en-US","potentialAction":[{"@type":"ReadAction","target":["https:\/\/hotelsantvicenc.com\/en\/calendari-2026\/"]}]},{"@type":"BreadcrumbList","@id":"https:\/\/hotelsantvicenc.com\/en\/calendari-2026\/#breadcrumb","itemListElement":[{"@type":"ListItem","position":1,"name":"Inici","item":"https:\/\/hotelsantvicenc.com\/en\/"},{"@type":"ListItem","position":2,"name":"Calendari 2026"}]},{"@type":"WebSite","@id":"https:\/\/hotelsantvicenc.com\/en\/#website","url":"https:\/\/hotelsantvicenc.com\/en\/","name":"Hotel Balneari Sant Vicen\u00e7","description":"HOTEL-BALNEARI","publisher":{"@id":"https:\/\/hotelsantvicenc.com\/en\/#organization"},"potentialAction":[{"@type":"SearchAction","target":{"@type":"EntryPoint","urlTemplate":"https:\/\/hotelsantvicenc.com\/en\/?s={search_term_string}"},"query-input":{"@type":"PropertyValueSpecification","valueRequired":true,"valueName":"search_term_string"}}],"inLanguage":"en-US"},{"@type":"Organization","@id":"https:\/\/hotelsantvicenc.com\/en\/#organization","name":"ELS BANYS DE SANT VICEN\u00c7 SL","url":"https:\/\/hotelsantvicenc.com\/en\/","logo":{"@type":"ImageObject","inLanguage":"en-US","@id":"https:\/\/hotelsantvicenc.com\/en\/#\/schema\/logo\/image\/","url":"https:\/\/hotelsantvicenc.com\/wp-content\/uploads\/2023\/07\/WhatsApp-Image-2020-07-14-at-5.04.21-PM.jpeg","contentUrl":"https:\/\/hotelsantvicenc.com\/wp-content\/uploads\/2023\/07\/WhatsApp-Image-2020-07-14-at-5.04.21-PM.jpeg","width":472,"height":472,"caption":"ELS BANYS DE SANT VICEN\u00c7 SL"},"image":{"@id":"https:\/\/hotelsantvicenc.com\/en\/#\/schema\/logo\/image\/"},"sameAs":["https:\/\/www.instagram.com\/balnearisantvicenc\/"]}]}},"_links":{"self":[{"href":"https:\/\/hotelsantvicenc.com\/en\/wp-json\/wp\/v2\/pages\/10563","targetHints":{"allow":["GET"]}}],"collection":[{"href":"https:\/\/hotelsantvicenc.com\/en\/wp-json\/wp\/v2\/pages"}],"about":[{"href":"https:\/\/hotelsantvicenc.com\/en\/wp-json\/wp\/v2\/types\/page"}],"author":[{"embeddable":true,"href":"https:\/\/hotelsantvicenc.com\/en\/wp-json\/wp\/v2\/users\/1"}],"replies":[{"embeddable":true,"href":"https:\/\/hotelsantvicenc.com\/en\/wp-json\/wp\/v2\/comments?post=10563"}],"version-history":[{"count":27,"href":"https:\/\/hotelsantvicenc.com\/en\/wp-json\/wp\/v2\/pages\/10563\/revisions"}],"predecessor-version":[{"id":17039,"href":"https:\/\/hotelsantvicenc.com\/en\/wp-json\/wp\/v2\/pages\/10563\/revisions\/17039"}],"wp:attachment":[{"href":"https:\/\/hotelsantvicenc.com\/en\/wp-json\/wp\/v2\/media?parent=10563"}],"curies":[{"name":"wp","href":"https:\/\/api.w.org\/{rel}","templated":true}]}}