{"id":13598,"date":"2024-07-03T13:15:23","date_gmt":"2024-07-03T11:15:23","guid":{"rendered":"https:\/\/hotelsantvicenc.com\/?page_id=13598"},"modified":"2025-01-26T02:16:59","modified_gmt":"2025-01-26T00:16:59","slug":"cheese-lovers","status":"publish","type":"page","link":"https:\/\/hotelsantvicenc.com\/en\/cheese-lovers\/","title":{"rendered":"CHEESE LOVERS"},"content":{"rendered":"<p>[et_pb_section fb_built=&#8221;1&#8243; _builder_version=&#8221;4.16&#8243; custom_margin_tablet=&#8221;&#8221; custom_margin_phone=&#8221;-50px|||&#8221; custom_margin_last_edited=&#8221;on|phone&#8221; custom_padding=&#8221;16px||5px|||&#8221; global_colors_info=&#8221;{}&#8221;][et_pb_row _builder_version=&#8221;4.27.4&#8243; custom_padding=&#8221;6px||0px|||&#8221; hover_enabled=&#8221;0&#8243; border_width_bottom=&#8221;1px&#8221; border_color_bottom=&#8221;#b7b7b7&#8243; global_colors_info=&#8221;{}&#8221; custom_margin=&#8221;|auto|0px|auto|false|false&#8221; sticky_enabled=&#8221;0&#8243;][et_pb_column type=&#8221;4_4&#8243; _builder_version=&#8221;4.16&#8243; custom_padding=&#8221;|||&#8221; global_colors_info=&#8221;{}&#8221; custom_padding__hover=&#8221;|||&#8221;][et_pb_post_title meta=&#8221;off&#8221; featured_image=&#8221;off&#8221; _builder_version=&#8221;4.16&#8243; title_font=&#8221;Montserrat|300|||||||&#8221; title_text_color=&#8221;#59adbb&#8221; title_font_size=&#8221;48px&#8221; title_font_size_tablet=&#8221;&#8221; title_font_size_phone=&#8221;36px&#8221; title_font_size_last_edited=&#8221;on|desktop&#8221; global_colors_info=&#8221;{}&#8221;][\/et_pb_post_title][\/et_pb_column][\/et_pb_row][et_pb_row _builder_version=&#8221;4.27.4&#8243; custom_padding=&#8221;||3px|||&#8221; hover_enabled=&#8221;0&#8243; global_colors_info=&#8221;{}&#8221; column_structure=&#8221;1_2,1_2&#8243; custom_margin=&#8221;|auto|0px|auto|false|false&#8221; sticky_enabled=&#8221;0&#8243;][et_pb_column type=&#8221;1_2&#8243; _builder_version=&#8221;4.16&#8243; custom_padding=&#8221;|||&#8221; global_colors_info=&#8221;{}&#8221; custom_padding__hover=&#8221;|||&#8221;][et_pb_text _builder_version=&#8221;4.16&#8243; text_font=&#8221;Satisfy||||||||&#8221; text_text_color=&#8221;#948878&#8243; text_font_size=&#8221;28px&#8221; text_orientation=&#8221;center&#8221; custom_padding=&#8221;15px||15px&#8221; border_width_top=&#8221;1px&#8221; border_color_top=&#8221;#00bfce&#8221; border_width_bottom=&#8221;1px&#8221; border_color_bottom=&#8221;#00bfce&#8221; text_text_align=&#8221;center&#8221; global_colors_info=&#8221;{}&#8221;]<\/p>\n<p style=\"text-align: left;\">Degustaci\u00f3 de 7 formatges pirinencs<\/p>\n<p>[\/et_pb_text][et_pb_text _builder_version=&#8221;4.16&#8243; global_colors_info=&#8221;{}&#8221;]El formatge s\u2019ha convertit en tot un s\u00edmbol de la nostra terra gr\u00e0cies als centenars d\u2019obradors de formatges artesans del territori que produeixen formatge d\u2019alta qualitat amb llet de proximitat. No te&#8217;ls podrem deixar provar tots per\u00f2 hem preparat una petita selecci\u00f3 que t&#8217;encantar\u00e0.<\/p>\n<p style=\"text-align: justify;\"><strong>T&#8217;animes a tastar-la?<\/strong><\/p>\n<p>[\/et_pb_text][\/et_pb_column][et_pb_column type=&#8221;1_2&#8243; _builder_version=&#8221;4.16&#8243; custom_padding=&#8221;|||&#8221; global_colors_info=&#8221;{}&#8221; custom_padding__hover=&#8221;|||&#8221;][et_pb_gallery gallery_ids=&#8221;986&#8243; fullwidth=&#8221;on&#8221; _builder_version=&#8221;4.27.4&#8243; animation_style=&#8221;slide&#8221; animation_direction=&#8221;right&#8221; animation_intensity_slide=&#8221;4%&#8221; hover_enabled=&#8221;0&#8243; border_width_all=&#8221;1px&#8221; border_color_all=&#8221;#e0e0e0&#8243; global_colors_info=&#8221;{}&#8221; sticky_enabled=&#8221;0&#8243;][\/et_pb_gallery][\/et_pb_column][\/et_pb_row][\/et_pb_section][et_pb_section fb_built=&#8221;1&#8243; _builder_version=&#8221;4.16&#8243; min_height=&#8221;840px&#8221; custom_padding=&#8221;16px||0px|||&#8221; global_colors_info=&#8221;{}&#8221;][et_pb_row padding_top_bottom_link_1=&#8221;true&#8221; _builder_version=&#8221;4.27.4&#8243; custom_margin=&#8221;||0px||false|false&#8221; custom_padding=&#8221;||||false|false&#8221; hover_enabled=&#8221;0&#8243; border_width_bottom=&#8221;1px&#8221; border_color_bottom=&#8221;#88c4dd&#8221; global_colors_info=&#8221;{}&#8221; column_structure=&#8221;1_4,1_4,1_4,1_4&#8243; sticky_enabled=&#8221;0&#8243;][et_pb_column type=&#8221;1_4&#8243; _builder_version=&#8221;4.16&#8243; custom_padding=&#8221;|||&#8221; global_colors_info=&#8221;{}&#8221; custom_padding__hover=&#8221;|||&#8221;][et_pb_text _builder_version=&#8221;4.16&#8243; text_font=&#8221;||||||||&#8221; text_text_color=&#8221;#828282&#8243; header_font=&#8221;||||||||&#8221; header_2_font=&#8221;Montserrat|300|||||||&#8221; header_2_text_color=&#8221;#59adbb&#8221; header_3_font=&#8221;Montserrat|300|||||||&#8221; header_3_font_size=&#8221;17px&#8221; header_3_line_height=&#8221;1.3em&#8221; header_4_font=&#8221;||||||||&#8221; header_4_font_size=&#8221;26px&#8221; global_colors_info=&#8221;{}&#8221;]<\/p>\n<h2 style=\"text-align: justify;\">Quan?<\/h2>\n<p style=\"text-align: justify;\">Els dies que estem oberts de 10:00h a 12:00h i de 18:00h a 20:00h<\/p>\n<p style=\"text-align: justify;\">Consulteu el nostre calendari d&#8217;obertures.<\/p>\n<p>[\/et_pb_text][\/et_pb_column][et_pb_column type=&#8221;1_4&#8243; _builder_version=&#8221;4.16&#8243; custom_padding=&#8221;|||&#8221; global_colors_info=&#8221;{}&#8221; custom_padding__hover=&#8221;|||&#8221;][et_pb_text _builder_version=&#8221;4.16&#8243; text_font=&#8221;||||||||&#8221; text_text_color=&#8221;#828282&#8243; header_font=&#8221;||||||||&#8221; header_2_font=&#8221;Montserrat|300|||||||&#8221; header_2_text_color=&#8221;#59adbb&#8221; header_3_font=&#8221;Montserrat|300|||||||&#8221; header_3_font_size=&#8221;17px&#8221; header_3_line_height=&#8221;1.3em&#8221; header_4_font=&#8221;||||||||&#8221; header_4_font_size=&#8221;26px&#8221; global_colors_info=&#8221;{}&#8221;]<\/p>\n<h2>On?<\/h2>\n<p>Sorpresa! No us ho direm fins que no sapiguem quants sereu.<\/p>\n<p>Admetem reserves de 2 a 8 persones.<br \/>\n[\/et_pb_text][\/et_pb_column][et_pb_column type=&#8221;1_4&#8243; _builder_version=&#8221;4.16&#8243; custom_padding=&#8221;|||&#8221; global_colors_info=&#8221;{}&#8221; custom_padding__hover=&#8221;|||&#8221;][et_pb_text _builder_version=&#8221;4.16&#8243; text_font=&#8221;||||||||&#8221; text_text_color=&#8221;#828282&#8243; header_font=&#8221;||||||||&#8221; header_2_font=&#8221;Montserrat|300|||||||&#8221; header_2_text_color=&#8221;#59adbb&#8221; header_3_font=&#8221;Montserrat|300|||||||&#8221; header_3_font_size=&#8221;17px&#8221; header_3_line_height=&#8221;1.3em&#8221; header_4_font=&#8221;||||||||&#8221; header_4_font_size=&#8221;26px&#8221; global_colors_info=&#8221;{}&#8221;]<\/p>\n<h2>Preu<\/h2>\n<p><strong>25\u20ac<\/strong>\u00a0persona.<\/p>\n<p>Inclou el tast de 7 formatges artesans del Pirineu i una copa de vi blanc DO Costers del Segre.<\/p>\n<p>Formatges + circuit termal<strong> 50\u20ac<\/strong> persona<\/p>\n<h3><\/h3>\n<p>&nbsp;<br \/>\n[\/et_pb_text][\/et_pb_column][et_pb_column type=&#8221;1_4&#8243; _builder_version=&#8221;4.16&#8243; custom_padding=&#8221;|||&#8221; global_colors_info=&#8221;{}&#8221; custom_padding__hover=&#8221;|||&#8221;][et_pb_text _builder_version=&#8221;4.16&#8243; text_font=&#8221;||||||||&#8221; text_text_color=&#8221;#828282&#8243; header_font=&#8221;||||||||&#8221; header_2_font=&#8221;Montserrat|300|||||||&#8221; header_2_text_color=&#8221;#59adbb&#8221; header_3_font=&#8221;Montserrat|300|||||||&#8221; header_3_font_size=&#8221;17px&#8221; header_3_line_height=&#8221;1.3em&#8221; header_4_font=&#8221;||||||||&#8221; header_4_font_size=&#8221;26px&#8221; global_colors_info=&#8221;{}&#8221;]<\/p>\n<h2>Reserves<\/h2>\n<p>Envieu un e-mail aqu\u00ed:<\/p>\n<p><a title=\"Reserva Hora del Te\" href=\"mailto:reserves@hotelsantvicenc.com\">reserves@hotelsantvicenc.com<\/a><\/p>\n<h3><strong><span style=\"color: #59adbb;\">\u00a0<\/span><\/strong><\/h3>\n<p>&nbsp;<br \/>\n[\/et_pb_text][\/et_pb_column][\/et_pb_row][et_pb_row _builder_version=&#8221;4.27.4&#8243; hover_enabled=&#8221;0&#8243; global_colors_info=&#8221;{}&#8221; custom_margin=&#8221;|auto|0px|auto|false|false&#8221; sticky_enabled=&#8221;0&#8243;][et_pb_column type=&#8221;4_4&#8243; _builder_version=&#8221;4.16&#8243; custom_padding=&#8221;|||&#8221; global_colors_info=&#8221;{}&#8221; custom_padding__hover=&#8221;|||&#8221;][et_pb_text _builder_version=&#8221;4.16&#8243; text_font=&#8221;Satisfy||||||||&#8221; text_text_color=&#8221;#948878&#8243; text_font_size=&#8221;28px&#8221; text_orientation=&#8221;center&#8221; custom_padding=&#8221;15px||15px&#8221; border_style_all=&#8221;none&#8221; border_width_top=&#8221;1px&#8221; border_color_top=&#8221;#00bfce&#8221; border_width_bottom=&#8221;1px&#8221; border_color_bottom=&#8221;#00bfce&#8221; text_text_align=&#8221;center&#8221; global_colors_info=&#8221;{}&#8221;]<\/p>\n<p style=\"text-align: left;\">Men\u00fa<\/p>\n<p>[\/et_pb_text][et_pb_text _builder_version=&#8221;4.16&#8243; global_colors_info=&#8221;{}&#8221;]Taula de 7 formatges artesans elaborats al Pirineu Catal\u00e0 composada per:<\/p>\n<p>1 L&#8217;Obaga negra ( Alt Urgell) 2 El Tou (Pallars Sobir\u00e0) 3 Vall de Meranges (Cerdanya) 4 Castell-Llebre (Alt Urgell) 5 Pla del Cim ( Alt Urgell) 6 Barid\u00e0 ( Alt Urgell) 7 Grauc (La Garrotxa)<\/p>\n<p>Els formatges aniran companats de pa, fruits secs i ra\u00efm i maridats amb una copa de vi blanc amb DO Costers del Segre.<br \/>\n[\/et_pb_text][\/et_pb_column][\/et_pb_row][et_pb_row _builder_version=&#8221;4.27.4&#8243; hover_enabled=&#8221;0&#8243; global_colors_info=&#8221;{}&#8221; custom_margin=&#8221;|auto|0px|auto|false|false&#8221; sticky_enabled=&#8221;0&#8243;][et_pb_column type=&#8221;4_4&#8243; _builder_version=&#8221;4.16&#8243; custom_padding=&#8221;|||&#8221; global_colors_info=&#8221;{}&#8221; custom_padding__hover=&#8221;|||&#8221;][et_pb_divider _builder_version=&#8221;4.27.4&#8243; hover_enabled=&#8221;0&#8243; global_colors_info=&#8221;{}&#8221; color=&#8221;#93c6c5&#8243; sticky_enabled=&#8221;0&#8243;]&nbsp;<br \/>\n[\/et_pb_divider][\/et_pb_column][\/et_pb_row][\/et_pb_section]<\/p>\n","protected":false},"excerpt":{"rendered":"<p>Degustaci\u00f3 de 7 formatges pirinencs El formatge s\u2019ha convertit en tot un s\u00edmbol de la nostra terra gr\u00e0cies als centenars d\u2019obradors de formatges artesans del territori que produeixen formatge d\u2019alta qualitat amb llet de proximitat. No te&#8217;ls podrem deixar provar tots per\u00f2 hem preparat una petita selecci\u00f3 que t&#8217;encantar\u00e0. T&#8217;animes a tastar-la? Quan? Els dies [&hellip;]<\/p>\n","protected":false},"author":1,"featured_media":0,"parent":0,"menu_order":0,"comment_status":"closed","ping_status":"closed","template":"","meta":{"_et_pb_use_builder":"on","_et_pb_old_content":"","_et_gb_content_width":"","_mc_calendar":[],"_joinchat":[],"footnotes":""},"class_list":["post-13598","page","type-page","status-publish","hentry"],"yoast_head":"<!-- This site is optimized with the Yoast SEO plugin v25.3 - https:\/\/yoast.com\/wordpress\/plugins\/seo\/ -->\n<title>CHEESE LOVERS - Hotel Sant Vicen\u00e7<\/title>\n<meta name=\"robots\" content=\"index, follow, max-snippet:-1, max-image-preview:large, max-video-preview:-1\" \/>\n<link rel=\"canonical\" href=\"https:\/\/hotelsantvicenc.com\/en\/cheese-lovers\/\" \/>\n<meta property=\"og:locale\" content=\"en_US\" \/>\n<meta property=\"og:type\" content=\"article\" \/>\n<meta property=\"og:title\" content=\"CHEESE LOVERS - Hotel Sant Vicen\u00e7\" \/>\n<meta property=\"og:description\" content=\"Degustaci\u00f3 de 7 formatges pirinencs El formatge s\u2019ha convertit en tot un s\u00edmbol de la nostra terra gr\u00e0cies als centenars d\u2019obradors de formatges artesans del territori que produeixen formatge d\u2019alta qualitat amb llet de proximitat. No te&#039;ls podrem deixar provar tots per\u00f2 hem preparat una petita selecci\u00f3 que t&#039;encantar\u00e0. T&#039;animes a tastar-la? Quan? Els dies [&hellip;]\" \/>\n<meta property=\"og:url\" content=\"https:\/\/hotelsantvicenc.com\/en\/cheese-lovers\/\" \/>\n<meta property=\"og:site_name\" content=\"Hotel Sant Vicen\u00e7\" \/>\n<meta property=\"article:modified_time\" content=\"2025-01-26T00:16:59+00:00\" \/>\n<meta name=\"twitter:card\" content=\"summary_large_image\" \/>\n<meta name=\"twitter:label1\" content=\"Est. reading time\" \/>\n\t<meta name=\"twitter:data1\" content=\"3 minutes\" \/>\n<script type=\"application\/ld+json\" class=\"yoast-schema-graph\">{\"@context\":\"https:\/\/schema.org\",\"@graph\":[{\"@type\":\"WebPage\",\"@id\":\"https:\/\/hotelsantvicenc.com\/en\/cheese-lovers\/\",\"url\":\"https:\/\/hotelsantvicenc.com\/en\/cheese-lovers\/\",\"name\":\"CHEESE LOVERS - Hotel Sant Vicen\u00e7\",\"isPartOf\":{\"@id\":\"https:\/\/hotelsantvicenc.com\/en\/#website\"},\"datePublished\":\"2024-07-03T11:15:23+00:00\",\"dateModified\":\"2025-01-26T00:16:59+00:00\",\"breadcrumb\":{\"@id\":\"https:\/\/hotelsantvicenc.com\/en\/cheese-lovers\/#breadcrumb\"},\"inLanguage\":\"en-US\",\"potentialAction\":[{\"@type\":\"ReadAction\",\"target\":[\"https:\/\/hotelsantvicenc.com\/en\/cheese-lovers\/\"]}]},{\"@type\":\"BreadcrumbList\",\"@id\":\"https:\/\/hotelsantvicenc.com\/en\/cheese-lovers\/#breadcrumb\",\"itemListElement\":[{\"@type\":\"ListItem\",\"position\":1,\"name\":\"Inici\",\"item\":\"https:\/\/hotelsantvicenc.com\/en\/\"},{\"@type\":\"ListItem\",\"position\":2,\"name\":\"CHEESE LOVERS\"}]},{\"@type\":\"WebSite\",\"@id\":\"https:\/\/hotelsantvicenc.com\/en\/#website\",\"url\":\"https:\/\/hotelsantvicenc.com\/en\/\",\"name\":\"Hotel Balneari Sant Vicen\u00e7\",\"description\":\"HOTEL-BALNEARI\",\"publisher\":{\"@id\":\"https:\/\/hotelsantvicenc.com\/en\/#organization\"},\"potentialAction\":[{\"@type\":\"SearchAction\",\"target\":{\"@type\":\"EntryPoint\",\"urlTemplate\":\"https:\/\/hotelsantvicenc.com\/en\/?s={search_term_string}\"},\"query-input\":{\"@type\":\"PropertyValueSpecification\",\"valueRequired\":true,\"valueName\":\"search_term_string\"}}],\"inLanguage\":\"en-US\"},{\"@type\":\"Organization\",\"@id\":\"https:\/\/hotelsantvicenc.com\/en\/#organization\",\"name\":\"ELS BANYS DE SANT VICEN\u00c7 SL\",\"url\":\"https:\/\/hotelsantvicenc.com\/en\/\",\"logo\":{\"@type\":\"ImageObject\",\"inLanguage\":\"en-US\",\"@id\":\"https:\/\/hotelsantvicenc.com\/en\/#\/schema\/logo\/image\/\",\"url\":\"https:\/\/hotelsantvicenc.com\/wp-content\/uploads\/2023\/07\/WhatsApp-Image-2020-07-14-at-5.04.21-PM.jpeg\",\"contentUrl\":\"https:\/\/hotelsantvicenc.com\/wp-content\/uploads\/2023\/07\/WhatsApp-Image-2020-07-14-at-5.04.21-PM.jpeg\",\"width\":472,\"height\":472,\"caption\":\"ELS BANYS DE SANT VICEN\u00c7 SL\"},\"image\":{\"@id\":\"https:\/\/hotelsantvicenc.com\/en\/#\/schema\/logo\/image\/\"},\"sameAs\":[\"https:\/\/www.instagram.com\/balnearisantvicenc\/\"]}]}<\/script>\n<!-- \/ Yoast SEO plugin. -->","yoast_head_json":{"title":"CHEESE LOVERS - Hotel Sant Vicen\u00e7","robots":{"index":"index","follow":"follow","max-snippet":"max-snippet:-1","max-image-preview":"max-image-preview:large","max-video-preview":"max-video-preview:-1"},"canonical":"https:\/\/hotelsantvicenc.com\/en\/cheese-lovers\/","og_locale":"en_US","og_type":"article","og_title":"CHEESE LOVERS - Hotel Sant Vicen\u00e7","og_description":"Degustaci\u00f3 de 7 formatges pirinencs El formatge s\u2019ha convertit en tot un s\u00edmbol de la nostra terra gr\u00e0cies als centenars d\u2019obradors de formatges artesans del territori que produeixen formatge d\u2019alta qualitat amb llet de proximitat. No te'ls podrem deixar provar tots per\u00f2 hem preparat una petita selecci\u00f3 que t'encantar\u00e0. T'animes a tastar-la? Quan? Els dies [&hellip;]","og_url":"https:\/\/hotelsantvicenc.com\/en\/cheese-lovers\/","og_site_name":"Hotel Sant Vicen\u00e7","article_modified_time":"2025-01-26T00:16:59+00:00","twitter_card":"summary_large_image","twitter_misc":{"Est. reading time":"3 minutes"},"schema":{"@context":"https:\/\/schema.org","@graph":[{"@type":"WebPage","@id":"https:\/\/hotelsantvicenc.com\/en\/cheese-lovers\/","url":"https:\/\/hotelsantvicenc.com\/en\/cheese-lovers\/","name":"CHEESE LOVERS - Hotel Sant Vicen\u00e7","isPartOf":{"@id":"https:\/\/hotelsantvicenc.com\/en\/#website"},"datePublished":"2024-07-03T11:15:23+00:00","dateModified":"2025-01-26T00:16:59+00:00","breadcrumb":{"@id":"https:\/\/hotelsantvicenc.com\/en\/cheese-lovers\/#breadcrumb"},"inLanguage":"en-US","potentialAction":[{"@type":"ReadAction","target":["https:\/\/hotelsantvicenc.com\/en\/cheese-lovers\/"]}]},{"@type":"BreadcrumbList","@id":"https:\/\/hotelsantvicenc.com\/en\/cheese-lovers\/#breadcrumb","itemListElement":[{"@type":"ListItem","position":1,"name":"Inici","item":"https:\/\/hotelsantvicenc.com\/en\/"},{"@type":"ListItem","position":2,"name":"CHEESE LOVERS"}]},{"@type":"WebSite","@id":"https:\/\/hotelsantvicenc.com\/en\/#website","url":"https:\/\/hotelsantvicenc.com\/en\/","name":"Hotel Balneari Sant Vicen\u00e7","description":"HOTEL-BALNEARI","publisher":{"@id":"https:\/\/hotelsantvicenc.com\/en\/#organization"},"potentialAction":[{"@type":"SearchAction","target":{"@type":"EntryPoint","urlTemplate":"https:\/\/hotelsantvicenc.com\/en\/?s={search_term_string}"},"query-input":{"@type":"PropertyValueSpecification","valueRequired":true,"valueName":"search_term_string"}}],"inLanguage":"en-US"},{"@type":"Organization","@id":"https:\/\/hotelsantvicenc.com\/en\/#organization","name":"ELS BANYS DE SANT VICEN\u00c7 SL","url":"https:\/\/hotelsantvicenc.com\/en\/","logo":{"@type":"ImageObject","inLanguage":"en-US","@id":"https:\/\/hotelsantvicenc.com\/en\/#\/schema\/logo\/image\/","url":"https:\/\/hotelsantvicenc.com\/wp-content\/uploads\/2023\/07\/WhatsApp-Image-2020-07-14-at-5.04.21-PM.jpeg","contentUrl":"https:\/\/hotelsantvicenc.com\/wp-content\/uploads\/2023\/07\/WhatsApp-Image-2020-07-14-at-5.04.21-PM.jpeg","width":472,"height":472,"caption":"ELS BANYS DE SANT VICEN\u00c7 SL"},"image":{"@id":"https:\/\/hotelsantvicenc.com\/en\/#\/schema\/logo\/image\/"},"sameAs":["https:\/\/www.instagram.com\/balnearisantvicenc\/"]}]}},"_links":{"self":[{"href":"https:\/\/hotelsantvicenc.com\/en\/wp-json\/wp\/v2\/pages\/13598","targetHints":{"allow":["GET"]}}],"collection":[{"href":"https:\/\/hotelsantvicenc.com\/en\/wp-json\/wp\/v2\/pages"}],"about":[{"href":"https:\/\/hotelsantvicenc.com\/en\/wp-json\/wp\/v2\/types\/page"}],"author":[{"embeddable":true,"href":"https:\/\/hotelsantvicenc.com\/en\/wp-json\/wp\/v2\/users\/1"}],"replies":[{"embeddable":true,"href":"https:\/\/hotelsantvicenc.com\/en\/wp-json\/wp\/v2\/comments?post=13598"}],"version-history":[{"count":4,"href":"https:\/\/hotelsantvicenc.com\/en\/wp-json\/wp\/v2\/pages\/13598\/revisions"}],"predecessor-version":[{"id":14953,"href":"https:\/\/hotelsantvicenc.com\/en\/wp-json\/wp\/v2\/pages\/13598\/revisions\/14953"}],"wp:attachment":[{"href":"https:\/\/hotelsantvicenc.com\/en\/wp-json\/wp\/v2\/media?parent=13598"}],"curies":[{"name":"wp","href":"https:\/\/api.w.org\/{rel}","templated":true}]}}