{"id":13759,"date":"2024-07-13T16:31:51","date_gmt":"2024-07-13T14:31:51","guid":{"rendered":"https:\/\/hotelsantvicenc.com\/terrassa-bar-i-sales\/"},"modified":"2025-02-01T11:50:47","modified_gmt":"2025-02-01T09:50:47","slug":"terrace-bar-and-lounge","status":"publish","type":"page","link":"https:\/\/hotelsantvicenc.com\/en\/terrace-bar-and-lounge\/","title":{"rendered":"TERRACE, BAR &#038; STAYING ROOMS"},"content":{"rendered":"<p>[et_pb_section fb_built=&#8221;1&#8243; _builder_version=&#8221;4.16&#8243; custom_margin_tablet=&#8221;&#8221; custom_margin_phone=&#8221;-50px|||&#8221; custom_margin_last_edited=&#8221;on|phone&#8221; custom_padding=&#8221;16px||5px|||&#8221; global_colors_info=&#8221;{}&#8221;][et_pb_row _builder_version=&#8221;4.27.4&#8243; custom_margin=&#8221;|auto|0px|auto|false|false&#8221; custom_padding=&#8221;6px||0px|||&#8221; border_width_bottom=&#8221;1px&#8221; border_color_bottom=&#8221;#b7b7b7&#8243; global_colors_info=&#8221;{}&#8221;][et_pb_column type=&#8221;4_4&#8243; _builder_version=&#8221;4.16&#8243; custom_padding=&#8221;|||&#8221; global_colors_info=&#8221;{}&#8221; custom_padding__hover=&#8221;|||&#8221;][et_pb_post_title meta=&#8221;off&#8221; featured_image=&#8221;off&#8221; _builder_version=&#8221;4.27.4&#8243; title_font=&#8221;Montserrat|300|||||||&#8221; title_text_color=&#8221;#59adbb&#8221; title_font_size=&#8221;48px&#8221; title_font_size_tablet=&#8221;&#8221; title_font_size_phone=&#8221;36px&#8221; title_font_size_last_edited=&#8221;on|desktop&#8221; global_colors_info=&#8221;{}&#8221;][\/et_pb_post_title][\/et_pb_column][\/et_pb_row][et_pb_row column_structure=&#8221;1_2,1_2&#8243; _builder_version=&#8221;4.27.4&#8243; custom_margin=&#8221;|auto|0px|auto|false|false&#8221; custom_padding=&#8221;||3px|||&#8221; global_colors_info=&#8221;{}&#8221;][et_pb_column type=&#8221;1_2&#8243; _builder_version=&#8221;4.16&#8243; custom_padding=&#8221;|||&#8221; global_colors_info=&#8221;{}&#8221; custom_padding__hover=&#8221;|||&#8221;][et_pb_text _builder_version=&#8221;4.16&#8243; text_font=&#8221;Satisfy||||||||&#8221; text_text_color=&#8221;#948878&#8243; text_font_size=&#8221;28px&#8221; text_orientation=&#8221;center&#8221; custom_padding=&#8221;15px||15px&#8221; border_width_top=&#8221;1px&#8221; border_color_top=&#8221;#00bfce&#8221; border_width_bottom=&#8221;1px&#8221; border_color_bottom=&#8221;#00bfce&#8221; text_text_align=&#8221;center&#8221; global_colors_info=&#8221;{}&#8221;]<\/p>\n<p style=\"text-align: left;\">Petits grans moments de copes, vistes i m\u00fasica.<\/p>\n<p>[\/et_pb_text][et_pb_text _builder_version=&#8221;4.16&#8243; global_colors_info=&#8221;{}&#8221;]<\/p>\n<p style=\"text-align: justify;\">No calen gaires excuses, tant si esteu allotjats o no, qualsevol moment \u00e9s bo per gaudir d&#8217;una beguda al bar, terrassa o sales de l&#8217;hotel.<\/p>\n<p style=\"text-align: justify;\">Deixeu-vos seduir per l&#8217;atmosfera dels nostres espais, llibres i m\u00fasica. Us servirem la vostra beguda preferida on vulgueu.<\/p>\n<p style=\"text-align: justify;\"><em><span style=\"color: #59adbb;\"><strong>Horari<\/strong>\u00a0:\u00a0<\/span><\/em><em><span style=\"color: #59adbb;\">De 09:00 h a 23:00h begudes. De 20:00 h a 21:00 h plats de terrassa.<\/span><\/em><\/p>\n<p style=\"text-align: justify;\"><em><span style=\"color: #59adbb;\">Obert de dijous a dilluns a les 16,30h. Tancat dilluns per la nit, dimarts i dimecres.<\/span><\/em><\/p>\n<p style=\"text-align: justify;\"><em><span style=\"color: #59adbb;\">En per\u00edodes vacacionals estem oberts cada dia.<\/span><\/em><\/p>\n<p style=\"text-align: justify;\"><em><span style=\"color: #59adbb;\">Per m\u00e9s detall, consulteu el nostre calendari d&#8217;obertures.<\/span><\/em><\/p>\n<p>&nbsp;<\/p>\n<p>[\/et_pb_text][\/et_pb_column][et_pb_column type=&#8221;1_2&#8243; _builder_version=&#8221;4.16&#8243; custom_padding=&#8221;|||&#8221; global_colors_info=&#8221;{}&#8221; custom_padding__hover=&#8221;|||&#8221;][et_pb_gallery gallery_ids=&#8221;12983,12993,13007,13010,13013&#8243; fullwidth=&#8221;on&#8221; _builder_version=&#8221;4.16&#8243; animation_style=&#8221;slide&#8221; animation_direction=&#8221;right&#8221; animation_intensity_slide=&#8221;4%&#8221; border_width_all=&#8221;1px&#8221; border_color_all=&#8221;#e0e0e0&#8243; global_colors_info=&#8221;{}&#8221;][\/et_pb_gallery][\/et_pb_column][\/et_pb_row][\/et_pb_section][et_pb_section fb_built=&#8221;1&#8243; _builder_version=&#8221;4.16&#8243; min_height=&#8221;840px&#8221; custom_padding=&#8221;16px||0px|||&#8221; global_colors_info=&#8221;{}&#8221;][et_pb_row _builder_version=&#8221;4.27.4&#8243; custom_margin=&#8221;|auto|0px|auto|false|false&#8221; global_colors_info=&#8221;{}&#8221;][et_pb_column type=&#8221;4_4&#8243; _builder_version=&#8221;4.16&#8243; custom_padding=&#8221;|||&#8221; global_colors_info=&#8221;{}&#8221; custom_padding__hover=&#8221;|||&#8221;][et_pb_text _builder_version=&#8221;4.16&#8243; text_font=&#8221;Satisfy||||||||&#8221; text_text_color=&#8221;#948878&#8243; text_font_size=&#8221;28px&#8221; text_orientation=&#8221;center&#8221; custom_padding=&#8221;15px||15px&#8221; border_width_top=&#8221;1px&#8221; border_color_top=&#8221;#00bfce&#8221; border_width_bottom=&#8221;1px&#8221; border_color_bottom=&#8221;#00bfce&#8221; text_text_align=&#8221;center&#8221; global_colors_info=&#8221;{}&#8221;]<\/p>\n<p style=\"text-align: left;\">Bar<\/p>\n<p>[\/et_pb_text][et_pb_text _builder_version=&#8221;4.16&#8243; border_color_all=&#8221;#7a5c52&#8243; global_colors_info=&#8221;{}&#8221;]<\/p>\n<p>Situat a la planta baixa, davant la recepci\u00f3 de l&#8217;hotel, el <strong>bar<\/strong> us convida a una estona de tert\u00falia o a relaxar-vos escoltant m\u00fasica. Cl\u00e0ssica als matins, jazz per la tarda i tipus brasserie durant el servei de dinars i sopars\u00a0<\/p>\n<p>[\/et_pb_text][et_pb_text _builder_version=&#8221;4.16&#8243; text_font=&#8221;Satisfy||||||||&#8221; text_text_color=&#8221;#948878&#8243; text_font_size=&#8221;28px&#8221; text_orientation=&#8221;center&#8221; custom_padding=&#8221;15px||15px&#8221; border_width_top=&#8221;1px&#8221; border_color_top=&#8221;#00bfce&#8221; border_width_bottom=&#8221;1px&#8221; border_color_bottom=&#8221;#00bfce&#8221; text_text_align=&#8221;center&#8221; global_colors_info=&#8221;{}&#8221;]<\/p>\n<p style=\"text-align: left;\">Terrassa<\/p>\n<p>[\/et_pb_text][et_pb_text _builder_version=&#8221;4.16&#8243; border_color_all=&#8221;#7a5c52&#8243; border_style_all=&#8221;none&#8221; global_colors_info=&#8221;{}&#8221;]<\/p>\n<p><strong>La terrassa del Balneari<\/strong> \u00e9s l&#8217;espai ideal per gaudir de tardes d&#8217;hivern i vespres d&#8217;estiu. Situada a la planta baixa de l&#8217;hotel, ofereix una fabulosa vista del paisatge Barid\u00e0 i el pas del riu Segre. Als vespres us oferim una selecci\u00f3 de plats de terrassa pels vostres sopars informals. Les taules de la terrassa no permeten reserva.<\/p>\n<p>[\/et_pb_text][et_pb_text _builder_version=&#8221;4.16&#8243; text_font=&#8221;Satisfy||||||||&#8221; text_text_color=&#8221;#948878&#8243; text_font_size=&#8221;28px&#8221; text_orientation=&#8221;center&#8221; custom_padding=&#8221;15px||15px&#8221; border_width_top=&#8221;1px&#8221; border_color_top=&#8221;#00bfce&#8221; border_width_bottom=&#8221;1px&#8221; border_color_bottom=&#8221;#00bfce&#8221; text_text_align=&#8221;center&#8221; global_colors_info=&#8221;{}&#8221;]<\/p>\n<p style=\"text-align: left;\">Sales de l&#8217;hotel<\/p>\n<p>[\/et_pb_text][et_pb_text _builder_version=&#8221;4.16&#8243; border_color_all=&#8221;#7a5c52&#8243; global_colors_info=&#8221;{}&#8221;]<\/p>\n<p>Volem que us sentiu com a casa vostra. Teniu a la vostra disposici\u00f3 una petita <strong>biblioteca <\/strong>amb una selecci\u00f3 de llibres per entretenir-vos<strong>, <\/strong>espai amb<strong> llar de foc <\/strong>pels<strong> <\/strong>dies m\u00e9s freds de l&#8217;hivern o <strong>sala de televisor.<\/strong><\/p>\n<p>[\/et_pb_text][et_pb_text _builder_version=&#8221;4.16&#8243; text_font=&#8221;Satisfy||||||||&#8221; text_text_color=&#8221;#948878&#8243; text_font_size=&#8221;28px&#8221; text_orientation=&#8221;center&#8221; custom_padding=&#8221;15px||15px&#8221; border_width_top=&#8221;1px&#8221; border_color_top=&#8221;#00bfce&#8221; border_width_bottom=&#8221;1px&#8221; border_color_bottom=&#8221;#00bfce&#8221; text_text_align=&#8221;center&#8221; global_colors_info=&#8221;{}&#8221;]<\/p>\n<p style=\"text-align: left;\">Carta<\/p>\n<p>[\/et_pb_text][et_pb_text _builder_version=&#8221;4.27.4&#8243; hover_enabled=&#8221;0&#8243; border_color_all=&#8221;#7a5c52&#8243; global_colors_info=&#8221;{}&#8221; custom_padding=&#8221;||65px||false|false&#8221; sticky_enabled=&#8221;0&#8243;]<\/p>\n<p>Disposem d&#8217;una <strong>carta de begudes<\/strong> fredes i calentes, selecci\u00f3 d&#8217; infusions i tes, licors, combinats, c\u00f3ctels i sucs. Els vespres tamb\u00e9 us oferim <strong>plats informals<\/strong>\u00a0a la terrassa per si voleu un sopar m\u00e9s senzill.\u00a0<\/p>\n<p>[\/et_pb_text][\/et_pb_column][\/et_pb_row][\/et_pb_section]<\/p>\n","protected":false},"excerpt":{"rendered":"<p>Petits grans moments de copes, vistes i m\u00fasica. No calen gaires excuses, tant si esteu allotjats o no, qualsevol moment \u00e9s bo per gaudir d&#8217;una beguda al bar, terrassa o sales de l&#8217;hotel. Deixeu-vos seduir per l&#8217;atmosfera dels nostres espais, llibres i m\u00fasica. Us servirem la vostra beguda preferida on vulgueu. Horari\u00a0:\u00a0De 09:00 h a [&hellip;]<\/p>\n","protected":false},"author":1,"featured_media":0,"parent":0,"menu_order":0,"comment_status":"closed","ping_status":"closed","template":"","meta":{"_et_pb_use_builder":"on","_et_pb_old_content":"","_et_gb_content_width":"","_mc_calendar":[],"_joinchat":[],"footnotes":""},"class_list":["post-13759","page","type-page","status-publish","hentry"],"yoast_head":"<!-- This site is optimized with the Yoast SEO plugin v25.3 - https:\/\/yoast.com\/wordpress\/plugins\/seo\/ -->\n<title>TERRACE, BAR &amp; STAYING ROOMS - Hotel Sant Vicen\u00e7<\/title>\n<meta name=\"robots\" content=\"index, follow, max-snippet:-1, max-image-preview:large, max-video-preview:-1\" \/>\n<link rel=\"canonical\" href=\"https:\/\/hotelsantvicenc.com\/en\/terrace-bar-and-lounge\/\" \/>\n<meta property=\"og:locale\" content=\"en_US\" \/>\n<meta property=\"og:type\" content=\"article\" \/>\n<meta property=\"og:title\" content=\"TERRACE, BAR &amp; STAYING ROOMS - Hotel Sant Vicen\u00e7\" \/>\n<meta property=\"og:description\" content=\"Petits grans moments de copes, vistes i m\u00fasica. No calen gaires excuses, tant si esteu allotjats o no, qualsevol moment \u00e9s bo per gaudir d&#039;una beguda al bar, terrassa o sales de l&#039;hotel. Deixeu-vos seduir per l&#039;atmosfera dels nostres espais, llibres i m\u00fasica. Us servirem la vostra beguda preferida on vulgueu. Horari\u00a0:\u00a0De 09:00 h a [&hellip;]\" \/>\n<meta property=\"og:url\" content=\"https:\/\/hotelsantvicenc.com\/en\/terrace-bar-and-lounge\/\" \/>\n<meta property=\"og:site_name\" content=\"Hotel Sant Vicen\u00e7\" \/>\n<meta property=\"article:modified_time\" content=\"2025-02-01T09:50:47+00:00\" \/>\n<meta name=\"twitter:card\" content=\"summary_large_image\" \/>\n<meta name=\"twitter:label1\" content=\"Est. reading time\" \/>\n\t<meta name=\"twitter:data1\" content=\"3 minutes\" \/>\n<script type=\"application\/ld+json\" class=\"yoast-schema-graph\">{\"@context\":\"https:\/\/schema.org\",\"@graph\":[{\"@type\":\"WebPage\",\"@id\":\"https:\/\/hotelsantvicenc.com\/en\/terrace-bar-and-lounge\/\",\"url\":\"https:\/\/hotelsantvicenc.com\/en\/terrace-bar-and-lounge\/\",\"name\":\"TERRACE, BAR & STAYING ROOMS - Hotel Sant Vicen\u00e7\",\"isPartOf\":{\"@id\":\"https:\/\/hotelsantvicenc.com\/en\/#website\"},\"datePublished\":\"2024-07-13T14:31:51+00:00\",\"dateModified\":\"2025-02-01T09:50:47+00:00\",\"breadcrumb\":{\"@id\":\"https:\/\/hotelsantvicenc.com\/en\/terrace-bar-and-lounge\/#breadcrumb\"},\"inLanguage\":\"en-US\",\"potentialAction\":[{\"@type\":\"ReadAction\",\"target\":[\"https:\/\/hotelsantvicenc.com\/en\/terrace-bar-and-lounge\/\"]}]},{\"@type\":\"BreadcrumbList\",\"@id\":\"https:\/\/hotelsantvicenc.com\/en\/terrace-bar-and-lounge\/#breadcrumb\",\"itemListElement\":[{\"@type\":\"ListItem\",\"position\":1,\"name\":\"Inici\",\"item\":\"https:\/\/hotelsantvicenc.com\/en\/\"},{\"@type\":\"ListItem\",\"position\":2,\"name\":\"TERRACE, BAR &#038; STAYING ROOMS\"}]},{\"@type\":\"WebSite\",\"@id\":\"https:\/\/hotelsantvicenc.com\/en\/#website\",\"url\":\"https:\/\/hotelsantvicenc.com\/en\/\",\"name\":\"Hotel Balneari Sant Vicen\u00e7\",\"description\":\"HOTEL-BALNEARI\",\"publisher\":{\"@id\":\"https:\/\/hotelsantvicenc.com\/en\/#organization\"},\"potentialAction\":[{\"@type\":\"SearchAction\",\"target\":{\"@type\":\"EntryPoint\",\"urlTemplate\":\"https:\/\/hotelsantvicenc.com\/en\/?s={search_term_string}\"},\"query-input\":{\"@type\":\"PropertyValueSpecification\",\"valueRequired\":true,\"valueName\":\"search_term_string\"}}],\"inLanguage\":\"en-US\"},{\"@type\":\"Organization\",\"@id\":\"https:\/\/hotelsantvicenc.com\/en\/#organization\",\"name\":\"ELS BANYS DE SANT VICEN\u00c7 SL\",\"url\":\"https:\/\/hotelsantvicenc.com\/en\/\",\"logo\":{\"@type\":\"ImageObject\",\"inLanguage\":\"en-US\",\"@id\":\"https:\/\/hotelsantvicenc.com\/en\/#\/schema\/logo\/image\/\",\"url\":\"https:\/\/hotelsantvicenc.com\/wp-content\/uploads\/2023\/07\/WhatsApp-Image-2020-07-14-at-5.04.21-PM.jpeg\",\"contentUrl\":\"https:\/\/hotelsantvicenc.com\/wp-content\/uploads\/2023\/07\/WhatsApp-Image-2020-07-14-at-5.04.21-PM.jpeg\",\"width\":472,\"height\":472,\"caption\":\"ELS BANYS DE SANT VICEN\u00c7 SL\"},\"image\":{\"@id\":\"https:\/\/hotelsantvicenc.com\/en\/#\/schema\/logo\/image\/\"},\"sameAs\":[\"https:\/\/www.instagram.com\/balnearisantvicenc\/\"]}]}<\/script>\n<!-- \/ Yoast SEO plugin. -->","yoast_head_json":{"title":"TERRACE, BAR & STAYING ROOMS - Hotel Sant Vicen\u00e7","robots":{"index":"index","follow":"follow","max-snippet":"max-snippet:-1","max-image-preview":"max-image-preview:large","max-video-preview":"max-video-preview:-1"},"canonical":"https:\/\/hotelsantvicenc.com\/en\/terrace-bar-and-lounge\/","og_locale":"en_US","og_type":"article","og_title":"TERRACE, BAR & STAYING ROOMS - Hotel Sant Vicen\u00e7","og_description":"Petits grans moments de copes, vistes i m\u00fasica. No calen gaires excuses, tant si esteu allotjats o no, qualsevol moment \u00e9s bo per gaudir d'una beguda al bar, terrassa o sales de l'hotel. Deixeu-vos seduir per l'atmosfera dels nostres espais, llibres i m\u00fasica. Us servirem la vostra beguda preferida on vulgueu. Horari\u00a0:\u00a0De 09:00 h a [&hellip;]","og_url":"https:\/\/hotelsantvicenc.com\/en\/terrace-bar-and-lounge\/","og_site_name":"Hotel Sant Vicen\u00e7","article_modified_time":"2025-02-01T09:50:47+00:00","twitter_card":"summary_large_image","twitter_misc":{"Est. reading time":"3 minutes"},"schema":{"@context":"https:\/\/schema.org","@graph":[{"@type":"WebPage","@id":"https:\/\/hotelsantvicenc.com\/en\/terrace-bar-and-lounge\/","url":"https:\/\/hotelsantvicenc.com\/en\/terrace-bar-and-lounge\/","name":"TERRACE, BAR & STAYING ROOMS - Hotel Sant Vicen\u00e7","isPartOf":{"@id":"https:\/\/hotelsantvicenc.com\/en\/#website"},"datePublished":"2024-07-13T14:31:51+00:00","dateModified":"2025-02-01T09:50:47+00:00","breadcrumb":{"@id":"https:\/\/hotelsantvicenc.com\/en\/terrace-bar-and-lounge\/#breadcrumb"},"inLanguage":"en-US","potentialAction":[{"@type":"ReadAction","target":["https:\/\/hotelsantvicenc.com\/en\/terrace-bar-and-lounge\/"]}]},{"@type":"BreadcrumbList","@id":"https:\/\/hotelsantvicenc.com\/en\/terrace-bar-and-lounge\/#breadcrumb","itemListElement":[{"@type":"ListItem","position":1,"name":"Inici","item":"https:\/\/hotelsantvicenc.com\/en\/"},{"@type":"ListItem","position":2,"name":"TERRACE, BAR &#038; STAYING ROOMS"}]},{"@type":"WebSite","@id":"https:\/\/hotelsantvicenc.com\/en\/#website","url":"https:\/\/hotelsantvicenc.com\/en\/","name":"Hotel Balneari Sant Vicen\u00e7","description":"HOTEL-BALNEARI","publisher":{"@id":"https:\/\/hotelsantvicenc.com\/en\/#organization"},"potentialAction":[{"@type":"SearchAction","target":{"@type":"EntryPoint","urlTemplate":"https:\/\/hotelsantvicenc.com\/en\/?s={search_term_string}"},"query-input":{"@type":"PropertyValueSpecification","valueRequired":true,"valueName":"search_term_string"}}],"inLanguage":"en-US"},{"@type":"Organization","@id":"https:\/\/hotelsantvicenc.com\/en\/#organization","name":"ELS BANYS DE SANT VICEN\u00c7 SL","url":"https:\/\/hotelsantvicenc.com\/en\/","logo":{"@type":"ImageObject","inLanguage":"en-US","@id":"https:\/\/hotelsantvicenc.com\/en\/#\/schema\/logo\/image\/","url":"https:\/\/hotelsantvicenc.com\/wp-content\/uploads\/2023\/07\/WhatsApp-Image-2020-07-14-at-5.04.21-PM.jpeg","contentUrl":"https:\/\/hotelsantvicenc.com\/wp-content\/uploads\/2023\/07\/WhatsApp-Image-2020-07-14-at-5.04.21-PM.jpeg","width":472,"height":472,"caption":"ELS BANYS DE SANT VICEN\u00c7 SL"},"image":{"@id":"https:\/\/hotelsantvicenc.com\/en\/#\/schema\/logo\/image\/"},"sameAs":["https:\/\/www.instagram.com\/balnearisantvicenc\/"]}]}},"_links":{"self":[{"href":"https:\/\/hotelsantvicenc.com\/en\/wp-json\/wp\/v2\/pages\/13759","targetHints":{"allow":["GET"]}}],"collection":[{"href":"https:\/\/hotelsantvicenc.com\/en\/wp-json\/wp\/v2\/pages"}],"about":[{"href":"https:\/\/hotelsantvicenc.com\/en\/wp-json\/wp\/v2\/types\/page"}],"author":[{"embeddable":true,"href":"https:\/\/hotelsantvicenc.com\/en\/wp-json\/wp\/v2\/users\/1"}],"replies":[{"embeddable":true,"href":"https:\/\/hotelsantvicenc.com\/en\/wp-json\/wp\/v2\/comments?post=13759"}],"version-history":[{"count":6,"href":"https:\/\/hotelsantvicenc.com\/en\/wp-json\/wp\/v2\/pages\/13759\/revisions"}],"predecessor-version":[{"id":15721,"href":"https:\/\/hotelsantvicenc.com\/en\/wp-json\/wp\/v2\/pages\/13759\/revisions\/15721"}],"wp:attachment":[{"href":"https:\/\/hotelsantvicenc.com\/en\/wp-json\/wp\/v2\/media?parent=13759"}],"curies":[{"name":"wp","href":"https:\/\/api.w.org\/{rel}","templated":true}]}}