{"id":2620,"date":"2020-04-25T10:37:21","date_gmt":"2020-04-25T08:37:21","guid":{"rendered":"http:\/\/hotelsantvicenc.com\/?page_id=2620"},"modified":"2025-01-25T22:18:09","modified_gmt":"2025-01-25T20:18:09","slug":"about-us","status":"publish","type":"page","link":"https:\/\/hotelsantvicenc.com\/en\/about-us\/","title":{"rendered":"About us"},"content":{"rendered":"<p>[et_pb_section fb_built=&#8221;1&#8243; _builder_version=&#8221;4.16&#8243; min_height=&#8221;840px&#8221; custom_margin_tablet=&#8221;&#8221; custom_margin_phone=&#8221;-50px||&#8221; custom_margin_last_edited=&#8221;on|desktop&#8221; custom_padding=&#8221;16px|||||&#8221; global_colors_info=&#8221;{}&#8221;][et_pb_row _builder_version=&#8221;4.27.4&#8243; custom_padding=&#8221;6px||0px|||&#8221; hover_enabled=&#8221;0&#8243; border_width_bottom=&#8221;1px&#8221; border_color_bottom=&#8221;#b7b7b7&#8243; global_colors_info=&#8221;{}&#8221; custom_margin=&#8221;|auto|0px|auto|false|false&#8221; sticky_enabled=&#8221;0&#8243;][et_pb_column type=&#8221;4_4&#8243; _builder_version=&#8221;4.16&#8243; custom_padding=&#8221;|||&#8221; global_colors_info=&#8221;{}&#8221; custom_padding__hover=&#8221;|||&#8221;][et_pb_post_title meta=&#8221;off&#8221; featured_image=&#8221;off&#8221; _builder_version=&#8221;4.16&#8243; title_font=&#8221;Montserrat|300|||||||&#8221; title_text_color=&#8221;#59adbb&#8221; title_font_size=&#8221;48px&#8221; global_colors_info=&#8221;{}&#8221;][\/et_pb_post_title][\/et_pb_column][\/et_pb_row][et_pb_row _builder_version=&#8221;4.27.4&#8243; hover_enabled=&#8221;0&#8243; global_colors_info=&#8221;{}&#8221; column_structure=&#8221;1_2,1_2&#8243; custom_margin=&#8221;|auto|0px|auto|false|false&#8221; sticky_enabled=&#8221;0&#8243;][et_pb_column type=&#8221;1_2&#8243; _builder_version=&#8221;4.16&#8243; custom_padding=&#8221;|||&#8221; global_colors_info=&#8221;{}&#8221; custom_padding__hover=&#8221;|||&#8221;][et_pb_text _builder_version=&#8221;4.16&#8243; text_font=&#8221;||||||||&#8221; header_font=&#8221;||||||||&#8221; header_2_font=&#8221;Satisfy||||||||&#8221; header_2_font_size=&#8221;31px&#8221; global_colors_info=&#8221;{}&#8221;]<\/p>\n<p style=\"text-align: justify;\"><span>We are a sulphurous thermal water spa located in the Lleida Pyrenees, in a small sub-region between Alt Urgell and Cerdanya called Barid\u00e0, in the municipality of Pont de Bar, next to the river Segre. <\/span><\/p>\n<p style=\"text-align: justify;\"><span>The seventh generation of the Pal family currently runs this establishment and we make sure to offer you the best stay, always faithful to the values of the\u00a0<\/span>hospitality \u200b\u200bwe have inherited.<\/p>\n<p style=\"text-align: justify;\">\n[\/et_pb_text][et_pb_text _builder_version=&#8221;4.16&#8243; text_font=&#8221;Satisfy||||||||&#8221; text_text_color=&#8221;#948878&#8243; text_font_size=&#8221;28px&#8221; text_orientation=&#8221;center&#8221; custom_padding=&#8221;15px||15px&#8221; border_width_top=&#8221;1px&#8221; border_color_top=&#8221;#00bfce&#8221; border_width_bottom=&#8221;1px&#8221; border_color_bottom=&#8221;#00bfce&#8221; text_text_align=&#8221;center&#8221; global_colors_info=&#8221;{}&#8221;]<\/p>\n<p>A little history&#8230;<\/p>\n<p>[\/et_pb_text][et_pb_text _builder_version=&#8221;4.16&#8243; global_colors_info=&#8221;{}&#8221;]<\/p>\n<p>&nbsp;<\/p>\n<p>The Hotel Sant Vicen\u00e7 is in an area where the abundant hot mineral waters have been used by humans since antiquity. There is a reference to mineral baths in a document dated 975 AD. The Pal family, originally from Bescaran and the owners of Mas de Sant Vicen\u00e7 since the mid-16th century, set up a hostel for people doing the route from La Seu d&#8217;Urgell to Puigcerd\u00e0, the two most important towns\u00a0 in the area.<\/p>\n<p>\u00a0In 1775 Bartomeu Pal purchased the rights to the thermal waters and turned the hostel into a spa, and later erected a chapel dedicated to the Mare de D\u00e9u del Remei (Our Lady of the Good Remedies ) wich is the aspect of the Vingin Mary dedicated to healing.<\/p>\n<p>\u00a0One of his descendents, Antoni Pal i Sol\u00e9, started to build a new building with larger, more modern facilities, which was opened in 1870. It worked as a spa until the beginning of the civil war in 1936, when it was taken over and turned into a hospital.<\/p>\n<p>\u00a0At the end of the war, activity was restarted in the old building, which the current Pal family has now turned into a cosy family hotel without loosing its historical character.<\/p>\n<p>[\/et_pb_text][\/et_pb_column][et_pb_column type=&#8221;1_2&#8243; _builder_version=&#8221;4.16&#8243; custom_padding=&#8221;|||&#8221; global_colors_info=&#8221;{}&#8221; custom_padding__hover=&#8221;|||&#8221;][et_pb_gallery gallery_ids=&#8221;340,341,342,343,344&#8243; fullwidth=&#8221;on&#8221; _builder_version=&#8221;4.27.4&#8243; pagination_font=&#8221;||||||||&#8221; animation_style=&#8221;slide&#8221; animation_direction=&#8221;right&#8221; animation_intensity_slide=&#8221;4%&#8221; auto=&#8221;on&#8221; auto_speed=&#8221;4000&#8243; hover_enabled=&#8221;0&#8243; border_width_all=&#8221;1px&#8221; border_color_all=&#8221;#e0e0e0&#8243; global_colors_info=&#8221;{}&#8221; sticky_enabled=&#8221;0&#8243;][\/et_pb_gallery][\/et_pb_column][\/et_pb_row][\/et_pb_section]<\/p>\n","protected":false},"excerpt":{"rendered":"<p>We are a sulphurous thermal water spa located in the Lleida Pyrenees, in a small sub-region between Alt Urgell and Cerdanya called Barid\u00e0, in the municipality of Pont de Bar, next to the river Segre. The seventh generation of the Pal family currently runs this establishment and we make sure to offer you the best [&hellip;]<\/p>\n","protected":false},"author":1,"featured_media":0,"parent":0,"menu_order":0,"comment_status":"closed","ping_status":"closed","template":"","meta":{"_et_pb_use_builder":"on","_et_pb_old_content":"[et_pb_section fb_built=\"1\" _builder_version=\"3.23.3\" min_height=\"840px\" custom_margin_phone=\"-50px||\" custom_margin_last_edited=\"on|desktop\" custom_padding=\"16px|||||\"][et_pb_row custom_padding=\"6px||0px|||\" _builder_version=\"3.23.3\" border_width_bottom=\"1px\" border_color_bottom=\"#b7b7b7\"][et_pb_column type=\"4_4\" _builder_version=\"3.0.47\"][et_pb_post_title meta=\"off\" featured_image=\"off\" _builder_version=\"3.23.3\" title_font=\"Montserrat|300|||||||\" title_text_color=\"#59adbb\" title_font_size=\"48px\"]\r\n[\/et_pb_post_title][\/et_pb_column][\/et_pb_row][et_pb_row _builder_version=\"3.23.3\"][et_pb_column type=\"1_2\" _builder_version=\"3.0.47\"][et_pb_text _builder_version=\"3.23.3\" text_font=\"||||||||\" header_font=\"||||||||\" header_2_font=\"Satisfy||||||||\" header_2_font_size=\"31px\"]<p style=\"text-align: justify;\"><span style=\"font-size: 14px;\">Som un balneari d'aig\u00fces termals sulfurades situat al Pirineu lleidat\u00e0, en una petita subcomarca entre l'Alt Urgell i la Cerdanya anomenada Barid\u00e0, dins el terme municipal del Pont de Bar, al costat del riu Segre.<\/span><\/p>\r\n<p style=\"text-align: justify;\">La setena generaci\u00f3 de la fam\u00edlia Pal dirigim en l'actualitat aquest establiment i vetllem per oferir-vos la millor estada, sempre fidels als valors que hem heretat de l'hosteleria.<\/p>\r\n<p style=\"text-align: justify;\">\r\n[\/et_pb_text][et_pb_text _builder_version=\"3.23.3\" text_font=\"Satisfy||||||||\" text_text_align=\"center\" text_text_color=\"#948878\" text_font_size=\"28px\" border_width_top=\"1px\" border_color_top=\"#00bfce\" border_width_bottom=\"1px\" border_color_bottom=\"#00bfce\" custom_padding=\"15px||15px\"]<p>Una mica d'hist\u00f2ria<\/p>[\/et_pb_text][et_pb_text _builder_version=\"3.23.3\"]<p style=\"text-align: justify;\">L\u2019hotel Sant Vicen\u00e7 est\u00e0 situat a l\u2019indret d\u2019una abundosa deu d\u2019aig\u00fces termals usada des de temps antics, com ho prova l\u2019esment d\u2019uns banys en un document de l\u2019any 965.<\/p>\r\n<p style=\"text-align: justify;\">La fam\u00edlia Pal, ori\u00fcnda de Bescaran i propiet\u00e0ria del Mas de Sant Vicen\u00e7 des de mitjan segle XVI, hi establ\u00ed un hostal per als anants i vinents del cam\u00ed ral de La Seu d\u2019Urgell a Puigcerd\u00e0.<\/p>\r\n<p style=\"text-align: justify;\">L\u2019any 1775 Bartomeu Pal compr\u00e0 el dret sobre les aig\u00fces termals i transform\u00e0 l\u2019hostal en balneari aixecant un gran edifici que anys despr\u00e9s encara s'ampli\u00e0 m\u00e9s, al servei del qual s\u2019aixec\u00e0 una capella dedicada a la Mare de D\u00e9u del Remei.<\/p>\r\n<p style=\"text-align: justify;\">Un seu descendent, Antoni Pal i Sol\u00e9, emprengu\u00e9 la construcci\u00f3 d\u2019un nou edifici dotat d\u2019\u00e0mplies i modernes instal\u00b7lacions, inaugurat l\u2019any 1870. Funcion\u00e0 com a balneari fins al inici de la Guerra Civil de l\u2019any 1936, en qu\u00e8 fou incautat i convertit en hospital.<\/p>\r\n<p style=\"text-align: justify;\">Acabada la guerra, es reprengu\u00e9 l\u2019activitat a l\u2019edifici antic, el qual la fam\u00edlia Pal actual ha anat adaptant, sense perdre el seu car\u00e0cter, en un acollidor hotel-balneari familiar.<\/p>\r\n[\/et_pb_text][\/et_pb_column][et_pb_column type=\"1_2\" _builder_version=\"3.0.47\"][et_pb_gallery gallery_ids=\"340,341,342,343,344\" fullwidth=\"on\" hover_icon=\"%%32%%\" _builder_version=\"3.23.3\" pagination_font=\"||||||||\" border_width_all=\"1px\" border_color_all=\"#e0e0e0\" animation_style=\"slide\" animation_direction=\"right\" animation_intensity_slide=\"4%\" auto=\"on\" auto_speed=\"4000\"]\r\n[\/et_pb_gallery][\/et_pb_column][\/et_pb_row][\/et_pb_section][et_pb_section fb_built=\"1\" _builder_version=\"3.23.3\" background_color=\"#9b9b9b\" custom_padding=\"10px||16px|||\" global_module=\"192\" saved_tabs=\"all\"][et_pb_row use_custom_gutter=\"on\" gutter_width=\"1\" custom_padding=\"6px||5px|||\" _builder_version=\"3.23.3\"][et_pb_column type=\"1_4\" _builder_version=\"3.0.47\"][et_pb_image src=\"http:\/\/hotelsantvicenc.com\/wp-content\/uploads\/2019\/06\/peu-telefon.png\" align=\"center\" _builder_version=\"3.23.3\" width=\"15%\"][\/et_pb_image][et_pb_text _builder_version=\"3.23.3\" text_font=\"Montserrat|300|||||||\" text_text_align=\"center\" text_text_color=\"#ffffff\" text_font_size=\"17px\" custom_margin=\"||\" custom_padding=\"15px||\"]<p>973 384 010<br \/> 671 559 585<\/p>[\/et_pb_text][\/et_pb_column][et_pb_column type=\"1_4\" _builder_version=\"3.0.47\"][et_pb_image src=\"http:\/\/hotelsantvicenc.com\/wp-content\/uploads\/2019\/06\/peu-email.png\" align=\"center\" _builder_version=\"3.23.3\" width=\"15%\"][\/et_pb_image][et_pb_text _builder_version=\"3.23.3\" text_font=\"Montserrat|300|||||||\" text_text_align=\"center\" text_text_color=\"#ffffff\" text_font_size=\"17px\" link_font=\"||||||||\" link_text_color=\"#ffffff\" custom_margin=\"||\" custom_padding=\"15px||\"]<p><a href=\"https:\/\/linceo.svt.es:8443\/smb\/email-address\/edit\/id\/49\">reserves@hotelsantvicenc.com<\/a><\/p>[\/et_pb_text][\/et_pb_column][et_pb_column type=\"1_4\" _builder_version=\"3.0.47\"][et_pb_image src=\"http:\/\/hotelsantvicenc.com\/wp-content\/uploads\/2019\/06\/peu-onsom.png\" url=\"https:\/\/www.google.com\/maps\/place\/Hotel+Balneari+Sant+Vicen%C3%A7\/@42.3684889,1.5946055,15z\/data=!4m2!3m1!1s0x0:0xef70ee504c88bc29?sa=X&ved=2ahUKEwjX-5Sn5PDiAhVMOBoKHSJrCvYQ_BIwDnoECBAQCA\" url_new_window=\"on\" align=\"center\" _builder_version=\"3.23.3\" width=\"15%\"][\/et_pb_image][et_pb_text _builder_version=\"3.23.3\" text_font=\"Montserrat|300|||||||\" text_text_align=\"center\" text_text_color=\"#ffffff\" text_font_size=\"17px\" custom_margin=\"||\" custom_padding=\"15px||\"]<p>Troba'ns<\/p>[\/et_pb_text][\/et_pb_column][et_pb_column type=\"1_4\" _builder_version=\"3.0.47\"][et_pb_text _builder_version=\"3.23.3\" text_font=\"||||||||\" text_text_align=\"center\" width=\"100%\"]<p><a href=\"https:\/\/www.facebook.com\/santvicenc\/\" target=\"_blank\" rel=\"noopener noreferrer\"><img src=\"https:\/\/hotelsantvicenc.com\/wp-content\/uploads\/2019\/06\/peu-facebook-300x300.png\" width=\"44\" height=\"44\" alt=\"\" class=\"wp-image-134 alignnone size-medium\" \/><\/a>\u00a0 \u00a0 <a href=\"https:\/\/www.pinterest.es\/marta2826\/pins\/\" target=\"_blank\" rel=\"noopener noreferrer\"><img src=\"https:\/\/hotelsantvicenc.com\/wp-content\/uploads\/2019\/06\/peu-pinterest-300x300.png\" width=\"44\" height=\"44\" alt=\"\" class=\"wp-image-137 alignnone size-medium\" \/><\/a>\u00a0 \u00a0\u00a0<a href=\"https:\/\/www.instagram.com\/balnearisantvicenc\/\"><img src=\"https:\/\/hotelsantvicenc.com\/wp-content\/uploads\/2019\/06\/peu-instagram-300x300.png\" width=\"44\" height=\"44\" alt=\"\" class=\"wp-image-135 alignnone size-medium\" \/><\/a><\/p>[\/et_pb_text][et_pb_text _builder_version=\"3.23.3\" text_font=\"Montserrat|300|||||||\" text_text_align=\"center\" text_text_color=\"#ffffff\" text_font_size=\"17px\" custom_margin=\"||\" custom_padding=\"8px|||||\"]<p>Segueix-nos<\/p>[\/et_pb_text][\/et_pb_column][\/et_pb_row][et_pb_row custom_padding=\"5px||3px|||\" _builder_version=\"3.23.3\"][et_pb_column type=\"4_4\" _builder_version=\"3.0.47\"][et_pb_text _builder_version=\"3.23.3\" text_text_color=\"#ffffff\" link_text_color=\"#ffffff\" text_orientation=\"center\" z_index_tablet=\"500\" text_text_shadow_horizontal_length_tablet=\"0px\" text_text_shadow_vertical_length_tablet=\"0px\" text_text_shadow_blur_strength_tablet=\"1px\" link_text_shadow_horizontal_length_tablet=\"0px\" link_text_shadow_vertical_length_tablet=\"0px\" link_text_shadow_blur_strength_tablet=\"1px\" ul_text_shadow_horizontal_length_tablet=\"0px\" ul_text_shadow_vertical_length_tablet=\"0px\" ul_text_shadow_blur_strength_tablet=\"1px\" ol_text_shadow_horizontal_length_tablet=\"0px\" ol_text_shadow_vertical_length_tablet=\"0px\" ol_text_shadow_blur_strength_tablet=\"1px\" quote_text_shadow_horizontal_length_tablet=\"0px\" quote_text_shadow_vertical_length_tablet=\"0px\" quote_text_shadow_blur_strength_tablet=\"1px\" header_text_shadow_horizontal_length_tablet=\"0px\" header_text_shadow_vertical_length_tablet=\"0px\" header_text_shadow_blur_strength_tablet=\"1px\" header_2_text_shadow_horizontal_length_tablet=\"0px\" header_2_text_shadow_vertical_length_tablet=\"0px\" header_2_text_shadow_blur_strength_tablet=\"1px\" header_3_text_shadow_horizontal_length_tablet=\"0px\" header_3_text_shadow_vertical_length_tablet=\"0px\" header_3_text_shadow_blur_strength_tablet=\"1px\" header_4_text_shadow_horizontal_length_tablet=\"0px\" header_4_text_shadow_vertical_length_tablet=\"0px\" header_4_text_shadow_blur_strength_tablet=\"1px\" header_5_text_shadow_horizontal_length_tablet=\"0px\" header_5_text_shadow_vertical_length_tablet=\"0px\" header_5_text_shadow_blur_strength_tablet=\"1px\" header_6_text_shadow_horizontal_length_tablet=\"0px\" header_6_text_shadow_vertical_length_tablet=\"0px\" header_6_text_shadow_blur_strength_tablet=\"1px\" box_shadow_horizontal_tablet=\"0px\" box_shadow_vertical_tablet=\"0px\" box_shadow_blur_tablet=\"40px\" box_shadow_spread_tablet=\"0px\"]<p>HOTEL SANT VICEN\u00c7\u00a9 \/\/<a href=\"http:\/\/hotelsantvicenc.com\/politica-de-privadesa-2\/\"> POL\u00cdTICA DE PRIVACITAT<\/a> \/ <a href=\"http:\/\/hotelsantvicenc.com\/avis-legal\/\">AV\u00cdS LEGAL<\/a> \/ <a href=\"http:\/\/hotelsantvicenc.com\/politica-de-cookies\/\">POL\u00cdTICA DE COOKIES<\/a><\/p>[\/et_pb_text][\/et_pb_column][\/et_pb_row][\/et_pb_section]","_et_gb_content_width":"","_mc_calendar":[],"_joinchat":[],"footnotes":""},"class_list":["post-2620","page","type-page","status-publish","hentry"],"yoast_head":"<!-- This site is optimized with the Yoast SEO plugin v25.3 - https:\/\/yoast.com\/wordpress\/plugins\/seo\/ -->\n<title>About us - Hotel Sant Vicen\u00e7<\/title>\n<meta name=\"robots\" content=\"index, follow, max-snippet:-1, max-image-preview:large, max-video-preview:-1\" \/>\n<link rel=\"canonical\" href=\"https:\/\/hotelsantvicenc.com\/en\/about-us\/\" \/>\n<meta property=\"og:locale\" content=\"en_US\" \/>\n<meta property=\"og:type\" content=\"article\" \/>\n<meta property=\"og:title\" content=\"About us - Hotel Sant Vicen\u00e7\" \/>\n<meta property=\"og:description\" content=\"We are a sulphurous thermal water spa located in the Lleida Pyrenees, in a small sub-region between Alt Urgell and Cerdanya called Barid\u00e0, in the municipality of Pont de Bar, next to the river Segre. The seventh generation of the Pal family currently runs this establishment and we make sure to offer you the best [&hellip;]\" \/>\n<meta property=\"og:url\" content=\"https:\/\/hotelsantvicenc.com\/en\/about-us\/\" \/>\n<meta property=\"og:site_name\" content=\"Hotel Sant Vicen\u00e7\" \/>\n<meta property=\"article:modified_time\" content=\"2025-01-25T20:18:09+00:00\" \/>\n<meta name=\"twitter:card\" content=\"summary_large_image\" \/>\n<meta name=\"twitter:label1\" content=\"Est. reading time\" \/>\n\t<meta name=\"twitter:data1\" content=\"3 minutes\" \/>\n<script type=\"application\/ld+json\" class=\"yoast-schema-graph\">{\"@context\":\"https:\/\/schema.org\",\"@graph\":[{\"@type\":\"WebPage\",\"@id\":\"https:\/\/hotelsantvicenc.com\/en\/about-us\/\",\"url\":\"https:\/\/hotelsantvicenc.com\/en\/about-us\/\",\"name\":\"About us - Hotel Sant Vicen\u00e7\",\"isPartOf\":{\"@id\":\"https:\/\/hotelsantvicenc.com\/en\/#website\"},\"datePublished\":\"2020-04-25T08:37:21+00:00\",\"dateModified\":\"2025-01-25T20:18:09+00:00\",\"breadcrumb\":{\"@id\":\"https:\/\/hotelsantvicenc.com\/en\/about-us\/#breadcrumb\"},\"inLanguage\":\"en-US\",\"potentialAction\":[{\"@type\":\"ReadAction\",\"target\":[\"https:\/\/hotelsantvicenc.com\/en\/about-us\/\"]}]},{\"@type\":\"BreadcrumbList\",\"@id\":\"https:\/\/hotelsantvicenc.com\/en\/about-us\/#breadcrumb\",\"itemListElement\":[{\"@type\":\"ListItem\",\"position\":1,\"name\":\"Inici\",\"item\":\"https:\/\/hotelsantvicenc.com\/en\/\"},{\"@type\":\"ListItem\",\"position\":2,\"name\":\"About us\"}]},{\"@type\":\"WebSite\",\"@id\":\"https:\/\/hotelsantvicenc.com\/en\/#website\",\"url\":\"https:\/\/hotelsantvicenc.com\/en\/\",\"name\":\"Hotel Balneari Sant Vicen\u00e7\",\"description\":\"HOTEL-BALNEARI\",\"publisher\":{\"@id\":\"https:\/\/hotelsantvicenc.com\/en\/#organization\"},\"potentialAction\":[{\"@type\":\"SearchAction\",\"target\":{\"@type\":\"EntryPoint\",\"urlTemplate\":\"https:\/\/hotelsantvicenc.com\/en\/?s={search_term_string}\"},\"query-input\":{\"@type\":\"PropertyValueSpecification\",\"valueRequired\":true,\"valueName\":\"search_term_string\"}}],\"inLanguage\":\"en-US\"},{\"@type\":\"Organization\",\"@id\":\"https:\/\/hotelsantvicenc.com\/en\/#organization\",\"name\":\"ELS BANYS DE SANT VICEN\u00c7 SL\",\"url\":\"https:\/\/hotelsantvicenc.com\/en\/\",\"logo\":{\"@type\":\"ImageObject\",\"inLanguage\":\"en-US\",\"@id\":\"https:\/\/hotelsantvicenc.com\/en\/#\/schema\/logo\/image\/\",\"url\":\"https:\/\/hotelsantvicenc.com\/wp-content\/uploads\/2023\/07\/WhatsApp-Image-2020-07-14-at-5.04.21-PM.jpeg\",\"contentUrl\":\"https:\/\/hotelsantvicenc.com\/wp-content\/uploads\/2023\/07\/WhatsApp-Image-2020-07-14-at-5.04.21-PM.jpeg\",\"width\":472,\"height\":472,\"caption\":\"ELS BANYS DE SANT VICEN\u00c7 SL\"},\"image\":{\"@id\":\"https:\/\/hotelsantvicenc.com\/en\/#\/schema\/logo\/image\/\"},\"sameAs\":[\"https:\/\/www.instagram.com\/balnearisantvicenc\/\"]}]}<\/script>\n<!-- \/ Yoast SEO plugin. -->","yoast_head_json":{"title":"About us - Hotel Sant Vicen\u00e7","robots":{"index":"index","follow":"follow","max-snippet":"max-snippet:-1","max-image-preview":"max-image-preview:large","max-video-preview":"max-video-preview:-1"},"canonical":"https:\/\/hotelsantvicenc.com\/en\/about-us\/","og_locale":"en_US","og_type":"article","og_title":"About us - Hotel Sant Vicen\u00e7","og_description":"We are a sulphurous thermal water spa located in the Lleida Pyrenees, in a small sub-region between Alt Urgell and Cerdanya called Barid\u00e0, in the municipality of Pont de Bar, next to the river Segre. The seventh generation of the Pal family currently runs this establishment and we make sure to offer you the best [&hellip;]","og_url":"https:\/\/hotelsantvicenc.com\/en\/about-us\/","og_site_name":"Hotel Sant Vicen\u00e7","article_modified_time":"2025-01-25T20:18:09+00:00","twitter_card":"summary_large_image","twitter_misc":{"Est. reading time":"3 minutes"},"schema":{"@context":"https:\/\/schema.org","@graph":[{"@type":"WebPage","@id":"https:\/\/hotelsantvicenc.com\/en\/about-us\/","url":"https:\/\/hotelsantvicenc.com\/en\/about-us\/","name":"About us - Hotel Sant Vicen\u00e7","isPartOf":{"@id":"https:\/\/hotelsantvicenc.com\/en\/#website"},"datePublished":"2020-04-25T08:37:21+00:00","dateModified":"2025-01-25T20:18:09+00:00","breadcrumb":{"@id":"https:\/\/hotelsantvicenc.com\/en\/about-us\/#breadcrumb"},"inLanguage":"en-US","potentialAction":[{"@type":"ReadAction","target":["https:\/\/hotelsantvicenc.com\/en\/about-us\/"]}]},{"@type":"BreadcrumbList","@id":"https:\/\/hotelsantvicenc.com\/en\/about-us\/#breadcrumb","itemListElement":[{"@type":"ListItem","position":1,"name":"Inici","item":"https:\/\/hotelsantvicenc.com\/en\/"},{"@type":"ListItem","position":2,"name":"About us"}]},{"@type":"WebSite","@id":"https:\/\/hotelsantvicenc.com\/en\/#website","url":"https:\/\/hotelsantvicenc.com\/en\/","name":"Hotel Balneari Sant Vicen\u00e7","description":"HOTEL-BALNEARI","publisher":{"@id":"https:\/\/hotelsantvicenc.com\/en\/#organization"},"potentialAction":[{"@type":"SearchAction","target":{"@type":"EntryPoint","urlTemplate":"https:\/\/hotelsantvicenc.com\/en\/?s={search_term_string}"},"query-input":{"@type":"PropertyValueSpecification","valueRequired":true,"valueName":"search_term_string"}}],"inLanguage":"en-US"},{"@type":"Organization","@id":"https:\/\/hotelsantvicenc.com\/en\/#organization","name":"ELS BANYS DE SANT VICEN\u00c7 SL","url":"https:\/\/hotelsantvicenc.com\/en\/","logo":{"@type":"ImageObject","inLanguage":"en-US","@id":"https:\/\/hotelsantvicenc.com\/en\/#\/schema\/logo\/image\/","url":"https:\/\/hotelsantvicenc.com\/wp-content\/uploads\/2023\/07\/WhatsApp-Image-2020-07-14-at-5.04.21-PM.jpeg","contentUrl":"https:\/\/hotelsantvicenc.com\/wp-content\/uploads\/2023\/07\/WhatsApp-Image-2020-07-14-at-5.04.21-PM.jpeg","width":472,"height":472,"caption":"ELS BANYS DE SANT VICEN\u00c7 SL"},"image":{"@id":"https:\/\/hotelsantvicenc.com\/en\/#\/schema\/logo\/image\/"},"sameAs":["https:\/\/www.instagram.com\/balnearisantvicenc\/"]}]}},"_links":{"self":[{"href":"https:\/\/hotelsantvicenc.com\/en\/wp-json\/wp\/v2\/pages\/2620","targetHints":{"allow":["GET"]}}],"collection":[{"href":"https:\/\/hotelsantvicenc.com\/en\/wp-json\/wp\/v2\/pages"}],"about":[{"href":"https:\/\/hotelsantvicenc.com\/en\/wp-json\/wp\/v2\/types\/page"}],"author":[{"embeddable":true,"href":"https:\/\/hotelsantvicenc.com\/en\/wp-json\/wp\/v2\/users\/1"}],"replies":[{"embeddable":true,"href":"https:\/\/hotelsantvicenc.com\/en\/wp-json\/wp\/v2\/comments?post=2620"}],"version-history":[{"count":12,"href":"https:\/\/hotelsantvicenc.com\/en\/wp-json\/wp\/v2\/pages\/2620\/revisions"}],"predecessor-version":[{"id":14869,"href":"https:\/\/hotelsantvicenc.com\/en\/wp-json\/wp\/v2\/pages\/2620\/revisions\/14869"}],"wp:attachment":[{"href":"https:\/\/hotelsantvicenc.com\/en\/wp-json\/wp\/v2\/media?parent=2620"}],"curies":[{"name":"wp","href":"https:\/\/api.w.org\/{rel}","templated":true}]}}