{"id":2627,"date":"2020-04-25T10:39:54","date_gmt":"2020-04-25T08:39:54","guid":{"rendered":"http:\/\/hotelsantvicenc.com\/?page_id=2627"},"modified":"2025-02-01T11:14:14","modified_gmt":"2025-02-01T09:14:14","slug":"hotel-spaces","status":"publish","type":"page","link":"https:\/\/hotelsantvicenc.com\/en\/hotel-spaces\/","title":{"rendered":"Hotel Spaces"},"content":{"rendered":"<p>[et_pb_section fb_built=&#8221;1&#8243; custom_padding_last_edited=&#8221;off|desktop&#8221; _builder_version=&#8221;4.27.4&#8243; custom_margin=&#8221;||0px||false|false&#8221; custom_margin_tablet=&#8221;&#8221; custom_margin_phone=&#8221;-20px||&#8221; custom_margin_last_edited=&#8221;on|desktop&#8221; custom_padding=&#8221;0px||0px|||&#8221; global_colors_info=&#8221;{}&#8221;][et_pb_row _builder_version=&#8221;4.27.4&#8243; custom_margin=&#8221;|auto|0px|auto|false|false&#8221; custom_padding=&#8221;6px||0px|||&#8221; border_width_bottom=&#8221;1px&#8221; border_color_bottom=&#8221;#b7b7b7&#8243; global_colors_info=&#8221;{}&#8221;][et_pb_column type=&#8221;4_4&#8243; _builder_version=&#8221;4.16&#8243; custom_padding=&#8221;|||&#8221; global_colors_info=&#8221;{}&#8221; custom_padding__hover=&#8221;|||&#8221;][et_pb_post_title meta=&#8221;off&#8221; featured_image=&#8221;off&#8221; _builder_version=&#8221;4.16&#8243; title_font=&#8221;Montserrat|300|||||||&#8221; title_text_color=&#8221;#59adbb&#8221; title_font_size=&#8221;48px&#8221; global_colors_info=&#8221;{}&#8221;][\/et_pb_post_title][\/et_pb_column][\/et_pb_row][et_pb_row column_structure=&#8221;1_2,1_2&#8243; _builder_version=&#8221;4.27.4&#8243; custom_margin=&#8221;|auto|0px|auto|false|false&#8221; custom_padding=&#8221;62px||93px||false|false&#8221; global_colors_info=&#8221;{}&#8221;][et_pb_column type=&#8221;1_2&#8243; _builder_version=&#8221;4.16&#8243; custom_padding=&#8221;|||&#8221; global_colors_info=&#8221;{}&#8221; custom_padding__hover=&#8221;|||&#8221;][et_pb_gallery gallery_ids=&#8221;15053,15055,15057,15059,15061,15063,15065,15067&#8243; fullwidth=&#8221;on&#8221; _builder_version=&#8221;4.16&#8243; title_font=&#8221;||||||||&#8221; pagination_font=&#8221;||||||||&#8221; animation_style=&#8221;slide&#8221; animation_direction=&#8221;right&#8221; animation_intensity_slide=&#8221;4%&#8221; auto=&#8221;on&#8221; auto_speed=&#8221;4000&#8243; border_width_all=&#8221;1px&#8221; border_color_all=&#8221;#e0e0e0&#8243; global_colors_info=&#8221;{}&#8221;][\/et_pb_gallery][\/et_pb_column][et_pb_column type=&#8221;1_2&#8243; _builder_version=&#8221;4.16&#8243; custom_padding=&#8221;|||&#8221; global_colors_info=&#8221;{}&#8221; custom_padding__hover=&#8221;|||&#8221;][et_pb_text _builder_version=&#8221;4.16&#8243; text_font=&#8221;Satisfy||||||||&#8221; text_text_color=&#8221;#948878&#8243; text_font_size=&#8221;39px&#8221; text_line_height=&#8221;1.2em&#8221; custom_padding=&#8221;2px||19px|0px&#8221; border_width_bottom=&#8221;1px&#8221; border_color_bottom=&#8221;#00bfce&#8221; text_text_align=&#8221;left&#8221; global_colors_info=&#8221;{}&#8221;]<\/p>\n<p>Feel at home in any corner of the hotel<\/p>\n<p>[\/et_pb_text][et_pb_text ul_type=&#8221;square&#8221; ul_item_indent=&#8221;28px&#8221; _builder_version=&#8221;4.16&#8243; text_font=&#8221;||||||||&#8221; link_font=&#8221;||||||||&#8221; ul_font=&#8221;Montserrat|300|||||||&#8221; ul_text_align=&#8221;left&#8221; ul_text_color=&#8221;#59adbb&#8221; header_font=&#8221;||||||||&#8221; header_2_font=&#8221;Satisfy||||||||&#8221; header_2_font_size=&#8221;31px&#8221; global_colors_info=&#8221;{}&#8221;]<\/p>\n<ul>\n<li>Cafeteria specialising in healthy teas<\/li>\n<li>Terrasse with views over the River Segre<\/li>\n<li>Restaurant overlooking the river \u2022<\/li>\n<li>Sitting room, reading room, tv room and Internet room<\/li>\n<li>Garden aerea close to River Segre were you will enjoy the thermal outdoor pool from May to October\u00a0<\/li>\n<li>Free wi-fi in all areas of the hotel<\/li>\n<li>Thermal center where, helped by our therapeutic staff, you will discover the minero-medicals propierties of thermal water complemented with different traitement thechniques<\/li>\n<\/ul>\n<p>[\/et_pb_text][\/et_pb_column][\/et_pb_row][\/et_pb_section][et_pb_section fb_built=&#8221;1&#8243; _builder_version=&#8221;4.27.4&#8243; background_color=&#8221;#9b9b9b&#8221; background_enable_color=&#8221;off&#8221; min_height=&#8221;365.4px&#8221; custom_margin=&#8221;125px||||false|false&#8221; custom_padding=&#8221;10px||46px||false|false&#8221; z_index_tablet=&#8221;500&#8243; box_shadow_horizontal_tablet=&#8221;0px&#8221; box_shadow_vertical_tablet=&#8221;0px&#8221; box_shadow_blur_tablet=&#8221;40px&#8221; box_shadow_spread_tablet=&#8221;0px&#8221; global_module=&#8221;2719&#8243; saved_tabs=&#8221;all&#8221; global_colors_info=&#8221;{}&#8221;][et_pb_row custom_padding_last_edited=&#8221;on|phone&#8221; _builder_version=&#8221;4.27.4&#8243; custom_margin=&#8221;|auto|0px|auto|false|false&#8221; custom_padding=&#8221;0px|157px||166px|false|false&#8221; custom_padding_tablet=&#8221;&#8221; custom_padding_phone=&#8221;|0px||0px&#8221; global_colors_info=&#8221;{}&#8221;][et_pb_column type=&#8221;4_4&#8243; _builder_version=&#8221;4.16&#8243; global_colors_info=&#8221;{}&#8221; custom_padding__hover=&#8221;|||&#8221;][et_pb_text _builder_version=&#8221;4.27.4&#8243; text_font=&#8221;Satisfy||||||||&#8221; text_text_color=&#8221;#939393&#8243; text_font_size=&#8221;30px&#8221; text_orientation=&#8221;center&#8221; custom_margin=&#8221;||-3px|||&#8221; custom_padding=&#8221;||37px|||&#8221; text_text_align=&#8221;center&#8221; global_colors_info=&#8221;{}&#8221;]<\/p>\n<p>Do you want to receive news of our special offers?<\/p>\n<p>[\/et_pb_text][et_pb_contact_form email=&#8221;reserves@hotelsantvicenc.com&#8221; custom_message=&#8221;Contacte de www.hotelsantvicenc.com||et_pb_line_break_holder||&#8212;&#8212;&#8212;&#8212;&#8212;&#8212;&#8212;&#8212;&#8212;&#8212;&#8212;&#8212;&#8212;&#8212;&#8212;&#8212;&#8212;&#8212;&#8212;&#8212;-||et_pb_line_break_holder||||et_pb_line_break_holder||NOM: %%Name%%||et_pb_line_break_holder||ADRE\u00c7A ELECTR\u00d2NICA: %%Email%%||et_pb_line_break_holder||POL\u00cdTICA DE PRIVACITAT: %%Filed_4%%||et_pb_line_break_holder||_________________________________||et_pb_line_break_holder||||et_pb_line_break_holder||&#8221; use_redirect=&#8221;on&#8221; redirect_url=&#8221;https:\/\/hotelsantvicenc.com\/&#8221; success_message=&#8221;Thanks&#8221; submit_button_text=&#8221;I subscribe&#8221; _builder_version=&#8221;4.16&#8243; form_field_background_color=&#8221;#ffffff&#8221; form_field_text_color=&#8221;#000000&#8243; custom_button=&#8221;on&#8221; button_text_size=&#8221;16px&#8221; button_text_color=&#8221;#7f7f7f&#8221; button_bg_color=&#8221;#e5e5e5&#8243; button_border_width=&#8221;0px&#8221; z_index_tablet=&#8221;500&#8243; title_text_shadow_horizontal_length_tablet=&#8221;0px&#8221; title_text_shadow_vertical_length_tablet=&#8221;0px&#8221; title_text_shadow_blur_strength_tablet=&#8221;1px&#8221; captcha_text_shadow_horizontal_length_tablet=&#8221;0px&#8221; captcha_text_shadow_vertical_length_tablet=&#8221;0px&#8221; captcha_text_shadow_blur_strength_tablet=&#8221;1px&#8221; form_field_text_shadow_horizontal_length_tablet=&#8221;0px&#8221; form_field_text_shadow_vertical_length_tablet=&#8221;0px&#8221; form_field_text_shadow_blur_strength_tablet=&#8221;1px&#8221; border_width_bottom=&#8221;1px&#8221; border_width_bottom_tablet=&#8221;1px&#8221; border_width_bottom_phone=&#8221;1px&#8221; button_text_shadow_horizontal_length_tablet=&#8221;0px&#8221; button_text_shadow_vertical_length_tablet=&#8221;0px&#8221; button_text_shadow_blur_strength_tablet=&#8221;1px&#8221; box_shadow_horizontal_tablet=&#8221;0px&#8221; box_shadow_vertical_tablet=&#8221;0px&#8221; box_shadow_blur_tablet=&#8221;40px&#8221; box_shadow_spread_tablet=&#8221;0px&#8221; box_shadow_horizontal_button_tablet=&#8221;0px&#8221; box_shadow_vertical_button_tablet=&#8221;0px&#8221; box_shadow_blur_button_tablet=&#8221;40px&#8221; box_shadow_spread_button_tablet=&#8221;0px&#8221; text_shadow_horizontal_length_tablet=&#8221;0px&#8221; text_shadow_vertical_length_tablet=&#8221;0px&#8221; text_shadow_blur_strength_tablet=&#8221;1px&#8221; global_colors_info=&#8221;{}&#8221;][et_pb_contact_field field_id=&#8221;Name&#8221; field_title=&#8221;Name&#8221; _builder_version=&#8221;4.16&#8243; global_colors_info=&#8221;{}&#8221; button_text_size__hover_enabled=&#8221;off&#8221; button_one_text_size__hover_enabled=&#8221;off&#8221; button_two_text_size__hover_enabled=&#8221;off&#8221; button_text_color__hover_enabled=&#8221;off&#8221; button_one_text_color__hover_enabled=&#8221;off&#8221; button_two_text_color__hover_enabled=&#8221;off&#8221; button_border_width__hover_enabled=&#8221;off&#8221; button_one_border_width__hover_enabled=&#8221;off&#8221; button_two_border_width__hover_enabled=&#8221;off&#8221; button_border_color__hover_enabled=&#8221;off&#8221; button_one_border_color__hover_enabled=&#8221;off&#8221; button_two_border_color__hover_enabled=&#8221;off&#8221; button_border_radius__hover_enabled=&#8221;off&#8221; button_one_border_radius__hover_enabled=&#8221;off&#8221; button_two_border_radius__hover_enabled=&#8221;off&#8221; button_letter_spacing__hover_enabled=&#8221;off&#8221; button_one_letter_spacing__hover_enabled=&#8221;off&#8221; button_two_letter_spacing__hover_enabled=&#8221;off&#8221; button_bg_color__hover_enabled=&#8221;off&#8221; button_one_bg_color__hover_enabled=&#8221;off&#8221; button_two_bg_color__hover_enabled=&#8221;off&#8221;][\/et_pb_contact_field][et_pb_contact_field field_id=&#8221;Email&#8221; field_title=&#8221;Email&#8221; field_type=&#8221;email&#8221; _builder_version=&#8221;4.16&#8243; global_colors_info=&#8221;{}&#8221; button_text_size__hover_enabled=&#8221;off&#8221; button_one_text_size__hover_enabled=&#8221;off&#8221; button_two_text_size__hover_enabled=&#8221;off&#8221; button_text_color__hover_enabled=&#8221;off&#8221; button_one_text_color__hover_enabled=&#8221;off&#8221; button_two_text_color__hover_enabled=&#8221;off&#8221; button_border_width__hover_enabled=&#8221;off&#8221; button_one_border_width__hover_enabled=&#8221;off&#8221; button_two_border_width__hover_enabled=&#8221;off&#8221; button_border_color__hover_enabled=&#8221;off&#8221; button_one_border_color__hover_enabled=&#8221;off&#8221; button_two_border_color__hover_enabled=&#8221;off&#8221; button_border_radius__hover_enabled=&#8221;off&#8221; button_one_border_radius__hover_enabled=&#8221;off&#8221; button_two_border_radius__hover_enabled=&#8221;off&#8221; button_letter_spacing__hover_enabled=&#8221;off&#8221; button_one_letter_spacing__hover_enabled=&#8221;off&#8221; button_two_letter_spacing__hover_enabled=&#8221;off&#8221; button_bg_color__hover_enabled=&#8221;off&#8221; button_one_bg_color__hover_enabled=&#8221;off&#8221; button_two_bg_color__hover_enabled=&#8221;off&#8221;][\/et_pb_contact_field][et_pb_contact_field field_id=&#8221;Filed_4&#8243; field_title=&#8221;.&#8221; field_type=&#8221;checkbox&#8221; checkbox_options=&#8221;%91{%22value%22:%22I accept the privacy policy%22,%22checked%22:0,%22dragID%22:-1,%22link_url%22:%22https:\/\/hotelsantvicenc.com\/avis-legal\/%22,%22link_text%22:%22%22}%93&#8243; fullwidth_field=&#8221;on&#8221; _builder_version=&#8221;4.16&#8243; form_field_font=&#8221;||||||||&#8221; global_colors_info=&#8221;{}&#8221;][\/et_pb_contact_field][\/et_pb_contact_form][\/et_pb_column][\/et_pb_row][\/et_pb_section]<\/p>\n","protected":false},"excerpt":{"rendered":"<p>Feel at home in any corner of the hotel Cafeteria specialising in healthy teas Terrasse with views over the River Segre Restaurant overlooking the river \u2022 Sitting room, reading room, tv room and Internet room Garden aerea close to River Segre were you will enjoy the thermal outdoor pool from May to October\u00a0 Free wi-fi [&hellip;]<\/p>\n","protected":false},"author":1,"featured_media":0,"parent":0,"menu_order":0,"comment_status":"closed","ping_status":"closed","template":"","meta":{"_et_pb_use_builder":"on","_et_pb_old_content":"[et_pb_section fb_built=\"1\" custom_padding_last_edited=\"off|desktop\" _builder_version=\"3.23.3\" min_height=\"840px\" custom_margin_phone=\"-20px||\" custom_margin_last_edited=\"on|desktop\" custom_padding=\"0px||0px|||\"][et_pb_row custom_padding=\"6px||0px|||\" _builder_version=\"3.23.3\" border_width_bottom=\"1px\" border_color_bottom=\"#b7b7b7\"][et_pb_column type=\"4_4\" _builder_version=\"3.0.47\"][et_pb_post_title meta=\"off\" featured_image=\"off\" _builder_version=\"3.23.3\" title_font=\"Montserrat|300|||||||\" title_text_color=\"#59adbb\" title_font_size=\"48px\"]\r\n[\/et_pb_post_title][\/et_pb_column][\/et_pb_row][et_pb_row custom_padding=\"62px||6px|||\" custom_margin=\"|auto|-189px|auto||\" _builder_version=\"3.23.3\" custom_margin_phone=\"||15px\" custom_margin_last_edited=\"on|desktop\"][et_pb_column type=\"1_2\" _builder_version=\"3.0.47\"][et_pb_gallery gallery_ids=\"315,316,317,318,319,320,321,322\" fullwidth=\"on\" db_image_object_fit=\"initial\" hover_icon=\"%%32%%\" _builder_version=\"3.23.3\" border_width_all=\"1px\" border_color_all=\"#e0e0e0\" animation_style=\"slide\" animation_direction=\"right\" animation_intensity_slide=\"4%\" pagination_font=\"||||||||\" title_font=\"||||||||\" auto=\"on\" auto_speed=\"4000\"]\r\n[\/et_pb_gallery][\/et_pb_column][et_pb_column type=\"1_2\" _builder_version=\"3.0.47\"][et_pb_text _builder_version=\"3.23.3\" text_font=\"Satisfy||||||||\" text_text_align=\"left\" text_text_color=\"#948878\" text_font_size=\"39px\" text_line_height=\"1.2em\" border_width_bottom=\"1px\" border_color_bottom=\"#00bfce\" custom_padding=\"2px||19px|0px\"]<p><span>Sentiu-vos com a casa en cada espai de l'hotel-balneari<\/span><\/p>\r\n[\/et_pb_text][et_pb_text ul_type=\"square\" ul_item_indent=\"28px\" _builder_version=\"3.23.3\" text_font=\"||||||||\" link_font=\"||||||||\" ul_font=\"Montserrat|300|||||||\" ul_text_align=\"left\" ul_text_color=\"#59adbb\" header_font=\"||||||||\" header_2_font=\"Satisfy||||||||\" header_2_font_size=\"31px\"]<ul>\r\n<li>Cafeteria especialitzada en saludables infusions<\/li>\r\n<li>Terrassa amb vistes al riu Segre<\/li>\r\n<li>Restaurant de cuina elaborada de muntanya<\/li>\r\n<li>Saletes d'estar, televisi\u00f3, lectura, jocs i Internet<\/li>\r\n<li>Zona exterior prop del riu Segre amb piscina termal on us podreu banyar des de la primavera a la tardor<\/li>\r\n<li>Wi-fi en les \u00e0rees comunes de l'hotel i les habitacions<\/li>\r\n<li>Centre termal on descobrir, assessorats pel nostre equip de terapeutes, les propietats mineromedicinals de l'aigua termal complementades amb diferents t\u00e8cniques de tractament<\/li>\r\n<\/ul>\r\n[\/et_pb_text][\/et_pb_column][\/et_pb_row][\/et_pb_section][et_pb_section fb_built=\"1\" _builder_version=\"3.23.3\" background_color=\"#9b9b9b\" custom_padding=\"21px||16px|||\" global_module=\"192\"][et_pb_row use_custom_gutter=\"on\" gutter_width=\"1\" _builder_version=\"3.23.3\"][et_pb_column type=\"1_4\" _builder_version=\"3.0.47\"][et_pb_image src=\"http:\/\/hotelsantvicenc.com\/wp-content\/uploads\/2019\/06\/peu-telefon.png\" align=\"center\" _builder_version=\"3.23.3\" width=\"21%\"]<p><\/p>[\/et_pb_image][et_pb_text _builder_version=\"3.23.3\" text_font=\"Montserrat|300|||||||\" text_text_align=\"center\" text_text_color=\"#ffffff\" text_font_size=\"17px\" custom_margin=\"||\" custom_padding=\"15px||\"]<p>973 384 010<br \/> 671 559 585<\/p>[\/et_pb_text][\/et_pb_column][et_pb_column type=\"1_4\" _builder_version=\"3.0.47\"][et_pb_image src=\"http:\/\/hotelsantvicenc.com\/wp-content\/uploads\/2019\/06\/peu-email.png\" align=\"center\" _builder_version=\"3.23.3\" width=\"21%\"]<p><\/p>[\/et_pb_image][et_pb_text _builder_version=\"3.23.3\" text_font=\"Montserrat|300|||||||\" text_text_align=\"center\" text_text_color=\"#ffffff\" text_font_size=\"17px\" custom_margin=\"||\" custom_padding=\"15px||\"]<p>reserves@balnearisantvicenc.com<\/p>[\/et_pb_text][\/et_pb_column][et_pb_column type=\"1_4\" _builder_version=\"3.0.47\"][et_pb_image src=\"http:\/\/hotelsantvicenc.com\/wp-content\/uploads\/2019\/06\/peu-onsom.png\" url=\"https:\/\/www.google.com\/maps\/place\/Hotel+Balneari+Sant+Vicen%C3%A7\/@42.3684889,1.5946055,15z\/data=!4m2!3m1!1s0x0:0xef70ee504c88bc29?sa=X&ved=2ahUKEwjX-5Sn5PDiAhVMOBoKHSJrCvYQ_BIwDnoECBAQCA\" url_new_window=\"on\" align=\"center\" _builder_version=\"3.23.3\" width=\"21%\"]<p><\/p>[\/et_pb_image][et_pb_text _builder_version=\"3.23.3\" text_font=\"Montserrat|300|||||||\" text_text_align=\"center\" text_text_color=\"#ffffff\" text_font_size=\"17px\" custom_margin=\"||\" custom_padding=\"15px||\"]<p>Troba'ns<\/p>[\/et_pb_text][\/et_pb_column][et_pb_column type=\"1_4\" _builder_version=\"3.0.47\"][et_pb_text _builder_version=\"3.23.3\" text_font=\"||||||||\" text_text_align=\"center\"]<p><a href=\"https:\/\/www.facebook.com\/santvicenc\/\" target=\"_blank\" rel=\"noopener noreferrer\"><img src=\"https:\/\/hotelsantvicenc.com\/wp-content\/uploads\/2019\/06\/peu-facebook-300x300.png\" width=\"63\" height=\"66\" alt=\"\" class=\"wp-image-134 alignnone size-medium\" \/><\/a>\u00a0 \u00a0 <a href=\"https:\/\/www.pinterest.es\/marta2826\/pins\/\" target=\"_blank\" rel=\"noopener noreferrer\"><img src=\"https:\/\/hotelsantvicenc.com\/wp-content\/uploads\/2019\/06\/peu-pinterest-300x300.png\" width=\"63\" height=\"66\" alt=\"\" class=\"wp-image-137 alignnone size-medium\" \/><\/a>\u00a0 \u00a0\u00a0<a href=\"https:\/\/www.instagram.com\/balnearisantvicenc\/\"><img src=\"https:\/\/hotelsantvicenc.com\/wp-content\/uploads\/2019\/06\/peu-instagram-300x300.png\" width=\"63\" height=\"66\" alt=\"\" class=\"wp-image-135 alignnone size-medium\" \/><\/a><\/p>[\/et_pb_text][et_pb_text _builder_version=\"3.23.3\" text_font=\"Montserrat|300|||||||\" text_text_align=\"center\" text_text_color=\"#ffffff\" text_font_size=\"17px\" custom_margin=\"||\" custom_padding=\"10px||\"]<p>Segueix-nos<\/p>[\/et_pb_text][\/et_pb_column][\/et_pb_row][\/et_pb_section]","_et_gb_content_width":"","_mc_calendar":[],"_joinchat":[],"footnotes":""},"class_list":["post-2627","page","type-page","status-publish","hentry"],"yoast_head":"<!-- This site is optimized with the Yoast SEO plugin v25.3 - https:\/\/yoast.com\/wordpress\/plugins\/seo\/ -->\n<title>Hotel Spaces - Hotel Sant Vicen\u00e7<\/title>\n<meta name=\"robots\" content=\"index, follow, max-snippet:-1, max-image-preview:large, max-video-preview:-1\" \/>\n<link rel=\"canonical\" href=\"https:\/\/hotelsantvicenc.com\/en\/hotel-spaces\/\" \/>\n<meta property=\"og:locale\" content=\"en_US\" \/>\n<meta property=\"og:type\" content=\"article\" \/>\n<meta property=\"og:title\" content=\"Hotel Spaces - Hotel Sant Vicen\u00e7\" \/>\n<meta property=\"og:description\" content=\"Feel at home in any corner of the hotel Cafeteria specialising in healthy teas Terrasse with views over the River Segre Restaurant overlooking the river \u2022 Sitting room, reading room, tv room and Internet room Garden aerea close to River Segre were you will enjoy the thermal outdoor pool from May to October\u00a0 Free wi-fi [&hellip;]\" \/>\n<meta property=\"og:url\" content=\"https:\/\/hotelsantvicenc.com\/en\/hotel-spaces\/\" \/>\n<meta property=\"og:site_name\" content=\"Hotel Sant Vicen\u00e7\" \/>\n<meta property=\"article:modified_time\" content=\"2025-02-01T09:14:14+00:00\" \/>\n<meta name=\"twitter:card\" content=\"summary_large_image\" \/>\n<meta name=\"twitter:label1\" content=\"Est. reading time\" \/>\n\t<meta name=\"twitter:data1\" content=\"6 minutes\" \/>\n<script type=\"application\/ld+json\" class=\"yoast-schema-graph\">{\"@context\":\"https:\/\/schema.org\",\"@graph\":[{\"@type\":\"WebPage\",\"@id\":\"https:\/\/hotelsantvicenc.com\/en\/hotel-spaces\/\",\"url\":\"https:\/\/hotelsantvicenc.com\/en\/hotel-spaces\/\",\"name\":\"Hotel Spaces - Hotel Sant Vicen\u00e7\",\"isPartOf\":{\"@id\":\"https:\/\/hotelsantvicenc.com\/en\/#website\"},\"datePublished\":\"2020-04-25T08:39:54+00:00\",\"dateModified\":\"2025-02-01T09:14:14+00:00\",\"breadcrumb\":{\"@id\":\"https:\/\/hotelsantvicenc.com\/en\/hotel-spaces\/#breadcrumb\"},\"inLanguage\":\"en-US\",\"potentialAction\":[{\"@type\":\"ReadAction\",\"target\":[\"https:\/\/hotelsantvicenc.com\/en\/hotel-spaces\/\"]}]},{\"@type\":\"BreadcrumbList\",\"@id\":\"https:\/\/hotelsantvicenc.com\/en\/hotel-spaces\/#breadcrumb\",\"itemListElement\":[{\"@type\":\"ListItem\",\"position\":1,\"name\":\"Inici\",\"item\":\"https:\/\/hotelsantvicenc.com\/en\/\"},{\"@type\":\"ListItem\",\"position\":2,\"name\":\"Hotel Spaces\"}]},{\"@type\":\"WebSite\",\"@id\":\"https:\/\/hotelsantvicenc.com\/en\/#website\",\"url\":\"https:\/\/hotelsantvicenc.com\/en\/\",\"name\":\"Hotel Balneari Sant Vicen\u00e7\",\"description\":\"HOTEL-BALNEARI\",\"publisher\":{\"@id\":\"https:\/\/hotelsantvicenc.com\/en\/#organization\"},\"potentialAction\":[{\"@type\":\"SearchAction\",\"target\":{\"@type\":\"EntryPoint\",\"urlTemplate\":\"https:\/\/hotelsantvicenc.com\/en\/?s={search_term_string}\"},\"query-input\":{\"@type\":\"PropertyValueSpecification\",\"valueRequired\":true,\"valueName\":\"search_term_string\"}}],\"inLanguage\":\"en-US\"},{\"@type\":\"Organization\",\"@id\":\"https:\/\/hotelsantvicenc.com\/en\/#organization\",\"name\":\"ELS BANYS DE SANT VICEN\u00c7 SL\",\"url\":\"https:\/\/hotelsantvicenc.com\/en\/\",\"logo\":{\"@type\":\"ImageObject\",\"inLanguage\":\"en-US\",\"@id\":\"https:\/\/hotelsantvicenc.com\/en\/#\/schema\/logo\/image\/\",\"url\":\"https:\/\/hotelsantvicenc.com\/wp-content\/uploads\/2023\/07\/WhatsApp-Image-2020-07-14-at-5.04.21-PM.jpeg\",\"contentUrl\":\"https:\/\/hotelsantvicenc.com\/wp-content\/uploads\/2023\/07\/WhatsApp-Image-2020-07-14-at-5.04.21-PM.jpeg\",\"width\":472,\"height\":472,\"caption\":\"ELS BANYS DE SANT VICEN\u00c7 SL\"},\"image\":{\"@id\":\"https:\/\/hotelsantvicenc.com\/en\/#\/schema\/logo\/image\/\"},\"sameAs\":[\"https:\/\/www.instagram.com\/balnearisantvicenc\/\"]}]}<\/script>\n<!-- \/ Yoast SEO plugin. -->","yoast_head_json":{"title":"Hotel Spaces - Hotel Sant Vicen\u00e7","robots":{"index":"index","follow":"follow","max-snippet":"max-snippet:-1","max-image-preview":"max-image-preview:large","max-video-preview":"max-video-preview:-1"},"canonical":"https:\/\/hotelsantvicenc.com\/en\/hotel-spaces\/","og_locale":"en_US","og_type":"article","og_title":"Hotel Spaces - Hotel Sant Vicen\u00e7","og_description":"Feel at home in any corner of the hotel Cafeteria specialising in healthy teas Terrasse with views over the River Segre Restaurant overlooking the river \u2022 Sitting room, reading room, tv room and Internet room Garden aerea close to River Segre were you will enjoy the thermal outdoor pool from May to October\u00a0 Free wi-fi [&hellip;]","og_url":"https:\/\/hotelsantvicenc.com\/en\/hotel-spaces\/","og_site_name":"Hotel Sant Vicen\u00e7","article_modified_time":"2025-02-01T09:14:14+00:00","twitter_card":"summary_large_image","twitter_misc":{"Est. reading time":"6 minutes"},"schema":{"@context":"https:\/\/schema.org","@graph":[{"@type":"WebPage","@id":"https:\/\/hotelsantvicenc.com\/en\/hotel-spaces\/","url":"https:\/\/hotelsantvicenc.com\/en\/hotel-spaces\/","name":"Hotel Spaces - Hotel Sant Vicen\u00e7","isPartOf":{"@id":"https:\/\/hotelsantvicenc.com\/en\/#website"},"datePublished":"2020-04-25T08:39:54+00:00","dateModified":"2025-02-01T09:14:14+00:00","breadcrumb":{"@id":"https:\/\/hotelsantvicenc.com\/en\/hotel-spaces\/#breadcrumb"},"inLanguage":"en-US","potentialAction":[{"@type":"ReadAction","target":["https:\/\/hotelsantvicenc.com\/en\/hotel-spaces\/"]}]},{"@type":"BreadcrumbList","@id":"https:\/\/hotelsantvicenc.com\/en\/hotel-spaces\/#breadcrumb","itemListElement":[{"@type":"ListItem","position":1,"name":"Inici","item":"https:\/\/hotelsantvicenc.com\/en\/"},{"@type":"ListItem","position":2,"name":"Hotel Spaces"}]},{"@type":"WebSite","@id":"https:\/\/hotelsantvicenc.com\/en\/#website","url":"https:\/\/hotelsantvicenc.com\/en\/","name":"Hotel Balneari Sant Vicen\u00e7","description":"HOTEL-BALNEARI","publisher":{"@id":"https:\/\/hotelsantvicenc.com\/en\/#organization"},"potentialAction":[{"@type":"SearchAction","target":{"@type":"EntryPoint","urlTemplate":"https:\/\/hotelsantvicenc.com\/en\/?s={search_term_string}"},"query-input":{"@type":"PropertyValueSpecification","valueRequired":true,"valueName":"search_term_string"}}],"inLanguage":"en-US"},{"@type":"Organization","@id":"https:\/\/hotelsantvicenc.com\/en\/#organization","name":"ELS BANYS DE SANT VICEN\u00c7 SL","url":"https:\/\/hotelsantvicenc.com\/en\/","logo":{"@type":"ImageObject","inLanguage":"en-US","@id":"https:\/\/hotelsantvicenc.com\/en\/#\/schema\/logo\/image\/","url":"https:\/\/hotelsantvicenc.com\/wp-content\/uploads\/2023\/07\/WhatsApp-Image-2020-07-14-at-5.04.21-PM.jpeg","contentUrl":"https:\/\/hotelsantvicenc.com\/wp-content\/uploads\/2023\/07\/WhatsApp-Image-2020-07-14-at-5.04.21-PM.jpeg","width":472,"height":472,"caption":"ELS BANYS DE SANT VICEN\u00c7 SL"},"image":{"@id":"https:\/\/hotelsantvicenc.com\/en\/#\/schema\/logo\/image\/"},"sameAs":["https:\/\/www.instagram.com\/balnearisantvicenc\/"]}]}},"_links":{"self":[{"href":"https:\/\/hotelsantvicenc.com\/en\/wp-json\/wp\/v2\/pages\/2627","targetHints":{"allow":["GET"]}}],"collection":[{"href":"https:\/\/hotelsantvicenc.com\/en\/wp-json\/wp\/v2\/pages"}],"about":[{"href":"https:\/\/hotelsantvicenc.com\/en\/wp-json\/wp\/v2\/types\/page"}],"author":[{"embeddable":true,"href":"https:\/\/hotelsantvicenc.com\/en\/wp-json\/wp\/v2\/users\/1"}],"replies":[{"embeddable":true,"href":"https:\/\/hotelsantvicenc.com\/en\/wp-json\/wp\/v2\/comments?post=2627"}],"version-history":[{"count":11,"href":"https:\/\/hotelsantvicenc.com\/en\/wp-json\/wp\/v2\/pages\/2627\/revisions"}],"predecessor-version":[{"id":15708,"href":"https:\/\/hotelsantvicenc.com\/en\/wp-json\/wp\/v2\/pages\/2627\/revisions\/15708"}],"wp:attachment":[{"href":"https:\/\/hotelsantvicenc.com\/en\/wp-json\/wp\/v2\/media?parent=2627"}],"curies":[{"name":"wp","href":"https:\/\/api.w.org\/{rel}","templated":true}]}}