{"id":6196,"date":"2021-03-19T19:45:55","date_gmt":"2021-03-19T17:45:55","guid":{"rendered":"http:\/\/hotelsantvicenc.com\/curas-de-salud\/"},"modified":"2024-02-01T16:38:11","modified_gmt":"2024-02-01T14:38:11","slug":"https-hotelsantvicenc-com-es-curas-de-salud","status":"publish","type":"page","link":"https:\/\/hotelsantvicenc.com\/en\/https-hotelsantvicenc-com-es-curas-de-salud\/","title":{"rendered":"Reumatology &#038; Psoriasi"},"content":{"rendered":"<p>[et_pb_section fb_built=&#8221;1&#8243; _builder_version=&#8221;3.23.3&#8243; custom_margin_phone=&#8221;-50px|||&#8221; custom_margin_last_edited=&#8221;on|phone&#8221; custom_padding=&#8221;16px||0px|||&#8221;][et_pb_row custom_padding=&#8221;6px||0px|||&#8221; custom_margin=&#8221;3px|auto||auto||&#8221; _builder_version=&#8221;3.23.3&#8243; border_width_bottom=&#8221;1px&#8221; border_color_bottom=&#8221;#b7b7b7&#8243;][et_pb_column type=&#8221;4_4&#8243; _builder_version=&#8221;3.0.47&#8243;][et_pb_post_title meta=&#8221;off&#8221; featured_image=&#8221;off&#8221; _builder_version=&#8221;3.23.3&#8243; title_font=&#8221;Montserrat|300|||||||&#8221; title_text_color=&#8221;#59adbb&#8221; title_font_size=&#8221;48px&#8221;]<br \/>\n[\/et_pb_post_title][\/et_pb_column][\/et_pb_row][et_pb_row _builder_version=&#8221;3.23.3&#8243;][et_pb_column type=&#8221;1_2&#8243; _builder_version=&#8221;3.0.47&#8243;][et_pb_text _builder_version=&#8221;3.23.3&#8243; text_font=&#8221;Satisfy||||||||&#8221; text_text_align=&#8221;left&#8221; text_text_color=&#8221;#948878&#8243; text_font_size=&#8221;29px&#8221; text_line_height=&#8221;1.4em&#8221; border_color_top=&#8221;#00bfce&#8221; border_width_bottom=&#8221;1px&#8221; border_color_bottom=&#8221;#00bfce&#8221; custom_padding=&#8221;15px||15px&#8221;]<\/p>\n<p>Rheumatology and psoriasis<\/p>\n<pre class=\"tw-data-text tw-text-large XcVN5d tw-ta\" data-placeholder=\"Traducci\u00f3n\" id=\"tw-target-text\" dir=\"ltr\"><\/pre>\n<p>[\/et_pb_text][et_pb_text _builder_version=&#8221;3.23.3&#8243; text_font=&#8221;||||||||&#8221; header_font=&#8221;||||||||&#8221; header_2_font=&#8221;Montserrat|300|||||||&#8221; header_2_text_color=&#8221;#59adbb&#8221; header_3_font=&#8221;Satisfy|300|||||||&#8221; header_3_text_color=&#8221;#948878&#8243; header_3_font_size=&#8221;25px&#8221; custom_margin=&#8221;19px||13px|||&#8221; custom_padding=&#8221;0px|||||&#8221;]<\/p>\n<p>S\u00f3n dues malalties cr\u00f2niques dif\u00edcils de curar per\u00f2 f\u00e0cils d&#8217;alleugerir en un balneari d&#8217;aig\u00fces termals sulfurades.<\/p>\n<p><strong><span style=\"font-size: 14px;\">Una<\/span><span style=\"font-size: 14px;\"> novena <\/span><\/strong><span style=\"font-size: 14px;\">(nou dies seguits) de vida balne\u00e0ria, alimentaci\u00f3 antiinflamat\u00f2ria i\u00a0 banys d&#8217;aigua termal sulfurada entre altres tractaments i activitats \u00e9s la proposta que podem oferir-te perqu\u00e8 milloris la teva qualitat de vida i tornis a somriure.<\/span><\/p>\n<p>[\/et_pb_text][\/et_pb_column][et_pb_column type=&#8221;1_2&#8243; _builder_version=&#8221;3.0.47&#8243;][et_pb_gallery gallery_ids=&#8221;1146&#8243; fullwidth=&#8221;on&#8221; hover_icon=&#8221;%%32%%&#8221; _builder_version=&#8221;3.23.3&#8243; border_width_all=&#8221;1px&#8221; border_color_all=&#8221;#e0e0e0&#8243; animation_style=&#8221;slide&#8221; animation_direction=&#8221;right&#8221; animation_intensity_slide=&#8221;4%&#8221;]<br \/>\n[\/et_pb_gallery][\/et_pb_column][\/et_pb_row][\/et_pb_section][et_pb_section fb_built=&#8221;1&#8243; _builder_version=&#8221;3.23.3&#8243; custom_padding=&#8221;20px||0px|||&#8221;][et_pb_row _builder_version=&#8221;3.23.3&#8243; border_color_all=&#8221;#59adbb&#8221; border_width_top=&#8221;1px&#8221;][et_pb_column type=&#8221;1_2&#8243; _builder_version=&#8221;3.0.47&#8243;][et_pb_text _builder_version=&#8221;3.23.3&#8243; text_font=&#8221;Montserrat|300|||||||&#8221; text_text_align=&#8221;center&#8221; text_font_size=&#8221;23px&#8221; background_color=&#8221;#dbeff3&#8243; custom_margin=&#8221;||-2px&#8221; custom_padding=&#8221;10px|10px|10px|10px&#8221;]<\/p>\n<p>Cura reumatol\u00f2gica<\/p>\n<p>[\/et_pb_text][et_pb_text _builder_version=&#8221;3.23.3&#8243; text_font=&#8221;||||||||&#8221; border_width_all=&#8221;1px&#8221; border_color_all=&#8221;#ccdfe2&#8243; custom_margin=&#8221;0px||0px&#8221; custom_padding=&#8221;20px|20px|0px|20px&#8221;]<\/p>\n<ul>\n<li>8 nits allotjament en habitaci\u00f3 desitjada.<\/li>\n<li>Pensi\u00f3 Completa (alimentaci\u00f3 antiinflamat\u00f2ria a base de fruita, verdures, prote\u00efna vegetal i cereals selecionats)<\/li>\n<li>Entrada diumenge per la tarda.<\/li>\n<li>Sortida el dilluns seg\u00fcent\u00a0 al mat\u00ed despr\u00e9s tractaments.<\/li>\n<li>Inclou visita m\u00e8dica pre i post cura.<\/li>\n<\/ul>\n<p><strong>Programa<\/strong><\/p>\n<ul>\n<li>Banys d&#8217;aigua termal sulfurada\u00a0<\/li>\n<li>Rep\u00f2s del bany diari<\/li>\n<li>Cura hidrop\u00ednica (ingesta aigua termal)<\/li>\n<li>Flors de Bach<\/li>\n<li>Contrastos de fred i calor<\/li>\n<li>Sessions di\u00e0ries de ioga<\/li>\n<li>Peloide reumatol\u00f2gic dies alterns<\/li>\n<li>Reflexoter\u00e0pia dies alterns<\/li>\n<li>Aplicaci\u00f3 placton termal<\/li>\n<li>Parafangs i parafines<\/li>\n<li>Presa de sol<\/li>\n<li>Caminades i excurions<\/li>\n<li>Classe d&#8217;aquagym<\/li>\n<li>2 Tractaments m\u00e8dics<\/li>\n<\/ul>\n<p>[\/et_pb_text][et_pb_text _builder_version=&#8221;3.23.3&#8243; text_font=&#8221;||||||||&#8221; border_width_all=&#8221;1px&#8221; border_color_all=&#8221;#ccdfe2&#8243; custom_margin=&#8221;0px||0px&#8221; custom_padding=&#8221;20px|20px|20px|20px&#8221;]<\/p>\n<p><span class=\"discreet\"><span><strong><span style=\"color: #59adbb;\">Dates programades CURA REUMATOL\u00d2GICA<\/span><br \/> <\/strong><\/span><\/span><br \/> <span> <span class=\"discreet\"><strong>Juliol<\/strong> &#8211; Del dia 4 al 12.<\/span><\/span><br \/> <span class=\"discreet\"><strong> Agost<\/strong> &#8211; Del dia 1 al 9.<\/span><br \/> <span class=\"discreet\"><strong> Setembre<\/strong> &#8211; Del dia 12 al 20.<\/span><br \/> <span class=\"discreet\"><strong> Octubre<\/strong> &#8211; Del 17 al 25.<\/span><br \/> <span color=\"#59adbb\"><strong> Novembre<\/strong> &#8211; Del 7 al 15.<\/span><\/p>\n<p><span class=\"discreet\"><span><strong><\/strong><\/span><\/span><\/p>\n<p><span class=\"discreet\"><span><strong><span style=\"color: #59adbb;\">Tarifes<\/span><br \/> <\/strong><\/span><\/span><\/p>\n<p><span><span class=\"discreet\"><strong>1.197 \u20ac<\/strong>\/persona sola en hab. individual petita\/carretera<\/span><\/span><br \/> <span><span class=\"discreet\"><strong>1.277 \u20ac<\/strong>\/persona sola en hab. individual\/carretera<br \/> <strong>1.430 \u20ac<\/strong>\/persona sola en hab. doble \u00fas individual\/riu\u00a0<\/span><strong><br \/> <\/strong><span class=\"discreet\"><strong>2.052 \u20ac<\/strong>\/parella en hab. doble\/carretera<br \/> <\/span><span class=\"discreet\"><strong>2.316 \u20ac<\/strong>\/parella en hab. doble\/riu<\/span><\/span><\/p>\n<p><span color=\"#808080\">Taxa tur\u00edstica no inclosa<\/span><\/p>\n<p>[\/et_pb_text][\/et_pb_column][et_pb_column type=&#8221;1_2&#8243; _builder_version=&#8221;3.0.47&#8243;][et_pb_text _builder_version=&#8221;3.23.3&#8243; text_font=&#8221;Montserrat|300|||||||&#8221; text_text_align=&#8221;center&#8221; text_font_size=&#8221;23px&#8221; background_color=&#8221;#dbeff3&#8243; custom_margin=&#8221;||-2px&#8221; custom_padding=&#8221;10px|10px|10px|10px&#8221;]<\/p>\n<p>Cura psoriasi<\/p>\n<p>[\/et_pb_text][et_pb_text _builder_version=&#8221;3.23.3&#8243; text_font=&#8221;||||||||&#8221; border_width_all=&#8221;1px&#8221; border_color_all=&#8221;#ccdfe2&#8243; custom_margin=&#8221;0px||0px&#8221; custom_padding=&#8221;20px|20px|0px|20px&#8221;]<\/p>\n<ul>\n<li>8 nits d&#8217;allotjament en tipologia habitaci\u00f3 seleccionada<\/li>\n<li>Pensi\u00f3 Completa (dieta dirigida a base de fruita, sucs verds, hortalisses, prote\u00efna vegetal i cereals selecionats)<\/li>\n<li>Entrada diumenge per la tarda.<\/li>\n<li>Sortida el dilluns seg\u00fcent\u00a0 al mat\u00ed despr\u00e9s tractaments.<\/li>\n<li>Inclou visita m\u00e8dica pre i post cura.<\/li>\n<\/ul>\n<p><strong>Programa<\/strong><\/p>\n<ul>\n<li>Banys d&#8217;aigua sulfurada amb civada<\/li>\n<li>Rep\u00f2s del bany<\/li>\n<li>Cura hidrop\u00ednica (ingesta aigua termal)<\/li>\n<li>Flors de Bach<\/li>\n<li>Sauna seca i hamman<\/li>\n<li>Sessions de ioga diaries<\/li>\n<li>Peloide espec\u00edfic dies alterns<\/li>\n<li>Reflexoter\u00e0pia dies alterns<\/li>\n<li>Aplicaci\u00f3 placton termal<\/li>\n<li>Hidrataci\u00f3 a base de cal\u00e8ndula<\/li>\n<li>Presa de sol<\/li>\n<li>Caminades i excurions<\/li>\n<li>Classe d&#8217;aquagym<\/li>\n<li>2 Tractaments m\u00e8dics<\/li>\n<\/ul>\n<p>[\/et_pb_text][et_pb_text _builder_version=&#8221;3.23.3&#8243; text_font=&#8221;||||||||&#8221; border_width_all=&#8221;1px&#8221; border_color_all=&#8221;#ccdfe2&#8243; custom_margin=&#8221;0px||0px&#8221; custom_padding=&#8221;20px|20px|20px|20px&#8221;]<\/p>\n<p><span class=\"discreet\"><span><strong><span style=\"color: #59adbb;\">Dates programades CURA REUMATOL\u00d2GICA<\/span><br \/> <\/strong><\/span><\/span><br \/> <span> <span class=\"discreet\"><strong>Juliol<\/strong> &#8211; Del dia 4 al 12.<\/span><\/span><br \/> <span class=\"discreet\"><strong> Agost<\/strong> &#8211; Del dia 1 al 9.<\/span><br \/> <span class=\"discreet\"><strong> Setembre<\/strong> &#8211; Del dia 12 al 20.<\/span><br \/> <span class=\"discreet\"><strong> Octubre<\/strong> &#8211; Del 17 al 25.<\/span><br \/> <span color=\"#59adbb\"><strong> Novembre<\/strong> &#8211; Del 7 al 15.<\/span><\/p>\n<p><span class=\"discreet\"><span><strong><\/strong><\/span><\/span><\/p>\n<p><span class=\"discreet\"><span><strong><span style=\"color: #59adbb;\">Tarifes<\/span><br \/> <\/strong><\/span><\/span><\/p>\n<p><span><span class=\"discreet\"><strong>1.197 \u20ac<\/strong>\/persona sola en hab. individual petita\/carretera<\/span><\/span><br \/> <span><span class=\"discreet\"><strong>1.277 \u20ac<\/strong>\/persona sola en hab. individual\/carretera<br \/> <strong>1.430 \u20ac<\/strong>\/persona sola en hab. doble \u00fas individual\/riu\u00a0<\/span><strong><br \/> <\/strong><span class=\"discreet\"><strong>2.052 \u20ac<\/strong>\/parella en hab. doble\/carretera<br \/> <\/span><span class=\"discreet\"><strong>2.316 \u20ac<\/strong>\/parella en hab. doble\/riu<\/span><\/span><\/p>\n<p><span color=\"#808080\">Taxa tur\u00edstica no inclosa<\/span><\/p>\n<p>[\/et_pb_text][\/et_pb_column][\/et_pb_row][et_pb_row _builder_version=&#8221;3.23.3&#8243;][et_pb_column type=&#8221;4_4&#8243; _builder_version=&#8221;3.0.47&#8243;][et_pb_divider _builder_version=&#8221;3.23.3&#8243;]<br \/>\n[\/et_pb_divider][\/et_pb_column][\/et_pb_row][et_pb_row _builder_version=&#8221;3.23.3&#8243;][et_pb_column type=&#8221;4_4&#8243; _builder_version=&#8221;3.0.47&#8243;][et_pb_accordion _builder_version=&#8221;3.23.3&#8243;][et_pb_accordion_item title=&#8221;Vols venir nom\u00e9s a fer tractament sense quedar-te a dormir?&#8221; open=&#8221;on&#8221; _builder_version=&#8221;3.23.3&#8243; title_text_shadow_horizontal_length=&#8221;0em&#8221; title_text_shadow_vertical_length=&#8221;0em&#8221; title_text_shadow_blur_strength=&#8221;0em&#8221; closed_title_text_shadow_horizontal_length=&#8221;0em&#8221; closed_title_text_shadow_vertical_length=&#8221;0em&#8221; closed_title_text_shadow_blur_strength=&#8221;0em&#8221;]<\/p>\n<p>Contacta&#8217;ns, explica&#8217;ns i et farem un pressupost a mida.<\/p>\n<p>Pots venir nom\u00e9s pels matins, per la tarda o quedar-te tot el dia i dinar amb nosaltres.<\/p>\n<p>Ens adaptarem amb molt de gust a les teves necessitats.<\/p>\n<p>Tingues en compte que l&#8217;alimentaci\u00f3 \u00e9s un factor b\u00e0sic en aquest tipus de patolog\u00edes.<\/p>\n<p>Si no pots combinar-t&#8217;ho per fer els \u00e0pats amb nosaltres et donarem unes pautes perqu\u00e8 recondueixis l&#8217;alimentaci\u00f3 a casa.<\/p>\n<p>[\/et_pb_accordion_item][\/et_pb_accordion][\/et_pb_column][\/et_pb_row][\/et_pb_section][et_pb_section fb_built=&#8221;1&#8243; _builder_version=&#8221;3.23.3&#8243; background_color=&#8221;#9b9b9b&#8221; inner_width_tablet=&#8221;50px&#8221; inner_max_width_tablet=&#8221;50px&#8221; custom_padding=&#8221;10px||16px|&#8221; z_index_tablet=&#8221;500&#8243; box_shadow_horizontal_tablet=&#8221;0px&#8221; box_shadow_vertical_tablet=&#8221;0px&#8221; box_shadow_blur_tablet=&#8221;40px&#8221; box_shadow_spread_tablet=&#8221;0px&#8221;][et_pb_row custom_padding=&#8221;0px|||||&#8221; _builder_version=&#8221;3.22.3&#8243; background_size=&#8221;initial&#8221; background_position=&#8221;top_left&#8221; background_repeat=&#8221;repeat&#8221;][et_pb_column type=&#8221;4_4&#8243; _builder_version=&#8221;3.0.47&#8243;][et_pb_text _builder_version=&#8221;3.23.3&#8243; text_font=&#8221;||||||||&#8221; text_text_align=&#8221;center&#8221; text_text_color=&#8221;#ffffff&#8221; link_font=&#8221;||||||||&#8221; link_text_align=&#8221;center&#8221; link_text_color=&#8221;#ffffff&#8221; z_index_tablet=&#8221;500&#8243; text_text_shadow_horizontal_length_tablet=&#8221;0px&#8221; text_text_shadow_vertical_length_tablet=&#8221;0px&#8221; text_text_shadow_blur_strength_tablet=&#8221;1px&#8221; link_text_shadow_horizontal_length_tablet=&#8221;0px&#8221; link_text_shadow_vertical_length_tablet=&#8221;0px&#8221; link_text_shadow_blur_strength_tablet=&#8221;1px&#8221; ul_text_shadow_horizontal_length_tablet=&#8221;0px&#8221; ul_text_shadow_vertical_length_tablet=&#8221;0px&#8221; ul_text_shadow_blur_strength_tablet=&#8221;1px&#8221; ol_text_shadow_horizontal_length_tablet=&#8221;0px&#8221; ol_text_shadow_vertical_length_tablet=&#8221;0px&#8221; ol_text_shadow_blur_strength_tablet=&#8221;1px&#8221; quote_text_shadow_horizontal_length_tablet=&#8221;0px&#8221; quote_text_shadow_vertical_length_tablet=&#8221;0px&#8221; quote_text_shadow_blur_strength_tablet=&#8221;1px&#8221; header_text_shadow_horizontal_length_tablet=&#8221;0px&#8221; header_text_shadow_vertical_length_tablet=&#8221;0px&#8221; header_text_shadow_blur_strength_tablet=&#8221;1px&#8221; header_2_text_shadow_horizontal_length_tablet=&#8221;0px&#8221; header_2_text_shadow_vertical_length_tablet=&#8221;0px&#8221; header_2_text_shadow_blur_strength_tablet=&#8221;1px&#8221; header_3_text_shadow_horizontal_length_tablet=&#8221;0px&#8221; header_3_text_shadow_vertical_length_tablet=&#8221;0px&#8221; header_3_text_shadow_blur_strength_tablet=&#8221;1px&#8221; header_4_text_shadow_horizontal_length_tablet=&#8221;0px&#8221; header_4_text_shadow_vertical_length_tablet=&#8221;0px&#8221; header_4_text_shadow_blur_strength_tablet=&#8221;1px&#8221; header_5_text_shadow_horizontal_length_tablet=&#8221;0px&#8221; header_5_text_shadow_vertical_length_tablet=&#8221;0px&#8221; header_5_text_shadow_blur_strength_tablet=&#8221;1px&#8221; header_6_text_shadow_horizontal_length_tablet=&#8221;0px&#8221; header_6_text_shadow_vertical_length_tablet=&#8221;0px&#8221; header_6_text_shadow_blur_strength_tablet=&#8221;1px&#8221; box_shadow_horizontal_tablet=&#8221;0px&#8221; box_shadow_vertical_tablet=&#8221;0px&#8221; box_shadow_blur_tablet=&#8221;40px&#8221; box_shadow_spread_tablet=&#8221;0px&#8221;]<\/p>\n<p>HOTEL SANT VICEN\u00c7\u00a9 \/\/<a href=\"https:\/\/hotelsantvicenc.com\/politica-de-privadesa-2\/\"> POL\u00cdTICA DE PRIVACITAT<\/a> \/ <a href=\"https:\/\/hotelsantvicenc.com\/avis-legal\/\">AV\u00cdS LEGAL<\/a> \/ <a href=\"https:\/\/hotelsantvicenc.com\/politica-de-cookies\/\">POL\u00cdTICA DE COOKIES<\/a><\/p>\n<p>[\/et_pb_text][\/et_pb_column][\/et_pb_row][\/et_pb_section]<\/p>\n","protected":false},"excerpt":{"rendered":"<p>Rheumatology and psoriasis S\u00f3n dues malalties cr\u00f2niques dif\u00edcils de curar per\u00f2 f\u00e0cils d&#8217;alleugerir en un balneari d&#8217;aig\u00fces termals sulfurades. Una novena (nou dies seguits) de vida balne\u00e0ria, alimentaci\u00f3 antiinflamat\u00f2ria i\u00a0 banys d&#8217;aigua termal sulfurada entre altres tractaments i activitats \u00e9s la proposta que podem oferir-te perqu\u00e8 milloris la teva qualitat de vida i tornis a [&hellip;]<\/p>\n","protected":false},"author":1,"featured_media":0,"parent":0,"menu_order":0,"comment_status":"closed","ping_status":"closed","template":"","meta":{"_et_pb_use_builder":"on","_et_pb_old_content":"","_et_gb_content_width":"","_mc_calendar":[],"_joinchat":[],"footnotes":""},"class_list":["post-6196","page","type-page","status-publish","hentry"],"yoast_head":"<!-- This site is optimized with the Yoast SEO plugin v25.3 - https:\/\/yoast.com\/wordpress\/plugins\/seo\/ -->\n<title>Reumatology &amp; Psoriasi - Hotel Sant Vicen\u00e7<\/title>\n<meta name=\"robots\" content=\"index, follow, max-snippet:-1, max-image-preview:large, max-video-preview:-1\" \/>\n<link rel=\"canonical\" href=\"https:\/\/hotelsantvicenc.com\/en\/https-hotelsantvicenc-com-es-curas-de-salud\/\" \/>\n<meta property=\"og:locale\" content=\"en_US\" \/>\n<meta property=\"og:type\" content=\"article\" \/>\n<meta property=\"og:title\" content=\"Reumatology &amp; Psoriasi - Hotel Sant Vicen\u00e7\" \/>\n<meta property=\"og:description\" content=\"Rheumatology and psoriasis S\u00f3n dues malalties cr\u00f2niques dif\u00edcils de curar per\u00f2 f\u00e0cils d&#039;alleugerir en un balneari d&#039;aig\u00fces termals sulfurades. Una novena (nou dies seguits) de vida balne\u00e0ria, alimentaci\u00f3 antiinflamat\u00f2ria i\u00a0 banys d&#039;aigua termal sulfurada entre altres tractaments i activitats \u00e9s la proposta que podem oferir-te perqu\u00e8 milloris la teva qualitat de vida i tornis a [&hellip;]\" \/>\n<meta property=\"og:url\" content=\"https:\/\/hotelsantvicenc.com\/en\/https-hotelsantvicenc-com-es-curas-de-salud\/\" \/>\n<meta property=\"og:site_name\" content=\"Hotel Sant Vicen\u00e7\" \/>\n<meta property=\"article:modified_time\" content=\"2024-02-01T14:38:11+00:00\" \/>\n<meta name=\"twitter:card\" content=\"summary_large_image\" \/>\n<meta name=\"twitter:label1\" content=\"Est. reading time\" \/>\n\t<meta name=\"twitter:data1\" content=\"7 minutes\" \/>\n<script type=\"application\/ld+json\" class=\"yoast-schema-graph\">{\"@context\":\"https:\/\/schema.org\",\"@graph\":[{\"@type\":\"WebPage\",\"@id\":\"https:\/\/hotelsantvicenc.com\/en\/https-hotelsantvicenc-com-es-curas-de-salud\/\",\"url\":\"https:\/\/hotelsantvicenc.com\/en\/https-hotelsantvicenc-com-es-curas-de-salud\/\",\"name\":\"Reumatology & Psoriasi - Hotel Sant Vicen\u00e7\",\"isPartOf\":{\"@id\":\"https:\/\/hotelsantvicenc.com\/en\/#website\"},\"datePublished\":\"2021-03-19T17:45:55+00:00\",\"dateModified\":\"2024-02-01T14:38:11+00:00\",\"breadcrumb\":{\"@id\":\"https:\/\/hotelsantvicenc.com\/en\/https-hotelsantvicenc-com-es-curas-de-salud\/#breadcrumb\"},\"inLanguage\":\"en-US\",\"potentialAction\":[{\"@type\":\"ReadAction\",\"target\":[\"https:\/\/hotelsantvicenc.com\/en\/https-hotelsantvicenc-com-es-curas-de-salud\/\"]}]},{\"@type\":\"BreadcrumbList\",\"@id\":\"https:\/\/hotelsantvicenc.com\/en\/https-hotelsantvicenc-com-es-curas-de-salud\/#breadcrumb\",\"itemListElement\":[{\"@type\":\"ListItem\",\"position\":1,\"name\":\"Inici\",\"item\":\"https:\/\/hotelsantvicenc.com\/en\/\"},{\"@type\":\"ListItem\",\"position\":2,\"name\":\"Reumatology &#038; Psoriasi\"}]},{\"@type\":\"WebSite\",\"@id\":\"https:\/\/hotelsantvicenc.com\/en\/#website\",\"url\":\"https:\/\/hotelsantvicenc.com\/en\/\",\"name\":\"Hotel Balneari Sant Vicen\u00e7\",\"description\":\"HOTEL-BALNEARI\",\"publisher\":{\"@id\":\"https:\/\/hotelsantvicenc.com\/en\/#organization\"},\"potentialAction\":[{\"@type\":\"SearchAction\",\"target\":{\"@type\":\"EntryPoint\",\"urlTemplate\":\"https:\/\/hotelsantvicenc.com\/en\/?s={search_term_string}\"},\"query-input\":{\"@type\":\"PropertyValueSpecification\",\"valueRequired\":true,\"valueName\":\"search_term_string\"}}],\"inLanguage\":\"en-US\"},{\"@type\":\"Organization\",\"@id\":\"https:\/\/hotelsantvicenc.com\/en\/#organization\",\"name\":\"ELS BANYS DE SANT VICEN\u00c7 SL\",\"url\":\"https:\/\/hotelsantvicenc.com\/en\/\",\"logo\":{\"@type\":\"ImageObject\",\"inLanguage\":\"en-US\",\"@id\":\"https:\/\/hotelsantvicenc.com\/en\/#\/schema\/logo\/image\/\",\"url\":\"https:\/\/hotelsantvicenc.com\/wp-content\/uploads\/2023\/07\/WhatsApp-Image-2020-07-14-at-5.04.21-PM.jpeg\",\"contentUrl\":\"https:\/\/hotelsantvicenc.com\/wp-content\/uploads\/2023\/07\/WhatsApp-Image-2020-07-14-at-5.04.21-PM.jpeg\",\"width\":472,\"height\":472,\"caption\":\"ELS BANYS DE SANT VICEN\u00c7 SL\"},\"image\":{\"@id\":\"https:\/\/hotelsantvicenc.com\/en\/#\/schema\/logo\/image\/\"},\"sameAs\":[\"https:\/\/www.instagram.com\/balnearisantvicenc\/\"]}]}<\/script>\n<!-- \/ Yoast SEO plugin. -->","yoast_head_json":{"title":"Reumatology & Psoriasi - Hotel Sant Vicen\u00e7","robots":{"index":"index","follow":"follow","max-snippet":"max-snippet:-1","max-image-preview":"max-image-preview:large","max-video-preview":"max-video-preview:-1"},"canonical":"https:\/\/hotelsantvicenc.com\/en\/https-hotelsantvicenc-com-es-curas-de-salud\/","og_locale":"en_US","og_type":"article","og_title":"Reumatology & Psoriasi - Hotel Sant Vicen\u00e7","og_description":"Rheumatology and psoriasis S\u00f3n dues malalties cr\u00f2niques dif\u00edcils de curar per\u00f2 f\u00e0cils d'alleugerir en un balneari d'aig\u00fces termals sulfurades. Una novena (nou dies seguits) de vida balne\u00e0ria, alimentaci\u00f3 antiinflamat\u00f2ria i\u00a0 banys d'aigua termal sulfurada entre altres tractaments i activitats \u00e9s la proposta que podem oferir-te perqu\u00e8 milloris la teva qualitat de vida i tornis a [&hellip;]","og_url":"https:\/\/hotelsantvicenc.com\/en\/https-hotelsantvicenc-com-es-curas-de-salud\/","og_site_name":"Hotel Sant Vicen\u00e7","article_modified_time":"2024-02-01T14:38:11+00:00","twitter_card":"summary_large_image","twitter_misc":{"Est. reading time":"7 minutes"},"schema":{"@context":"https:\/\/schema.org","@graph":[{"@type":"WebPage","@id":"https:\/\/hotelsantvicenc.com\/en\/https-hotelsantvicenc-com-es-curas-de-salud\/","url":"https:\/\/hotelsantvicenc.com\/en\/https-hotelsantvicenc-com-es-curas-de-salud\/","name":"Reumatology & Psoriasi - Hotel Sant Vicen\u00e7","isPartOf":{"@id":"https:\/\/hotelsantvicenc.com\/en\/#website"},"datePublished":"2021-03-19T17:45:55+00:00","dateModified":"2024-02-01T14:38:11+00:00","breadcrumb":{"@id":"https:\/\/hotelsantvicenc.com\/en\/https-hotelsantvicenc-com-es-curas-de-salud\/#breadcrumb"},"inLanguage":"en-US","potentialAction":[{"@type":"ReadAction","target":["https:\/\/hotelsantvicenc.com\/en\/https-hotelsantvicenc-com-es-curas-de-salud\/"]}]},{"@type":"BreadcrumbList","@id":"https:\/\/hotelsantvicenc.com\/en\/https-hotelsantvicenc-com-es-curas-de-salud\/#breadcrumb","itemListElement":[{"@type":"ListItem","position":1,"name":"Inici","item":"https:\/\/hotelsantvicenc.com\/en\/"},{"@type":"ListItem","position":2,"name":"Reumatology &#038; Psoriasi"}]},{"@type":"WebSite","@id":"https:\/\/hotelsantvicenc.com\/en\/#website","url":"https:\/\/hotelsantvicenc.com\/en\/","name":"Hotel Balneari Sant Vicen\u00e7","description":"HOTEL-BALNEARI","publisher":{"@id":"https:\/\/hotelsantvicenc.com\/en\/#organization"},"potentialAction":[{"@type":"SearchAction","target":{"@type":"EntryPoint","urlTemplate":"https:\/\/hotelsantvicenc.com\/en\/?s={search_term_string}"},"query-input":{"@type":"PropertyValueSpecification","valueRequired":true,"valueName":"search_term_string"}}],"inLanguage":"en-US"},{"@type":"Organization","@id":"https:\/\/hotelsantvicenc.com\/en\/#organization","name":"ELS BANYS DE SANT VICEN\u00c7 SL","url":"https:\/\/hotelsantvicenc.com\/en\/","logo":{"@type":"ImageObject","inLanguage":"en-US","@id":"https:\/\/hotelsantvicenc.com\/en\/#\/schema\/logo\/image\/","url":"https:\/\/hotelsantvicenc.com\/wp-content\/uploads\/2023\/07\/WhatsApp-Image-2020-07-14-at-5.04.21-PM.jpeg","contentUrl":"https:\/\/hotelsantvicenc.com\/wp-content\/uploads\/2023\/07\/WhatsApp-Image-2020-07-14-at-5.04.21-PM.jpeg","width":472,"height":472,"caption":"ELS BANYS DE SANT VICEN\u00c7 SL"},"image":{"@id":"https:\/\/hotelsantvicenc.com\/en\/#\/schema\/logo\/image\/"},"sameAs":["https:\/\/www.instagram.com\/balnearisantvicenc\/"]}]}},"_links":{"self":[{"href":"https:\/\/hotelsantvicenc.com\/en\/wp-json\/wp\/v2\/pages\/6196","targetHints":{"allow":["GET"]}}],"collection":[{"href":"https:\/\/hotelsantvicenc.com\/en\/wp-json\/wp\/v2\/pages"}],"about":[{"href":"https:\/\/hotelsantvicenc.com\/en\/wp-json\/wp\/v2\/types\/page"}],"author":[{"embeddable":true,"href":"https:\/\/hotelsantvicenc.com\/en\/wp-json\/wp\/v2\/users\/1"}],"replies":[{"embeddable":true,"href":"https:\/\/hotelsantvicenc.com\/en\/wp-json\/wp\/v2\/comments?post=6196"}],"version-history":[{"count":9,"href":"https:\/\/hotelsantvicenc.com\/en\/wp-json\/wp\/v2\/pages\/6196\/revisions"}],"predecessor-version":[{"id":12814,"href":"https:\/\/hotelsantvicenc.com\/en\/wp-json\/wp\/v2\/pages\/6196\/revisions\/12814"}],"wp:attachment":[{"href":"https:\/\/hotelsantvicenc.com\/en\/wp-json\/wp\/v2\/media?parent=6196"}],"curies":[{"name":"wp","href":"https:\/\/api.w.org\/{rel}","templated":true}]}}