{"id":10564,"date":"2023-01-17T19:42:21","date_gmt":"2023-01-17T17:42:21","guid":{"rendered":"https:\/\/hotelsantvicenc.com\/calendari-2023\/"},"modified":"2024-02-21T10:53:51","modified_gmt":"2024-02-21T08:53:51","slug":"calendari-2023","status":"publish","type":"page","link":"https:\/\/hotelsantvicenc.com\/es\/calendari-2023\/","title":{"rendered":"Calendari 2023"},"content":{"rendered":"<p>[et_pb_section fb_built=\u00bb1&#8243; admin_label=\u00bbsection\u00bb _builder_version=\u00bb3.22.3&#8243;][et_pb_row custom_padding=\u00bb|||14px||\u00bb admin_label=\u00bbrow\u00bb _builder_version=\u00bb4.14.7&#8243; background_size=\u00bbinitial\u00bb background_position=\u00bbtop_left\u00bb background_repeat=\u00bbrepeat\u00bb][et_pb_column type=\u00bb4_4&#8243; _builder_version=\u00bb3.25&#8243; custom_padding__hover=\u00bb|||\u00bb][et_pb_image src=\u00bbhttps:\/\/hotelsantvicenc.com\/wp-content\/uploads\/2023\/03\/CALENDARI-23.jpg\u00bb title_text=\u00bbCALENDARI 23&#8243; _builder_version=\u00bb4.14.7&#8243;][\/et_pb_image][\/et_pb_column][\/et_pb_row][\/et_pb_section]<\/p>\n","protected":false},"excerpt":{"rendered":"","protected":false},"author":1,"featured_media":0,"parent":0,"menu_order":0,"comment_status":"closed","ping_status":"closed","template":"","meta":{"_et_pb_use_builder":"on","_et_pb_old_content":"Som un hotel balneari petit, allunyat dels nuclis urbans, amb una plantilla estable per\u00f2 una demanda concentrada el cap de setmana i per\u00edodes de temporada alta.\r\n\r\nEls darrers anys, el funcionament del nostre establiment s'ha vist alterat per la pand\u00e8mia i les seves conseq\u00fc\u00e8ncies i ens ha plantejat alguns canvis organitzatius.\r\n\r\nEnguany ens hem adaptat als nous temps i hem dissenyat un calendari intentant harmonitzar les necessitats de l'hotel i de l'equip que hi treballa per oferir-vos les millors opcions d'estada.\r\n\r\nEsperem haver-ho aconseguit.","_et_gb_content_width":"","_mc_calendar":[],"_joinchat":[],"footnotes":""},"class_list":["post-10564","page","type-page","status-publish","hentry"],"yoast_head":"<!-- This site is optimized with the Yoast SEO plugin v25.3 - https:\/\/yoast.com\/wordpress\/plugins\/seo\/ -->\n<title>Calendari 2023 - Hotel Sant Vicen\u00e7<\/title>\n<meta name=\"description\" content=\"Som un hotel balneari petit, allunyat dels nuclis urbans, plantilla estable i una demanda concentrada el cap de setmana i per\u00edodes de temporada alta. Els darrers anys, el funcionament del nostre establiment s&#039;ha vist alterat per la pand\u00e8mia i les seves conseq\u00fc\u00e8ncies. Enguany ens hem adaptat als nous temps i hem dissenyat un calendari intentant harmonitzar les necessitats de l&#039;hotel i de l&#039;equip que hi treballa per oferir-vos les millors opcions d&#039;estada. Esperem haver-ho aconseguit.\" \/>\n<meta name=\"robots\" content=\"index, follow, max-snippet:-1, max-image-preview:large, max-video-preview:-1\" \/>\n<link rel=\"canonical\" href=\"https:\/\/hotelsantvicenc.com\/es\/calendari-2023\/\" \/>\n<meta property=\"og:locale\" content=\"es_ES\" \/>\n<meta property=\"og:type\" content=\"article\" \/>\n<meta property=\"og:title\" content=\"Calendari 2023 - Hotel Sant Vicen\u00e7\" \/>\n<meta property=\"og:description\" content=\"Som un hotel balneari petit, allunyat dels nuclis urbans, plantilla estable i una demanda concentrada el cap de setmana i per\u00edodes de temporada alta. Els darrers anys, el funcionament del nostre establiment s&#039;ha vist alterat per la pand\u00e8mia i les seves conseq\u00fc\u00e8ncies. Enguany ens hem adaptat als nous temps i hem dissenyat un calendari intentant harmonitzar les necessitats de l&#039;hotel i de l&#039;equip que hi treballa per oferir-vos les millors opcions d&#039;estada. Esperem haver-ho aconseguit.\" \/>\n<meta property=\"og:url\" content=\"https:\/\/hotelsantvicenc.com\/es\/calendari-2023\/\" \/>\n<meta property=\"og:site_name\" content=\"Hotel Sant Vicen\u00e7\" \/>\n<meta property=\"article:modified_time\" content=\"2024-02-21T08:53:51+00:00\" \/>\n<meta name=\"twitter:card\" content=\"summary_large_image\" \/>\n<script type=\"application\/ld+json\" class=\"yoast-schema-graph\">{\"@context\":\"https:\/\/schema.org\",\"@graph\":[{\"@type\":\"WebPage\",\"@id\":\"https:\/\/hotelsantvicenc.com\/es\/calendari-2023\/\",\"url\":\"https:\/\/hotelsantvicenc.com\/es\/calendari-2023\/\",\"name\":\"Calendari 2023 - Hotel Sant Vicen\u00e7\",\"isPartOf\":{\"@id\":\"https:\/\/hotelsantvicenc.com\/es\/#website\"},\"datePublished\":\"2023-01-17T17:42:21+00:00\",\"dateModified\":\"2024-02-21T08:53:51+00:00\",\"description\":\"Som un hotel balneari petit, allunyat dels nuclis urbans, plantilla estable i una demanda concentrada el cap de setmana i per\u00edodes de temporada alta. Els darrers anys, el funcionament del nostre establiment s'ha vist alterat per la pand\u00e8mia i les seves conseq\u00fc\u00e8ncies. Enguany ens hem adaptat als nous temps i hem dissenyat un calendari intentant harmonitzar les necessitats de l'hotel i de l'equip que hi treballa per oferir-vos les millors opcions d'estada. Esperem haver-ho aconseguit.\",\"breadcrumb\":{\"@id\":\"https:\/\/hotelsantvicenc.com\/es\/calendari-2023\/#breadcrumb\"},\"inLanguage\":\"es\",\"potentialAction\":[{\"@type\":\"ReadAction\",\"target\":[\"https:\/\/hotelsantvicenc.com\/es\/calendari-2023\/\"]}]},{\"@type\":\"BreadcrumbList\",\"@id\":\"https:\/\/hotelsantvicenc.com\/es\/calendari-2023\/#breadcrumb\",\"itemListElement\":[{\"@type\":\"ListItem\",\"position\":1,\"name\":\"Inici\",\"item\":\"https:\/\/hotelsantvicenc.com\/es\/\"},{\"@type\":\"ListItem\",\"position\":2,\"name\":\"Calendari 2023\"}]},{\"@type\":\"WebSite\",\"@id\":\"https:\/\/hotelsantvicenc.com\/es\/#website\",\"url\":\"https:\/\/hotelsantvicenc.com\/es\/\",\"name\":\"Hotel Balneari Sant Vicen\u00e7\",\"description\":\"HOTEL-BALNEARI\",\"publisher\":{\"@id\":\"https:\/\/hotelsantvicenc.com\/es\/#organization\"},\"potentialAction\":[{\"@type\":\"SearchAction\",\"target\":{\"@type\":\"EntryPoint\",\"urlTemplate\":\"https:\/\/hotelsantvicenc.com\/es\/?s={search_term_string}\"},\"query-input\":{\"@type\":\"PropertyValueSpecification\",\"valueRequired\":true,\"valueName\":\"search_term_string\"}}],\"inLanguage\":\"es\"},{\"@type\":\"Organization\",\"@id\":\"https:\/\/hotelsantvicenc.com\/es\/#organization\",\"name\":\"ELS BANYS DE SANT VICEN\u00c7 SL\",\"url\":\"https:\/\/hotelsantvicenc.com\/es\/\",\"logo\":{\"@type\":\"ImageObject\",\"inLanguage\":\"es\",\"@id\":\"https:\/\/hotelsantvicenc.com\/es\/#\/schema\/logo\/image\/\",\"url\":\"https:\/\/hotelsantvicenc.com\/wp-content\/uploads\/2023\/07\/WhatsApp-Image-2020-07-14-at-5.04.21-PM.jpeg\",\"contentUrl\":\"https:\/\/hotelsantvicenc.com\/wp-content\/uploads\/2023\/07\/WhatsApp-Image-2020-07-14-at-5.04.21-PM.jpeg\",\"width\":472,\"height\":472,\"caption\":\"ELS BANYS DE SANT VICEN\u00c7 SL\"},\"image\":{\"@id\":\"https:\/\/hotelsantvicenc.com\/es\/#\/schema\/logo\/image\/\"},\"sameAs\":[\"https:\/\/www.instagram.com\/balnearisantvicenc\/\"]}]}<\/script>\n<!-- \/ Yoast SEO plugin. -->","yoast_head_json":{"title":"Calendari 2023 - Hotel Sant Vicen\u00e7","description":"Som un hotel balneari petit, allunyat dels nuclis urbans, plantilla estable i una demanda concentrada el cap de setmana i per\u00edodes de temporada alta. Els darrers anys, el funcionament del nostre establiment s'ha vist alterat per la pand\u00e8mia i les seves conseq\u00fc\u00e8ncies. Enguany ens hem adaptat als nous temps i hem dissenyat un calendari intentant harmonitzar les necessitats de l'hotel i de l'equip que hi treballa per oferir-vos les millors opcions d'estada. Esperem haver-ho aconseguit.","robots":{"index":"index","follow":"follow","max-snippet":"max-snippet:-1","max-image-preview":"max-image-preview:large","max-video-preview":"max-video-preview:-1"},"canonical":"https:\/\/hotelsantvicenc.com\/es\/calendari-2023\/","og_locale":"es_ES","og_type":"article","og_title":"Calendari 2023 - Hotel Sant Vicen\u00e7","og_description":"Som un hotel balneari petit, allunyat dels nuclis urbans, plantilla estable i una demanda concentrada el cap de setmana i per\u00edodes de temporada alta. Els darrers anys, el funcionament del nostre establiment s'ha vist alterat per la pand\u00e8mia i les seves conseq\u00fc\u00e8ncies. Enguany ens hem adaptat als nous temps i hem dissenyat un calendari intentant harmonitzar les necessitats de l'hotel i de l'equip que hi treballa per oferir-vos les millors opcions d'estada. Esperem haver-ho aconseguit.","og_url":"https:\/\/hotelsantvicenc.com\/es\/calendari-2023\/","og_site_name":"Hotel Sant Vicen\u00e7","article_modified_time":"2024-02-21T08:53:51+00:00","twitter_card":"summary_large_image","schema":{"@context":"https:\/\/schema.org","@graph":[{"@type":"WebPage","@id":"https:\/\/hotelsantvicenc.com\/es\/calendari-2023\/","url":"https:\/\/hotelsantvicenc.com\/es\/calendari-2023\/","name":"Calendari 2023 - Hotel Sant Vicen\u00e7","isPartOf":{"@id":"https:\/\/hotelsantvicenc.com\/es\/#website"},"datePublished":"2023-01-17T17:42:21+00:00","dateModified":"2024-02-21T08:53:51+00:00","description":"Som un hotel balneari petit, allunyat dels nuclis urbans, plantilla estable i una demanda concentrada el cap de setmana i per\u00edodes de temporada alta. Els darrers anys, el funcionament del nostre establiment s'ha vist alterat per la pand\u00e8mia i les seves conseq\u00fc\u00e8ncies. Enguany ens hem adaptat als nous temps i hem dissenyat un calendari intentant harmonitzar les necessitats de l'hotel i de l'equip que hi treballa per oferir-vos les millors opcions d'estada. Esperem haver-ho aconseguit.","breadcrumb":{"@id":"https:\/\/hotelsantvicenc.com\/es\/calendari-2023\/#breadcrumb"},"inLanguage":"es","potentialAction":[{"@type":"ReadAction","target":["https:\/\/hotelsantvicenc.com\/es\/calendari-2023\/"]}]},{"@type":"BreadcrumbList","@id":"https:\/\/hotelsantvicenc.com\/es\/calendari-2023\/#breadcrumb","itemListElement":[{"@type":"ListItem","position":1,"name":"Inici","item":"https:\/\/hotelsantvicenc.com\/es\/"},{"@type":"ListItem","position":2,"name":"Calendari 2023"}]},{"@type":"WebSite","@id":"https:\/\/hotelsantvicenc.com\/es\/#website","url":"https:\/\/hotelsantvicenc.com\/es\/","name":"Hotel Balneari Sant Vicen\u00e7","description":"HOTEL-BALNEARI","publisher":{"@id":"https:\/\/hotelsantvicenc.com\/es\/#organization"},"potentialAction":[{"@type":"SearchAction","target":{"@type":"EntryPoint","urlTemplate":"https:\/\/hotelsantvicenc.com\/es\/?s={search_term_string}"},"query-input":{"@type":"PropertyValueSpecification","valueRequired":true,"valueName":"search_term_string"}}],"inLanguage":"es"},{"@type":"Organization","@id":"https:\/\/hotelsantvicenc.com\/es\/#organization","name":"ELS BANYS DE SANT VICEN\u00c7 SL","url":"https:\/\/hotelsantvicenc.com\/es\/","logo":{"@type":"ImageObject","inLanguage":"es","@id":"https:\/\/hotelsantvicenc.com\/es\/#\/schema\/logo\/image\/","url":"https:\/\/hotelsantvicenc.com\/wp-content\/uploads\/2023\/07\/WhatsApp-Image-2020-07-14-at-5.04.21-PM.jpeg","contentUrl":"https:\/\/hotelsantvicenc.com\/wp-content\/uploads\/2023\/07\/WhatsApp-Image-2020-07-14-at-5.04.21-PM.jpeg","width":472,"height":472,"caption":"ELS BANYS DE SANT VICEN\u00c7 SL"},"image":{"@id":"https:\/\/hotelsantvicenc.com\/es\/#\/schema\/logo\/image\/"},"sameAs":["https:\/\/www.instagram.com\/balnearisantvicenc\/"]}]}},"_links":{"self":[{"href":"https:\/\/hotelsantvicenc.com\/es\/wp-json\/wp\/v2\/pages\/10564","targetHints":{"allow":["GET"]}}],"collection":[{"href":"https:\/\/hotelsantvicenc.com\/es\/wp-json\/wp\/v2\/pages"}],"about":[{"href":"https:\/\/hotelsantvicenc.com\/es\/wp-json\/wp\/v2\/types\/page"}],"author":[{"embeddable":true,"href":"https:\/\/hotelsantvicenc.com\/es\/wp-json\/wp\/v2\/users\/1"}],"replies":[{"embeddable":true,"href":"https:\/\/hotelsantvicenc.com\/es\/wp-json\/wp\/v2\/comments?post=10564"}],"version-history":[{"count":15,"href":"https:\/\/hotelsantvicenc.com\/es\/wp-json\/wp\/v2\/pages\/10564\/revisions"}],"predecessor-version":[{"id":12772,"href":"https:\/\/hotelsantvicenc.com\/es\/wp-json\/wp\/v2\/pages\/10564\/revisions\/12772"}],"wp:attachment":[{"href":"https:\/\/hotelsantvicenc.com\/es\/wp-json\/wp\/v2\/media?parent=10564"}],"curies":[{"name":"wp","href":"https:\/\/api.w.org\/{rel}","templated":true}]}}