{"id":1628,"date":"2019-12-16T18:24:32","date_gmt":"2019-12-16T16:24:32","guid":{"rendered":"http:\/\/hotelsantvicenc.com\/?page_id=1628"},"modified":"2025-01-28T21:31:11","modified_gmt":"2025-01-28T19:31:11","slug":"quienes-somos","status":"publish","type":"page","link":"https:\/\/hotelsantvicenc.com\/es\/quienes-somos\/","title":{"rendered":"\u00bfQui\u00e9nes somos?"},"content":{"rendered":"<p>[et_pb_section fb_built=\u00bb1&#8243; _builder_version=\u00bb4.16&#8243; min_height=\u00bb840px\u00bb custom_margin_tablet=\u00bb\u00bb custom_margin_phone=\u00bb-50px||\u00bb custom_margin_last_edited=\u00bbon|desktop\u00bb custom_padding=\u00bb16px|||||\u00bb global_colors_info=\u00bb{}\u00bb][et_pb_row _builder_version=\u00bb4.27.4&#8243; custom_margin=\u00bb|auto|0px|auto|false|false\u00bb custom_padding=\u00bb6px||0px|||\u00bb border_width_bottom=\u00bb1px\u00bb border_color_bottom=\u00bb#b7b7b7&#8243; global_colors_info=\u00bb{}\u00bb][et_pb_column type=\u00bb4_4&#8243; _builder_version=\u00bb4.16&#8243; custom_padding=\u00bb|||\u00bb global_colors_info=\u00bb{}\u00bb custom_padding__hover=\u00bb|||\u00bb][et_pb_post_title meta=\u00bboff\u00bb featured_image=\u00bboff\u00bb _builder_version=\u00bb4.16&#8243; title_font=\u00bbMontserrat|300|||||||\u00bb title_text_color=\u00bb#59adbb\u00bb title_font_size=\u00bb48px\u00bb global_colors_info=\u00bb{}\u00bb]<br \/>\n[\/et_pb_post_title][\/et_pb_column][\/et_pb_row][et_pb_row column_structure=\u00bb1_2,1_2&#8243; _builder_version=\u00bb4.27.4&#8243; custom_margin=\u00bb|auto|0px|auto|false|false\u00bb global_colors_info=\u00bb{}\u00bb][et_pb_column type=\u00bb1_2&#8243; _builder_version=\u00bb4.16&#8243; custom_padding=\u00bb|||\u00bb global_colors_info=\u00bb{}\u00bb custom_padding__hover=\u00bb|||\u00bb][et_pb_text _builder_version=\u00bb4.16&#8243; text_font=\u00bb||||||||\u00bb header_font=\u00bb||||||||\u00bb header_2_font=\u00bbSatisfy||||||||\u00bb header_2_font_size=\u00bb31px\u00bb global_colors_info=\u00bb{}\u00bb]<\/p>\n<p style=\"text-align: justify;\"><span>Somos un balneario de aguas termales sulfuradas situado en el Pirineo leridano, en una peque\u00f1a\u00a0<\/span><span>subcomarca<\/span><span>\u00a0entre el Alt Urgell y la Cerdanya llamada\u00a0<\/span><span>Barid\u00e0<\/span><span>, dentro del t\u00e9rmino municipal del Pont de Bar, junto al r\u00edo Segre.<\/span><\/p>\n<p><span>La s\u00e9ptima generaci\u00f3n de la familia Pal dirigimos en la actualidad este establecimiento y velamos para ofreceros la mejor estancia, siempre fieles a los valores que hemos heredado del\u00a0<\/span><span>hosteler\u00eda<\/span><span>.<\/span><\/p>\n<p>[\/et_pb_text][et_pb_text _builder_version=\u00bb4.16&#8243; text_font=\u00bbSatisfy||||||||\u00bb text_text_color=\u00bb#948878&#8243; text_font_size=\u00bb28px\u00bb text_orientation=\u00bbcenter\u00bb custom_padding=\u00bb15px||15px\u00bb border_width_top=\u00bb1px\u00bb border_color_top=\u00bb#00bfce\u00bb border_width_bottom=\u00bb1px\u00bb border_color_bottom=\u00bb#00bfce\u00bb text_text_align=\u00bbcenter\u00bb global_colors_info=\u00bb{}\u00bb]<\/p>\n<p>Un poco de historia<\/p>\n<p>[\/et_pb_text][et_pb_text _builder_version=\u00bb4.16&#8243; global_colors_info=\u00bb{}\u00bb]<\/p>\n<p><span>El hotel San Vicen\u00e7 est\u00e1 situado al lugar de un abundoso manantial de aguas termales usada desde tiempos antiguos, como lo prueba la menci\u00f3n de unos ba\u00f1os en un documento del a\u00f1o 965.<\/span><\/p>\n<p><span>La familia Pal, oriunda de Bescaran y propietaria del Mas de San Vicen\u00e7 desde mediados de siglo XVI, estableci\u00f3 un hostal para los transe\u00fantes<\/span><span>\u00a0del camino real de La Seu d&#8217;Urgell hacia Puigcerd\u00e1.<\/span><\/p>\n<p><span>El a\u00f1o 1775 Bartomeu\u00a0<\/span><span>Pal<\/span><span>\u00a0compr\u00f3 el derecho sobre las aguas termales y transform\u00f3 el hostal en balneario levantando un gran edificio que a\u00f1os despu\u00e9s todav\u00eda se ampli\u00f3 m\u00e1s, al servicio del cual se levant\u00f3 una capilla dedicada a la Virgen Mar\u00eda del Remedio.<\/span><\/p>\n<p><span>Un descendiente suyo, Antoni\u00a0<\/span><span>Pal<\/span><span>\u00a0Sol\u00e9, emprendi\u00f3 la construcci\u00f3n de un nuevo edificio dotado de amplias y modernas instalaciones, inaugurado en 1870. Funcion\u00f3 como balneario hasta el inicio de la Guerra Civil del a\u00f1o 1936, en qu\u00e9 fue\u00a0<\/span><span>incautado<\/span><span>\u00a0y convertido en hospital.<\/span><\/p>\n<p><span>Acabada la guerra, se retom\u00f3 la actividad en el edificio antiguo, el cual la familia Pal actual ha ido adaptando, sin perder su car\u00e1cter, en un acogedor hotel-balneario familiar.<\/span><\/p>\n<p>[\/et_pb_text][\/et_pb_column][et_pb_column type=\u00bb1_2&#8243; _builder_version=\u00bb4.16&#8243; custom_padding=\u00bb|||\u00bb global_colors_info=\u00bb{}\u00bb custom_padding__hover=\u00bb|||\u00bb][et_pb_gallery _builder_version=\u00bb4.27.4&#8243; _module_preset=\u00bbdefault\u00bb fullwidth=\u00bbon\u00bb gallery_ids=\u00bb340,344,341,342,343&#8243; hover_enabled=\u00bb0&#8243; sticky_enabled=\u00bb0&#8243; animation_style=\u00bbslide\u00bb animation_direction=\u00bbright\u00bb auto=\u00bbon\u00bb][\/et_pb_gallery][\/et_pb_column][\/et_pb_row][\/et_pb_section]<\/p>\n","protected":false},"excerpt":{"rendered":"<p>Somos un balneario de aguas termales sulfuradas situado en el Pirineo leridano, en una peque\u00f1a\u00a0subcomarca\u00a0entre el Alt Urgell y la Cerdanya llamada\u00a0Barid\u00e0, dentro del t\u00e9rmino municipal del Pont de Bar, junto al r\u00edo Segre. La s\u00e9ptima generaci\u00f3n de la familia Pal dirigimos en la actualidad este establecimiento y velamos para ofreceros la mejor estancia, siempre [&hellip;]<\/p>\n","protected":false},"author":1,"featured_media":0,"parent":0,"menu_order":0,"comment_status":"closed","ping_status":"closed","template":"","meta":{"_et_pb_use_builder":"on","_et_pb_old_content":"<p>[et_pb_section fb_built=\"1\" _builder_version=\"3.23.3\" min_height=\"840px\" custom_padding=\"16px|||||\" custom_margin_last_edited=\"on|desktop\" custom_margin_phone=\"-50px||\"][et_pb_row custom_padding=\"6px||0px|||\" _builder_version=\"3.23.3\" border_width_bottom=\"1px\" border_color_bottom=\"#b7b7b7\"][et_pb_column type=\"4_4\" _builder_version=\"3.0.47\"][et_pb_post_title meta=\"off\" featured_image=\"off\" _builder_version=\"3.23.3\" title_font=\"Montserrat|300|||||||\" title_text_color=\"#59adbb\" title_font_size=\"48px\"]<br \/>[\/et_pb_post_title][\/et_pb_column][\/et_pb_row][et_pb_row _builder_version=\"3.23.3\"][et_pb_column type=\"1_2\" _builder_version=\"3.0.47\"][et_pb_text _builder_version=\"3.23.3\" text_font=\"||||||||\" header_font=\"||||||||\" header_2_font=\"Satisfy||||||||\" header_2_font_size=\"31px\"]<\/p><p style=\"text-align: justify;\">Som un balneari d'aig\u00fces termals sulfurades situat al Pirineu lleidat\u00e0, en una petita subcomarca entre l'Alt Urgell i la Cerdanya anomenada Barid\u00e0, dins el terme municipal del Pont de Bar, al costat del riu Segre. Ens sentim orgullosos de l'antiguitat del nostre establiment, dirigit per diferents generacions de la mateixa fam\u00edlia des de l'any 1775 i ens agrada reivindicar el seu car\u00e0cter de balneari. La nostra hist\u00f2ria i les aig\u00fces termals s\u00f3n per a nosaltres el tresor m\u00e9s preuat.<\/p><p style=\"text-align: justify;\">[\/et_pb_text][et_pb_text _builder_version=\"3.23.3\" text_font=\"Satisfy||||||||\" text_text_align=\"center\" text_text_color=\"#948878\" text_font_size=\"28px\" border_width_top=\"1px\" border_color_top=\"#00bfce\" border_width_bottom=\"1px\" border_color_bottom=\"#00bfce\" custom_padding=\"15px||15px\"]<\/p><p>Una mica d'hist\u00f2ria<\/p><p>[\/et_pb_text][et_pb_text _builder_version=\"3.23.3\"]<\/p><p style=\"text-align: justify;\">L\u2019hotel Sant Vicen\u00e7 est\u00e0 situat a l\u2019indret d\u2019una abundosa deu d\u2019aig\u00fces termals usada des de temps antics, com ho prova l\u2019esment d\u2019uns banys en un document de l\u2019any 965.<\/p><p style=\"text-align: justify;\">La fam\u00edlia Pal, ori\u00fcnda de Bescaran i propiet\u00e0ria del Mas de Sant Vicen\u00e7 des de mitjan segle XVI, hi establ\u00ed un hostal per als anants i vinents del cam\u00ed ral de La Seu d\u2019Urgell a Puigcerd\u00e0.<\/p><p style=\"text-align: justify;\">L\u2019any 1775 Bartomeu Pal compr\u00e0 el dret sobre les aig\u00fces termals i transform\u00e0 l\u2019hostal en balneari aixecant un gran edifici que anys despr\u00e9s encara s'ampli\u00e0 m\u00e9s, al servei del qual s\u2019aixec\u00e0 una capella dedicada a la Mare de D\u00e9u del Remei.<\/p><p style=\"text-align: justify;\">Un seu descendent, Antoni Pal i Sol\u00e9, emprengu\u00e9 la construcci\u00f3 d\u2019un nou edifici dotat d\u2019\u00e0mplies i modernes instal\u00b7lacions, inaugurat l\u2019any 1870. Funcion\u00e0 com a balneari fins al inici de la Guerra Civil de l\u2019any 1936, en qu\u00e8 fou incautat i convertit en hospital.<\/p><p style=\"text-align: justify;\">Acabada la guerra, es reprengu\u00e9 l\u2019activitat a l\u2019edifici antic, el qual la fam\u00edlia Pal actual ha anat adaptant, sense perdre el seu car\u00e0cter, en un acollidor hotel-balneari familiar.<\/p><p>[\/et_pb_text][\/et_pb_column][et_pb_column type=\"1_2\" _builder_version=\"3.0.47\"][et_pb_gallery gallery_ids=\"340,341,342,343,344\" fullwidth=\"on\" db_image_object_fit=\"initial\" hover_icon=\"%%32%%\" _builder_version=\"3.23.3\" pagination_font=\"||||||||\" border_width_all=\"1px\" border_color_all=\"#e0e0e0\" animation_style=\"slide\" animation_direction=\"right\" animation_intensity_slide=\"4%\" auto=\"on\" auto_speed=\"4000\"]<br \/>[\/et_pb_gallery][\/et_pb_column][\/et_pb_row][\/et_pb_section][et_pb_section fb_built=\"1\" _builder_version=\"3.23.3\" background_color=\"#9b9b9b\" custom_padding=\"10px||16px|||\" global_module=\"192\" saved_tabs=\"all\"][et_pb_row use_custom_gutter=\"on\" gutter_width=\"1\" custom_padding=\"6px||5px|||\" _builder_version=\"3.23.3\"][et_pb_column type=\"1_4\" _builder_version=\"3.0.47\"][et_pb_image src=\"http:\/\/hotelsantvicenc.com\/wp-content\/uploads\/2019\/06\/peu-telefon.png\" align=\"center\" _builder_version=\"3.23.3\" width=\"15%\"][\/et_pb_image][et_pb_text _builder_version=\"3.23.3\" text_font=\"Montserrat|300|||||||\" text_text_align=\"center\" text_text_color=\"#ffffff\" text_font_size=\"17px\" custom_margin=\"||\" custom_padding=\"15px||\"]<\/p><p>973 384 010<br \/>671 559 585<\/p><p>[\/et_pb_text][\/et_pb_column][et_pb_column type=\"1_4\" _builder_version=\"3.0.47\"][et_pb_image src=\"http:\/\/hotelsantvicenc.com\/wp-content\/uploads\/2019\/06\/peu-email.png\" align=\"center\" _builder_version=\"3.23.3\" width=\"15%\"][\/et_pb_image][et_pb_text _builder_version=\"3.23.3\" text_font=\"Montserrat|300|||||||\" text_text_align=\"center\" text_text_color=\"#ffffff\" text_font_size=\"17px\" link_font=\"||||||||\" link_text_color=\"#ffffff\" custom_margin=\"||\" custom_padding=\"15px||\"]<\/p><p><a href=\"https:\/\/linceo.svt.es:8443\/smb\/email-address\/edit\/id\/49\">reserves@hotelsantvicenc.com<\/a><\/p><p>[\/et_pb_text][\/et_pb_column][et_pb_column type=\"1_4\" _builder_version=\"3.0.47\"][et_pb_image src=\"http:\/\/hotelsantvicenc.com\/wp-content\/uploads\/2019\/06\/peu-onsom.png\" url=\"https:\/\/www.google.com\/maps\/place\/Hotel+Balneari+Sant+Vicen%C3%A7\/@42.3684889,1.5946055,15z\/data=!4m2!3m1!1s0x0:0xef70ee504c88bc29?sa=X&ved=2ahUKEwjX-5Sn5PDiAhVMOBoKHSJrCvYQ_BIwDnoECBAQCA\" url_new_window=\"on\" align=\"center\" _builder_version=\"3.23.3\" width=\"15%\"][\/et_pb_image][et_pb_text _builder_version=\"3.23.3\" text_font=\"Montserrat|300|||||||\" text_text_align=\"center\" text_text_color=\"#ffffff\" text_font_size=\"17px\" custom_margin=\"||\" custom_padding=\"15px||\"]<\/p><p>Troba'ns<\/p><p>[\/et_pb_text][\/et_pb_column][et_pb_column type=\"1_4\" _builder_version=\"3.0.47\"][et_pb_text _builder_version=\"3.23.3\" text_font=\"||||||||\" text_text_align=\"center\" width=\"73%\"]<\/p><p><a href=\"https:\/\/www.facebook.com\/santvicenc\/\" target=\"_blank\" rel=\"noopener noreferrer\"><img class=\"wp-image-134 alignnone size-medium\" src=\"https:\/\/hotelsantvicenc.com\/wp-content\/uploads\/2019\/06\/peu-facebook-300x300.png\" alt=\"\" width=\"44\" height=\"44\" \/><\/a>\u00a0 \u00a0 <a href=\"https:\/\/www.pinterest.es\/marta2826\/pins\/\" target=\"_blank\" rel=\"noopener noreferrer\"><img class=\"wp-image-137 alignnone size-medium\" src=\"https:\/\/hotelsantvicenc.com\/wp-content\/uploads\/2019\/06\/peu-pinterest-300x300.png\" alt=\"\" width=\"44\" height=\"44\" \/><\/a>\u00a0 \u00a0\u00a0<a href=\"https:\/\/www.instagram.com\/balnearisantvicenc\/\"><img class=\"wp-image-135 alignnone size-medium\" src=\"https:\/\/hotelsantvicenc.com\/wp-content\/uploads\/2019\/06\/peu-instagram-300x300.png\" alt=\"\" width=\"44\" height=\"44\" \/><\/a><\/p><p>[\/et_pb_text][et_pb_text _builder_version=\"3.23.3\" text_font=\"Montserrat|300|||||||\" text_text_align=\"center\" text_text_color=\"#ffffff\" text_font_size=\"17px\" custom_margin=\"||\" custom_padding=\"37px|||||\"]<\/p><p>Segueix-nos<\/p><p>[\/et_pb_text][\/et_pb_column][\/et_pb_row][et_pb_row custom_padding=\"5px||3px|||\" _builder_version=\"3.23.3\"][et_pb_column type=\"4_4\" _builder_version=\"3.0.47\"][et_pb_text _builder_version=\"3.23.3\" text_text_color=\"#ffffff\" link_text_color=\"#ffffff\" text_orientation=\"center\" z_index_tablet=\"500\" text_text_shadow_horizontal_length_tablet=\"0px\" text_text_shadow_vertical_length_tablet=\"0px\" text_text_shadow_blur_strength_tablet=\"1px\" link_text_shadow_horizontal_length_tablet=\"0px\" link_text_shadow_vertical_length_tablet=\"0px\" link_text_shadow_blur_strength_tablet=\"1px\" ul_text_shadow_horizontal_length_tablet=\"0px\" ul_text_shadow_vertical_length_tablet=\"0px\" ul_text_shadow_blur_strength_tablet=\"1px\" ol_text_shadow_horizontal_length_tablet=\"0px\" ol_text_shadow_vertical_length_tablet=\"0px\" ol_text_shadow_blur_strength_tablet=\"1px\" quote_text_shadow_horizontal_length_tablet=\"0px\" quote_text_shadow_vertical_length_tablet=\"0px\" quote_text_shadow_blur_strength_tablet=\"1px\" header_text_shadow_horizontal_length_tablet=\"0px\" header_text_shadow_vertical_length_tablet=\"0px\" header_text_shadow_blur_strength_tablet=\"1px\" header_2_text_shadow_horizontal_length_tablet=\"0px\" header_2_text_shadow_vertical_length_tablet=\"0px\" header_2_text_shadow_blur_strength_tablet=\"1px\" header_3_text_shadow_horizontal_length_tablet=\"0px\" header_3_text_shadow_vertical_length_tablet=\"0px\" header_3_text_shadow_blur_strength_tablet=\"1px\" header_4_text_shadow_horizontal_length_tablet=\"0px\" header_4_text_shadow_vertical_length_tablet=\"0px\" header_4_text_shadow_blur_strength_tablet=\"1px\" header_5_text_shadow_horizontal_length_tablet=\"0px\" header_5_text_shadow_vertical_length_tablet=\"0px\" header_5_text_shadow_blur_strength_tablet=\"1px\" header_6_text_shadow_horizontal_length_tablet=\"0px\" header_6_text_shadow_vertical_length_tablet=\"0px\" header_6_text_shadow_blur_strength_tablet=\"1px\" box_shadow_horizontal_tablet=\"0px\" box_shadow_vertical_tablet=\"0px\" box_shadow_blur_tablet=\"40px\" box_shadow_spread_tablet=\"0px\"]<\/p><p>HOTEL SANT VICEN\u00c7\u00a9 \/\/<a href=\"http:\/\/hotelsantvicenc.com\/politica-de-privadesa-2\/\"> POL\u00cdTICA DE PRIVACITAT<\/a> \/ <a href=\"http:\/\/hotelsantvicenc.com\/avis-legal\/\">AV\u00cdS LEGAL<\/a> \/ <a href=\"http:\/\/hotelsantvicenc.com\/politica-de-cookies\/\">POL\u00cdTICA DE COOKIES<\/a><\/p><p>[\/et_pb_text][\/et_pb_column][\/et_pb_row][\/et_pb_section]<\/p>","_et_gb_content_width":"","_mc_calendar":[],"_joinchat":[],"footnotes":""},"class_list":["post-1628","page","type-page","status-publish","hentry"],"yoast_head":"<!-- This site is optimized with the Yoast SEO plugin v25.3 - https:\/\/yoast.com\/wordpress\/plugins\/seo\/ -->\n<title>\u00bfQui\u00e9nes somos? - Hotel Sant Vicen\u00e7<\/title>\n<meta name=\"robots\" content=\"index, follow, max-snippet:-1, max-image-preview:large, max-video-preview:-1\" \/>\n<link rel=\"canonical\" href=\"https:\/\/hotelsantvicenc.com\/es\/quienes-somos\/\" \/>\n<meta property=\"og:locale\" content=\"es_ES\" \/>\n<meta property=\"og:type\" content=\"article\" \/>\n<meta property=\"og:title\" content=\"\u00bfQui\u00e9nes somos? - Hotel Sant Vicen\u00e7\" \/>\n<meta property=\"og:description\" content=\"Somos un balneario de aguas termales sulfuradas situado en el Pirineo leridano, en una peque\u00f1a\u00a0subcomarca\u00a0entre el Alt Urgell y la Cerdanya llamada\u00a0Barid\u00e0, dentro del t\u00e9rmino municipal del Pont de Bar, junto al r\u00edo Segre. La s\u00e9ptima generaci\u00f3n de la familia Pal dirigimos en la actualidad este establecimiento y velamos para ofreceros la mejor estancia, siempre [&hellip;]\" \/>\n<meta property=\"og:url\" content=\"https:\/\/hotelsantvicenc.com\/es\/quienes-somos\/\" \/>\n<meta property=\"og:site_name\" content=\"Hotel Sant Vicen\u00e7\" \/>\n<meta property=\"article:modified_time\" content=\"2025-01-28T19:31:11+00:00\" \/>\n<meta name=\"twitter:card\" content=\"summary_large_image\" \/>\n<meta name=\"twitter:label1\" content=\"Tiempo de lectura\" \/>\n\t<meta name=\"twitter:data1\" content=\"3 minutos\" \/>\n<script type=\"application\/ld+json\" class=\"yoast-schema-graph\">{\"@context\":\"https:\/\/schema.org\",\"@graph\":[{\"@type\":\"WebPage\",\"@id\":\"https:\/\/hotelsantvicenc.com\/es\/quienes-somos\/\",\"url\":\"https:\/\/hotelsantvicenc.com\/es\/quienes-somos\/\",\"name\":\"\u00bfQui\u00e9nes somos? - Hotel Sant Vicen\u00e7\",\"isPartOf\":{\"@id\":\"https:\/\/hotelsantvicenc.com\/es\/#website\"},\"datePublished\":\"2019-12-16T16:24:32+00:00\",\"dateModified\":\"2025-01-28T19:31:11+00:00\",\"breadcrumb\":{\"@id\":\"https:\/\/hotelsantvicenc.com\/es\/quienes-somos\/#breadcrumb\"},\"inLanguage\":\"es\",\"potentialAction\":[{\"@type\":\"ReadAction\",\"target\":[\"https:\/\/hotelsantvicenc.com\/es\/quienes-somos\/\"]}]},{\"@type\":\"BreadcrumbList\",\"@id\":\"https:\/\/hotelsantvicenc.com\/es\/quienes-somos\/#breadcrumb\",\"itemListElement\":[{\"@type\":\"ListItem\",\"position\":1,\"name\":\"Inici\",\"item\":\"https:\/\/hotelsantvicenc.com\/es\/\"},{\"@type\":\"ListItem\",\"position\":2,\"name\":\"\u00bfQui\u00e9nes somos?\"}]},{\"@type\":\"WebSite\",\"@id\":\"https:\/\/hotelsantvicenc.com\/es\/#website\",\"url\":\"https:\/\/hotelsantvicenc.com\/es\/\",\"name\":\"Hotel Balneari Sant Vicen\u00e7\",\"description\":\"HOTEL-BALNEARI\",\"publisher\":{\"@id\":\"https:\/\/hotelsantvicenc.com\/es\/#organization\"},\"potentialAction\":[{\"@type\":\"SearchAction\",\"target\":{\"@type\":\"EntryPoint\",\"urlTemplate\":\"https:\/\/hotelsantvicenc.com\/es\/?s={search_term_string}\"},\"query-input\":{\"@type\":\"PropertyValueSpecification\",\"valueRequired\":true,\"valueName\":\"search_term_string\"}}],\"inLanguage\":\"es\"},{\"@type\":\"Organization\",\"@id\":\"https:\/\/hotelsantvicenc.com\/es\/#organization\",\"name\":\"ELS BANYS DE SANT VICEN\u00c7 SL\",\"url\":\"https:\/\/hotelsantvicenc.com\/es\/\",\"logo\":{\"@type\":\"ImageObject\",\"inLanguage\":\"es\",\"@id\":\"https:\/\/hotelsantvicenc.com\/es\/#\/schema\/logo\/image\/\",\"url\":\"https:\/\/hotelsantvicenc.com\/wp-content\/uploads\/2023\/07\/WhatsApp-Image-2020-07-14-at-5.04.21-PM.jpeg\",\"contentUrl\":\"https:\/\/hotelsantvicenc.com\/wp-content\/uploads\/2023\/07\/WhatsApp-Image-2020-07-14-at-5.04.21-PM.jpeg\",\"width\":472,\"height\":472,\"caption\":\"ELS BANYS DE SANT VICEN\u00c7 SL\"},\"image\":{\"@id\":\"https:\/\/hotelsantvicenc.com\/es\/#\/schema\/logo\/image\/\"},\"sameAs\":[\"https:\/\/www.instagram.com\/balnearisantvicenc\/\"]}]}<\/script>\n<!-- \/ Yoast SEO plugin. -->","yoast_head_json":{"title":"\u00bfQui\u00e9nes somos? - Hotel Sant Vicen\u00e7","robots":{"index":"index","follow":"follow","max-snippet":"max-snippet:-1","max-image-preview":"max-image-preview:large","max-video-preview":"max-video-preview:-1"},"canonical":"https:\/\/hotelsantvicenc.com\/es\/quienes-somos\/","og_locale":"es_ES","og_type":"article","og_title":"\u00bfQui\u00e9nes somos? - Hotel Sant Vicen\u00e7","og_description":"Somos un balneario de aguas termales sulfuradas situado en el Pirineo leridano, en una peque\u00f1a\u00a0subcomarca\u00a0entre el Alt Urgell y la Cerdanya llamada\u00a0Barid\u00e0, dentro del t\u00e9rmino municipal del Pont de Bar, junto al r\u00edo Segre. La s\u00e9ptima generaci\u00f3n de la familia Pal dirigimos en la actualidad este establecimiento y velamos para ofreceros la mejor estancia, siempre [&hellip;]","og_url":"https:\/\/hotelsantvicenc.com\/es\/quienes-somos\/","og_site_name":"Hotel Sant Vicen\u00e7","article_modified_time":"2025-01-28T19:31:11+00:00","twitter_card":"summary_large_image","twitter_misc":{"Tiempo de lectura":"3 minutos"},"schema":{"@context":"https:\/\/schema.org","@graph":[{"@type":"WebPage","@id":"https:\/\/hotelsantvicenc.com\/es\/quienes-somos\/","url":"https:\/\/hotelsantvicenc.com\/es\/quienes-somos\/","name":"\u00bfQui\u00e9nes somos? - Hotel Sant Vicen\u00e7","isPartOf":{"@id":"https:\/\/hotelsantvicenc.com\/es\/#website"},"datePublished":"2019-12-16T16:24:32+00:00","dateModified":"2025-01-28T19:31:11+00:00","breadcrumb":{"@id":"https:\/\/hotelsantvicenc.com\/es\/quienes-somos\/#breadcrumb"},"inLanguage":"es","potentialAction":[{"@type":"ReadAction","target":["https:\/\/hotelsantvicenc.com\/es\/quienes-somos\/"]}]},{"@type":"BreadcrumbList","@id":"https:\/\/hotelsantvicenc.com\/es\/quienes-somos\/#breadcrumb","itemListElement":[{"@type":"ListItem","position":1,"name":"Inici","item":"https:\/\/hotelsantvicenc.com\/es\/"},{"@type":"ListItem","position":2,"name":"\u00bfQui\u00e9nes somos?"}]},{"@type":"WebSite","@id":"https:\/\/hotelsantvicenc.com\/es\/#website","url":"https:\/\/hotelsantvicenc.com\/es\/","name":"Hotel Balneari Sant Vicen\u00e7","description":"HOTEL-BALNEARI","publisher":{"@id":"https:\/\/hotelsantvicenc.com\/es\/#organization"},"potentialAction":[{"@type":"SearchAction","target":{"@type":"EntryPoint","urlTemplate":"https:\/\/hotelsantvicenc.com\/es\/?s={search_term_string}"},"query-input":{"@type":"PropertyValueSpecification","valueRequired":true,"valueName":"search_term_string"}}],"inLanguage":"es"},{"@type":"Organization","@id":"https:\/\/hotelsantvicenc.com\/es\/#organization","name":"ELS BANYS DE SANT VICEN\u00c7 SL","url":"https:\/\/hotelsantvicenc.com\/es\/","logo":{"@type":"ImageObject","inLanguage":"es","@id":"https:\/\/hotelsantvicenc.com\/es\/#\/schema\/logo\/image\/","url":"https:\/\/hotelsantvicenc.com\/wp-content\/uploads\/2023\/07\/WhatsApp-Image-2020-07-14-at-5.04.21-PM.jpeg","contentUrl":"https:\/\/hotelsantvicenc.com\/wp-content\/uploads\/2023\/07\/WhatsApp-Image-2020-07-14-at-5.04.21-PM.jpeg","width":472,"height":472,"caption":"ELS BANYS DE SANT VICEN\u00c7 SL"},"image":{"@id":"https:\/\/hotelsantvicenc.com\/es\/#\/schema\/logo\/image\/"},"sameAs":["https:\/\/www.instagram.com\/balnearisantvicenc\/"]}]}},"_links":{"self":[{"href":"https:\/\/hotelsantvicenc.com\/es\/wp-json\/wp\/v2\/pages\/1628","targetHints":{"allow":["GET"]}}],"collection":[{"href":"https:\/\/hotelsantvicenc.com\/es\/wp-json\/wp\/v2\/pages"}],"about":[{"href":"https:\/\/hotelsantvicenc.com\/es\/wp-json\/wp\/v2\/types\/page"}],"author":[{"embeddable":true,"href":"https:\/\/hotelsantvicenc.com\/es\/wp-json\/wp\/v2\/users\/1"}],"replies":[{"embeddable":true,"href":"https:\/\/hotelsantvicenc.com\/es\/wp-json\/wp\/v2\/comments?post=1628"}],"version-history":[{"count":24,"href":"https:\/\/hotelsantvicenc.com\/es\/wp-json\/wp\/v2\/pages\/1628\/revisions"}],"predecessor-version":[{"id":15540,"href":"https:\/\/hotelsantvicenc.com\/es\/wp-json\/wp\/v2\/pages\/1628\/revisions\/15540"}],"wp:attachment":[{"href":"https:\/\/hotelsantvicenc.com\/es\/wp-json\/wp\/v2\/media?parent=1628"}],"curies":[{"name":"wp","href":"https:\/\/api.w.org\/{rel}","templated":true}]}}