{"id":1659,"date":"2019-12-16T18:32:11","date_gmt":"2019-12-16T16:32:11","guid":{"rendered":"http:\/\/hotelsantvicenc.com\/?page_id=1659"},"modified":"2025-01-30T21:54:52","modified_gmt":"2025-01-30T19:54:52","slug":"viajando-solo-a","status":"publish","type":"page","link":"https:\/\/hotelsantvicenc.com\/es\/viajando-solo-a\/","title":{"rendered":"Viajando solo\/a"},"content":{"rendered":"<p>[et_pb_section fb_built=\u00bb1&#8243; _builder_version=\u00bb4.16&#8243; min_height=\u00bb840px\u00bb custom_margin_tablet=\u00bb\u00bb custom_margin_phone=\u00bb-50px||\u00bb custom_margin_last_edited=\u00bbon|desktop\u00bb custom_padding=\u00bb16px||0px|||\u00bb global_colors_info=\u00bb{}\u00bb][et_pb_row _builder_version=\u00bb4.27.4&#8243; custom_margin=\u00bb|auto|0px|auto|false|false\u00bb custom_padding=\u00bb6px||0px|||\u00bb hover_enabled=\u00bb0&#8243; border_width_bottom=\u00bb1px\u00bb border_color_bottom=\u00bb#b7b7b7&#8243; global_colors_info=\u00bb{}\u00bb sticky_enabled=\u00bb0&#8243;][et_pb_column type=\u00bb4_4&#8243; _builder_version=\u00bb4.16&#8243; custom_padding=\u00bb|||\u00bb global_colors_info=\u00bb{}\u00bb custom_padding__hover=\u00bb|||\u00bb][et_pb_post_title meta=\u00bboff\u00bb featured_image=\u00bboff\u00bb _builder_version=\u00bb4.16&#8243; title_font=\u00bbMontserrat|300|||||||\u00bb title_text_color=\u00bb#59adbb\u00bb title_font_size=\u00bb48px\u00bb global_colors_info=\u00bb{}\u00bb][\/et_pb_post_title][\/et_pb_column][\/et_pb_row][et_pb_row column_structure=\u00bb1_2,1_2&#8243; _builder_version=\u00bb4.27.4&#8243; min_height=\u00bb623px\u00bb custom_margin=\u00bb|auto|0px|auto|false|false\u00bb hover_enabled=\u00bb0&#8243; global_colors_info=\u00bb{}\u00bb custom_padding=\u00bb62px||74px||false|false\u00bb sticky_enabled=\u00bb0&#8243;][et_pb_column type=\u00bb1_2&#8243; _builder_version=\u00bb4.16&#8243; custom_padding=\u00bb|||\u00bb global_colors_info=\u00bb{}\u00bb custom_padding__hover=\u00bb|||\u00bb][et_pb_text _builder_version=\u00bb4.16&#8243; text_font=\u00bbSatisfy||||||||\u00bb text_text_color=\u00bb#948878&#8243; text_font_size=\u00bb28px\u00bb text_line_height=\u00bb1.2em\u00bb custom_padding=\u00bb15px||15px\u00bb border_color_top=\u00bb#00bfce\u00bb border_width_bottom=\u00bb1px\u00bb border_color_bottom=\u00bb#00bfce\u00bb text_text_align=\u00bbleft\u00bb global_colors_info=\u00bb{}\u00bb]<\/p>\n<p>Si quieres escaparte unos dias para\u00a0restaurar tu equilibrio o buscas un lugar d\u00f3nde trabajar en paz, sin distracciones, \u00e9ste \u00e9s el tu hotel.<br \/> Aqu\u00ed te haremos tanta o tan poca compa\u00f1ia como desees.<\/p>\n<p>[\/et_pb_text][et_pb_text _builder_version=\u00bb4.16&#8243; text_font=\u00bb||||||||\u00bb link_font=\u00bb||||||||\u00bb link_text_color=\u00bb#59adbb\u00bb text_orientation=\u00bbjustify\u00bb text_text_align=\u00bbjustify\u00bb global_colors_info=\u00bb{}\u00bb]<\/p>\n<p><span>En invierno podr\u00e1s reservar tratamientos, disfrutar de la piscina termal interior, navegar por Internet, leer y holgazanear en alguna de las salitas del hotel.<\/span><\/p>\n<p><span>En verano har\u00e1s siestas al aire libre, tomar\u00e1s el sol cerca del r\u00edo y te refrescar\u00e1s en nuestra fant\u00e1stica piscina termal exterior. <\/span><\/p>\n<p><span>El equipo del centro termal te aconsejar\u00e1 los tratamientos que m\u00e1s se adapten a tus necesidades y confeccionar\u00e1 un programa de tratamientos a medida. <\/span><\/p>\n<p><span>Si no tienes coche para desplazarte, la empresa www.alsa.es ofrece varios trayectos diarios desde Barcelona a La Seu d&#8217;Urgell o al propio balneario que dispone de una parada de autob\u00fas. <\/span><\/p>\n<p><span>Esta misma parada te permitir\u00e1 desplazarte para conocer las ciudades vecinas y realizar alguna actividad. Si deseas hacer excursiones guiadas, contrataremos los servicios de gu\u00edas locales que te descubrir\u00e1n los parajes m\u00e1s espectaculares.<\/span><\/p>\n<p>&nbsp;<\/p>\n<p>[\/et_pb_text][\/et_pb_column][et_pb_column type=\u00bb1_2&#8243; _builder_version=\u00bb4.16&#8243; custom_padding=\u00bb|||\u00bb global_colors_info=\u00bb{}\u00bb custom_padding__hover=\u00bb|||\u00bb][et_pb_gallery gallery_ids=\u00bb380,381&#8243; fullwidth=\u00bbon\u00bb _builder_version=\u00bb4.16&#8243; animation_style=\u00bbslide\u00bb animation_direction=\u00bbright\u00bb animation_intensity_slide=\u00bb4%\u00bb auto=\u00bbon\u00bb auto_speed=\u00bb4000&#8243; border_color_all=\u00bb#e0e0e0&#8243; global_colors_info=\u00bb{}\u00bb][\/et_pb_gallery][\/et_pb_column][\/et_pb_row][\/et_pb_section]<\/p>\n","protected":false},"excerpt":{"rendered":"<p>Si quieres escaparte unos dias para\u00a0restaurar tu equilibrio o buscas un lugar d\u00f3nde trabajar en paz, sin distracciones, \u00e9ste \u00e9s el tu hotel. Aqu\u00ed te haremos tanta o tan poca compa\u00f1ia como desees. En invierno podr\u00e1s reservar tratamientos, disfrutar de la piscina termal interior, navegar por Internet, leer y holgazanear en alguna de las salitas [&hellip;]<\/p>\n","protected":false},"author":1,"featured_media":0,"parent":0,"menu_order":0,"comment_status":"closed","ping_status":"closed","template":"","meta":{"_et_pb_use_builder":"on","_et_pb_old_content":"<p>[et_pb_section fb_built=\"1\" _builder_version=\"3.23.3\" min_height=\"840px\" custom_padding=\"16px||0px|||\" custom_margin_last_edited=\"on|desktop\" custom_margin_phone=\"-50px||\"][et_pb_row custom_padding=\"6px||0px|||\" _builder_version=\"3.23.3\" border_width_bottom=\"1px\" border_color_bottom=\"#b7b7b7\"][et_pb_column type=\"4_4\" _builder_version=\"3.0.47\"][et_pb_post_title meta=\"off\" featured_image=\"off\" _builder_version=\"3.23.3\" title_font=\"Montserrat|300|||||||\" title_text_color=\"#59adbb\" title_font_size=\"48px\"][\/et_pb_post_title][\/et_pb_column][\/et_pb_row][et_pb_row _builder_version=\"3.23.3\" min_height=\"623px\"][et_pb_column type=\"1_2\" _builder_version=\"3.0.47\"][et_pb_text _builder_version=\"3.23.3\" text_font=\"Satisfy||||||||\" text_text_align=\"left\" text_text_color=\"#948878\" text_font_size=\"28px\" text_line_height=\"1.2em\" border_color_top=\"#00bfce\" border_width_bottom=\"1px\" border_color_bottom=\"#00bfce\" custom_padding=\"15px||15px\"]<\/p><p>Tant si us escapeu uns dies per restaurar el vostre equilibri com si busqueu un indret on treballar en pau, sense distraccions, aquest \u00e9s el vostre hotel.<br \/>Aqu\u00ed podreu tenir tanta o tan poca companyia com desitgeu.<\/p><p>[\/et_pb_text][et_pb_text _builder_version=\"3.23.3\" text_font=\"||||||||\" text_text_align=\"justify\" link_font=\"||||||||\" link_text_color=\"#59adbb\"]<\/p><p>A l\u2019hivern podreu fer-vos tractaments, gaudir de la piscina termal interior, navegar per Internet, llegir i fer el mandra en alguna de les nostres saletes independents.<\/p><p>A l\u2019estiu fareu migdiades a l\u2019aire lliure, prendreu el sol prop del riu i us refrescareu a la nostra fant\u00e0stica piscina termal exterior.<\/p><p>L\u2019equip del centre termal us aconsellar\u00e0 els tractaments que m\u00e9s s\u2019adaptin a les vostres necessitats i confeccionar\u00e0 el vostre programa de tractaments a mida.<\/p><p>Si no disposeu de cotxe, la empresa <a href=\"http:\/\/www.alsa.es\" target=\"_blank\" rel=\"noopener noreferrer\"><strong>www.alsa.es<\/strong><\/a> ofereix diversos trajectes diaris des de Barcelona a La Seu d'Urgell o al propi balneari que disposa d'una parada d\u2019autob\u00fas.<br \/>Aquesta mateixa parada us permetr\u00e0 despla\u00e7ar-vos per a con\u00e8ixer les ciutats ve\u00efnes i realitzar alguna activitat.<\/p><p>Si voleu fer excursions guiades, contractarem els serveis de guies locals que us descobriran els paratges m\u00e9s espectaculars.<\/p><p>[\/et_pb_text][\/et_pb_column][et_pb_column type=\"1_2\" _builder_version=\"3.0.47\"][et_pb_gallery gallery_ids=\"380,381\" fullwidth=\"on\" db_image_object_fit=\"initial\" hover_icon=\"%%32%%\" _builder_version=\"3.23.3\" border_color_all=\"#e0e0e0\" animation_style=\"slide\" animation_direction=\"right\" animation_intensity_slide=\"4%\" auto=\"on\" auto_speed=\"4000\"][\/et_pb_gallery][\/et_pb_column][\/et_pb_row][\/et_pb_section][et_pb_section fb_built=\"1\" _builder_version=\"3.23.3\" background_color=\"#9b9b9b\" custom_padding=\"10px||16px|||\" global_module=\"192\" saved_tabs=\"all\"][et_pb_row use_custom_gutter=\"on\" gutter_width=\"1\" custom_padding=\"6px||5px|||\" _builder_version=\"3.23.3\"][et_pb_column type=\"1_4\" _builder_version=\"3.0.47\"][et_pb_image src=\"http:\/\/hotelsantvicenc.com\/wp-content\/uploads\/2019\/06\/peu-telefon.png\" align=\"center\" _builder_version=\"3.23.3\" width=\"15%\"][\/et_pb_image][et_pb_text _builder_version=\"3.23.3\" text_font=\"Montserrat|300|||||||\" text_text_align=\"center\" text_text_color=\"#ffffff\" text_font_size=\"17px\" custom_margin=\"||\" custom_padding=\"15px||\"]<\/p><p>973 384 010<br \/>671 559 585<\/p><p>[\/et_pb_text][\/et_pb_column][et_pb_column type=\"1_4\" _builder_version=\"3.0.47\"][et_pb_image src=\"http:\/\/hotelsantvicenc.com\/wp-content\/uploads\/2019\/06\/peu-email.png\" align=\"center\" _builder_version=\"3.23.3\" width=\"15%\"][\/et_pb_image][et_pb_text _builder_version=\"3.23.3\" text_font=\"Montserrat|300|||||||\" text_text_align=\"center\" text_text_color=\"#ffffff\" text_font_size=\"17px\" link_font=\"||||||||\" link_text_color=\"#ffffff\" custom_margin=\"||\" custom_padding=\"15px||\"]<\/p><p><a href=\"https:\/\/linceo.svt.es:8443\/smb\/email-address\/edit\/id\/49\">reserves@hotelsantvicenc.com<\/a><\/p><p>[\/et_pb_text][\/et_pb_column][et_pb_column type=\"1_4\" _builder_version=\"3.0.47\"][et_pb_image src=\"http:\/\/hotelsantvicenc.com\/wp-content\/uploads\/2019\/06\/peu-onsom.png\" url=\"https:\/\/www.google.com\/maps\/place\/Hotel+Balneari+Sant+Vicen%C3%A7\/@42.3684889,1.5946055,15z\/data=!4m2!3m1!1s0x0:0xef70ee504c88bc29?sa=X&ved=2ahUKEwjX-5Sn5PDiAhVMOBoKHSJrCvYQ_BIwDnoECBAQCA\" url_new_window=\"on\" align=\"center\" _builder_version=\"3.23.3\" width=\"15%\"][\/et_pb_image][et_pb_text _builder_version=\"3.23.3\" text_font=\"Montserrat|300|||||||\" text_text_align=\"center\" text_text_color=\"#ffffff\" text_font_size=\"17px\" custom_margin=\"||\" custom_padding=\"15px||\"]<\/p><p>Troba'ns<\/p><p>[\/et_pb_text][\/et_pb_column][et_pb_column type=\"1_4\" _builder_version=\"3.0.47\"][et_pb_text _builder_version=\"3.23.3\" text_font=\"||||||||\" text_text_align=\"center\" width=\"73%\"]<\/p><p><a href=\"https:\/\/www.facebook.com\/santvicenc\/\" target=\"_blank\" rel=\"noopener noreferrer\"><img class=\"wp-image-134 alignnone size-medium\" src=\"https:\/\/hotelsantvicenc.com\/wp-content\/uploads\/2019\/06\/peu-facebook-300x300.png\" alt=\"\" width=\"44\" height=\"44\" \/><\/a>\u00a0 \u00a0 <a href=\"https:\/\/www.pinterest.es\/marta2826\/pins\/\" target=\"_blank\" rel=\"noopener noreferrer\"><img class=\"wp-image-137 alignnone size-medium\" src=\"https:\/\/hotelsantvicenc.com\/wp-content\/uploads\/2019\/06\/peu-pinterest-300x300.png\" alt=\"\" width=\"44\" height=\"44\" \/><\/a>\u00a0 \u00a0\u00a0<a href=\"https:\/\/www.instagram.com\/balnearisantvicenc\/\"><img class=\"wp-image-135 alignnone size-medium\" src=\"https:\/\/hotelsantvicenc.com\/wp-content\/uploads\/2019\/06\/peu-instagram-300x300.png\" alt=\"\" width=\"44\" height=\"44\" \/><\/a><\/p><p>[\/et_pb_text][et_pb_text _builder_version=\"3.23.3\" text_font=\"Montserrat|300|||||||\" text_text_align=\"center\" text_text_color=\"#ffffff\" text_font_size=\"17px\" custom_margin=\"||\" custom_padding=\"37px|||||\"]<\/p><p>Segueix-nos<\/p><p>[\/et_pb_text][\/et_pb_column][\/et_pb_row][et_pb_row custom_padding=\"5px||3px|||\" _builder_version=\"3.23.3\"][et_pb_column type=\"4_4\" _builder_version=\"3.0.47\"][et_pb_text _builder_version=\"3.23.3\" text_text_color=\"#ffffff\" link_text_color=\"#ffffff\" text_orientation=\"center\" z_index_tablet=\"500\" text_text_shadow_horizontal_length_tablet=\"0px\" text_text_shadow_vertical_length_tablet=\"0px\" text_text_shadow_blur_strength_tablet=\"1px\" link_text_shadow_horizontal_length_tablet=\"0px\" link_text_shadow_vertical_length_tablet=\"0px\" link_text_shadow_blur_strength_tablet=\"1px\" ul_text_shadow_horizontal_length_tablet=\"0px\" ul_text_shadow_vertical_length_tablet=\"0px\" ul_text_shadow_blur_strength_tablet=\"1px\" ol_text_shadow_horizontal_length_tablet=\"0px\" ol_text_shadow_vertical_length_tablet=\"0px\" ol_text_shadow_blur_strength_tablet=\"1px\" quote_text_shadow_horizontal_length_tablet=\"0px\" quote_text_shadow_vertical_length_tablet=\"0px\" quote_text_shadow_blur_strength_tablet=\"1px\" header_text_shadow_horizontal_length_tablet=\"0px\" header_text_shadow_vertical_length_tablet=\"0px\" header_text_shadow_blur_strength_tablet=\"1px\" header_2_text_shadow_horizontal_length_tablet=\"0px\" header_2_text_shadow_vertical_length_tablet=\"0px\" header_2_text_shadow_blur_strength_tablet=\"1px\" header_3_text_shadow_horizontal_length_tablet=\"0px\" header_3_text_shadow_vertical_length_tablet=\"0px\" header_3_text_shadow_blur_strength_tablet=\"1px\" header_4_text_shadow_horizontal_length_tablet=\"0px\" header_4_text_shadow_vertical_length_tablet=\"0px\" header_4_text_shadow_blur_strength_tablet=\"1px\" header_5_text_shadow_horizontal_length_tablet=\"0px\" header_5_text_shadow_vertical_length_tablet=\"0px\" header_5_text_shadow_blur_strength_tablet=\"1px\" header_6_text_shadow_horizontal_length_tablet=\"0px\" header_6_text_shadow_vertical_length_tablet=\"0px\" header_6_text_shadow_blur_strength_tablet=\"1px\" box_shadow_horizontal_tablet=\"0px\" box_shadow_vertical_tablet=\"0px\" box_shadow_blur_tablet=\"40px\" box_shadow_spread_tablet=\"0px\"]<\/p><p>HOTEL SANT VICEN\u00c7\u00a9 \/\/<a href=\"http:\/\/hotelsantvicenc.com\/politica-de-privadesa-2\/\"> POL\u00cdTICA DE PRIVACITAT<\/a> \/ <a href=\"http:\/\/hotelsantvicenc.com\/avis-legal\/\">AV\u00cdS LEGAL<\/a> \/ <a href=\"http:\/\/hotelsantvicenc.com\/politica-de-cookies\/\">POL\u00cdTICA DE COOKIES<\/a><\/p><p>[\/et_pb_text][\/et_pb_column][\/et_pb_row][\/et_pb_section]<\/p>","_et_gb_content_width":"","_mc_calendar":[],"_joinchat":[],"footnotes":""},"class_list":["post-1659","page","type-page","status-publish","hentry"],"yoast_head":"<!-- This site is optimized with the Yoast SEO plugin v25.3 - https:\/\/yoast.com\/wordpress\/plugins\/seo\/ -->\n<title>Viajando solo\/a - Hotel Sant Vicen\u00e7<\/title>\n<meta name=\"robots\" content=\"index, follow, max-snippet:-1, max-image-preview:large, max-video-preview:-1\" \/>\n<link rel=\"canonical\" href=\"https:\/\/hotelsantvicenc.com\/es\/viajando-solo-a\/\" \/>\n<meta property=\"og:locale\" content=\"es_ES\" \/>\n<meta property=\"og:type\" content=\"article\" \/>\n<meta property=\"og:title\" content=\"Viajando solo\/a - Hotel Sant Vicen\u00e7\" \/>\n<meta property=\"og:description\" content=\"Si quieres escaparte unos dias para\u00a0restaurar tu equilibrio o buscas un lugar d\u00f3nde trabajar en paz, sin distracciones, \u00e9ste \u00e9s el tu hotel. Aqu\u00ed te haremos tanta o tan poca compa\u00f1ia como desees. En invierno podr\u00e1s reservar tratamientos, disfrutar de la piscina termal interior, navegar por Internet, leer y holgazanear en alguna de las salitas [&hellip;]\" \/>\n<meta property=\"og:url\" content=\"https:\/\/hotelsantvicenc.com\/es\/viajando-solo-a\/\" \/>\n<meta property=\"og:site_name\" content=\"Hotel Sant Vicen\u00e7\" \/>\n<meta property=\"article:modified_time\" content=\"2025-01-30T19:54:52+00:00\" \/>\n<meta name=\"twitter:card\" content=\"summary_large_image\" \/>\n<meta name=\"twitter:label1\" content=\"Tiempo de lectura\" \/>\n\t<meta name=\"twitter:data1\" content=\"3 minutos\" \/>\n<script type=\"application\/ld+json\" class=\"yoast-schema-graph\">{\"@context\":\"https:\/\/schema.org\",\"@graph\":[{\"@type\":\"WebPage\",\"@id\":\"https:\/\/hotelsantvicenc.com\/es\/viajando-solo-a\/\",\"url\":\"https:\/\/hotelsantvicenc.com\/es\/viajando-solo-a\/\",\"name\":\"Viajando solo\/a - Hotel Sant Vicen\u00e7\",\"isPartOf\":{\"@id\":\"https:\/\/hotelsantvicenc.com\/es\/#website\"},\"datePublished\":\"2019-12-16T16:32:11+00:00\",\"dateModified\":\"2025-01-30T19:54:52+00:00\",\"breadcrumb\":{\"@id\":\"https:\/\/hotelsantvicenc.com\/es\/viajando-solo-a\/#breadcrumb\"},\"inLanguage\":\"es\",\"potentialAction\":[{\"@type\":\"ReadAction\",\"target\":[\"https:\/\/hotelsantvicenc.com\/es\/viajando-solo-a\/\"]}]},{\"@type\":\"BreadcrumbList\",\"@id\":\"https:\/\/hotelsantvicenc.com\/es\/viajando-solo-a\/#breadcrumb\",\"itemListElement\":[{\"@type\":\"ListItem\",\"position\":1,\"name\":\"Inici\",\"item\":\"https:\/\/hotelsantvicenc.com\/es\/\"},{\"@type\":\"ListItem\",\"position\":2,\"name\":\"Viajando solo\/a\"}]},{\"@type\":\"WebSite\",\"@id\":\"https:\/\/hotelsantvicenc.com\/es\/#website\",\"url\":\"https:\/\/hotelsantvicenc.com\/es\/\",\"name\":\"Hotel Balneari Sant Vicen\u00e7\",\"description\":\"HOTEL-BALNEARI\",\"publisher\":{\"@id\":\"https:\/\/hotelsantvicenc.com\/es\/#organization\"},\"potentialAction\":[{\"@type\":\"SearchAction\",\"target\":{\"@type\":\"EntryPoint\",\"urlTemplate\":\"https:\/\/hotelsantvicenc.com\/es\/?s={search_term_string}\"},\"query-input\":{\"@type\":\"PropertyValueSpecification\",\"valueRequired\":true,\"valueName\":\"search_term_string\"}}],\"inLanguage\":\"es\"},{\"@type\":\"Organization\",\"@id\":\"https:\/\/hotelsantvicenc.com\/es\/#organization\",\"name\":\"ELS BANYS DE SANT VICEN\u00c7 SL\",\"url\":\"https:\/\/hotelsantvicenc.com\/es\/\",\"logo\":{\"@type\":\"ImageObject\",\"inLanguage\":\"es\",\"@id\":\"https:\/\/hotelsantvicenc.com\/es\/#\/schema\/logo\/image\/\",\"url\":\"https:\/\/hotelsantvicenc.com\/wp-content\/uploads\/2023\/07\/WhatsApp-Image-2020-07-14-at-5.04.21-PM.jpeg\",\"contentUrl\":\"https:\/\/hotelsantvicenc.com\/wp-content\/uploads\/2023\/07\/WhatsApp-Image-2020-07-14-at-5.04.21-PM.jpeg\",\"width\":472,\"height\":472,\"caption\":\"ELS BANYS DE SANT VICEN\u00c7 SL\"},\"image\":{\"@id\":\"https:\/\/hotelsantvicenc.com\/es\/#\/schema\/logo\/image\/\"},\"sameAs\":[\"https:\/\/www.instagram.com\/balnearisantvicenc\/\"]}]}<\/script>\n<!-- \/ Yoast SEO plugin. -->","yoast_head_json":{"title":"Viajando solo\/a - Hotel Sant Vicen\u00e7","robots":{"index":"index","follow":"follow","max-snippet":"max-snippet:-1","max-image-preview":"max-image-preview:large","max-video-preview":"max-video-preview:-1"},"canonical":"https:\/\/hotelsantvicenc.com\/es\/viajando-solo-a\/","og_locale":"es_ES","og_type":"article","og_title":"Viajando solo\/a - Hotel Sant Vicen\u00e7","og_description":"Si quieres escaparte unos dias para\u00a0restaurar tu equilibrio o buscas un lugar d\u00f3nde trabajar en paz, sin distracciones, \u00e9ste \u00e9s el tu hotel. Aqu\u00ed te haremos tanta o tan poca compa\u00f1ia como desees. En invierno podr\u00e1s reservar tratamientos, disfrutar de la piscina termal interior, navegar por Internet, leer y holgazanear en alguna de las salitas [&hellip;]","og_url":"https:\/\/hotelsantvicenc.com\/es\/viajando-solo-a\/","og_site_name":"Hotel Sant Vicen\u00e7","article_modified_time":"2025-01-30T19:54:52+00:00","twitter_card":"summary_large_image","twitter_misc":{"Tiempo de lectura":"3 minutos"},"schema":{"@context":"https:\/\/schema.org","@graph":[{"@type":"WebPage","@id":"https:\/\/hotelsantvicenc.com\/es\/viajando-solo-a\/","url":"https:\/\/hotelsantvicenc.com\/es\/viajando-solo-a\/","name":"Viajando solo\/a - Hotel Sant Vicen\u00e7","isPartOf":{"@id":"https:\/\/hotelsantvicenc.com\/es\/#website"},"datePublished":"2019-12-16T16:32:11+00:00","dateModified":"2025-01-30T19:54:52+00:00","breadcrumb":{"@id":"https:\/\/hotelsantvicenc.com\/es\/viajando-solo-a\/#breadcrumb"},"inLanguage":"es","potentialAction":[{"@type":"ReadAction","target":["https:\/\/hotelsantvicenc.com\/es\/viajando-solo-a\/"]}]},{"@type":"BreadcrumbList","@id":"https:\/\/hotelsantvicenc.com\/es\/viajando-solo-a\/#breadcrumb","itemListElement":[{"@type":"ListItem","position":1,"name":"Inici","item":"https:\/\/hotelsantvicenc.com\/es\/"},{"@type":"ListItem","position":2,"name":"Viajando solo\/a"}]},{"@type":"WebSite","@id":"https:\/\/hotelsantvicenc.com\/es\/#website","url":"https:\/\/hotelsantvicenc.com\/es\/","name":"Hotel Balneari Sant Vicen\u00e7","description":"HOTEL-BALNEARI","publisher":{"@id":"https:\/\/hotelsantvicenc.com\/es\/#organization"},"potentialAction":[{"@type":"SearchAction","target":{"@type":"EntryPoint","urlTemplate":"https:\/\/hotelsantvicenc.com\/es\/?s={search_term_string}"},"query-input":{"@type":"PropertyValueSpecification","valueRequired":true,"valueName":"search_term_string"}}],"inLanguage":"es"},{"@type":"Organization","@id":"https:\/\/hotelsantvicenc.com\/es\/#organization","name":"ELS BANYS DE SANT VICEN\u00c7 SL","url":"https:\/\/hotelsantvicenc.com\/es\/","logo":{"@type":"ImageObject","inLanguage":"es","@id":"https:\/\/hotelsantvicenc.com\/es\/#\/schema\/logo\/image\/","url":"https:\/\/hotelsantvicenc.com\/wp-content\/uploads\/2023\/07\/WhatsApp-Image-2020-07-14-at-5.04.21-PM.jpeg","contentUrl":"https:\/\/hotelsantvicenc.com\/wp-content\/uploads\/2023\/07\/WhatsApp-Image-2020-07-14-at-5.04.21-PM.jpeg","width":472,"height":472,"caption":"ELS BANYS DE SANT VICEN\u00c7 SL"},"image":{"@id":"https:\/\/hotelsantvicenc.com\/es\/#\/schema\/logo\/image\/"},"sameAs":["https:\/\/www.instagram.com\/balnearisantvicenc\/"]}]}},"_links":{"self":[{"href":"https:\/\/hotelsantvicenc.com\/es\/wp-json\/wp\/v2\/pages\/1659","targetHints":{"allow":["GET"]}}],"collection":[{"href":"https:\/\/hotelsantvicenc.com\/es\/wp-json\/wp\/v2\/pages"}],"about":[{"href":"https:\/\/hotelsantvicenc.com\/es\/wp-json\/wp\/v2\/types\/page"}],"author":[{"embeddable":true,"href":"https:\/\/hotelsantvicenc.com\/es\/wp-json\/wp\/v2\/users\/1"}],"replies":[{"embeddable":true,"href":"https:\/\/hotelsantvicenc.com\/es\/wp-json\/wp\/v2\/comments?post=1659"}],"version-history":[{"count":8,"href":"https:\/\/hotelsantvicenc.com\/es\/wp-json\/wp\/v2\/pages\/1659\/revisions"}],"predecessor-version":[{"id":15612,"href":"https:\/\/hotelsantvicenc.com\/es\/wp-json\/wp\/v2\/pages\/1659\/revisions\/15612"}],"wp:attachment":[{"href":"https:\/\/hotelsantvicenc.com\/es\/wp-json\/wp\/v2\/media?parent=1659"}],"curies":[{"name":"wp","href":"https:\/\/api.w.org\/{rel}","templated":true}]}}