{"id":1719,"date":"2019-07-29T16:37:28","date_gmt":"2019-07-29T14:37:28","guid":{"rendered":"http:\/\/hotelsantvicenc.com\/?page_id=1719"},"modified":"2025-02-01T02:27:16","modified_gmt":"2025-02-01T00:27:16","slug":"restaurante-y-terraza","status":"publish","type":"page","link":"https:\/\/hotelsantvicenc.com\/es\/restaurante-y-terraza\/","title":{"rendered":"BAR, TERRAZA&#8230;"},"content":{"rendered":"<p>[et_pb_section fb_built=\u00bb1&#8243; _builder_version=\u00bb4.16&#8243; custom_margin_tablet=\u00bb\u00bb custom_margin_phone=\u00bb-50px|||\u00bb custom_margin_last_edited=\u00bbon|phone\u00bb custom_padding=\u00bb16px||5px|||\u00bb global_colors_info=\u00bb{}\u00bb][et_pb_row _builder_version=\u00bb4.27.4&#8243; custom_margin=\u00bb|auto|0px|auto|false|false\u00bb custom_padding=\u00bb6px||0px|||\u00bb border_width_bottom=\u00bb1px\u00bb border_color_bottom=\u00bb#b7b7b7&#8243; global_colors_info=\u00bb{}\u00bb][et_pb_column type=\u00bb4_4&#8243; _builder_version=\u00bb4.16&#8243; custom_padding=\u00bb|||\u00bb global_colors_info=\u00bb{}\u00bb custom_padding__hover=\u00bb|||\u00bb][et_pb_post_title meta=\u00bboff\u00bb featured_image=\u00bboff\u00bb _builder_version=\u00bb4.16&#8243; title_font=\u00bbMontserrat|300|||||||\u00bb title_text_color=\u00bb#59adbb\u00bb title_font_size=\u00bb48px\u00bb title_font_size_tablet=\u00bb\u00bb title_font_size_phone=\u00bb36px\u00bb title_font_size_last_edited=\u00bbon|desktop\u00bb global_colors_info=\u00bb{}\u00bb][\/et_pb_post_title][\/et_pb_column][\/et_pb_row][et_pb_row column_structure=\u00bb1_2,1_2&#8243; _builder_version=\u00bb4.27.4&#8243; custom_margin=\u00bb|auto|0px|auto|false|false\u00bb custom_padding=\u00bb||3px|||\u00bb global_colors_info=\u00bb{}\u00bb][et_pb_column type=\u00bb1_2&#8243; _builder_version=\u00bb4.16&#8243; custom_padding=\u00bb|||\u00bb global_colors_info=\u00bb{}\u00bb custom_padding__hover=\u00bb|||\u00bb][et_pb_text _builder_version=\u00bb4.16&#8243; text_font=\u00bbSatisfy||||||||\u00bb text_text_color=\u00bb#948878&#8243; text_font_size=\u00bb28px\u00bb text_orientation=\u00bbcenter\u00bb custom_padding=\u00bb15px||15px\u00bb border_width_top=\u00bb1px\u00bb border_color_top=\u00bb#00bfce\u00bb border_width_bottom=\u00bb1px\u00bb border_color_bottom=\u00bb#00bfce\u00bb text_text_align=\u00bbcenter\u00bb global_colors_info=\u00bb{}\u00bb]<\/p>\n<p style=\"text-align: left;\">Momentos de copas, vistas y m\u00fasica.<\/p>\n<p>[\/et_pb_text][et_pb_text _builder_version=\u00bb4.16&#8243; global_colors_info=\u00bb{}\u00bb]<\/p>\n<p style=\"text-align: justify;\"><span class=\"Y2IQFc\" lang=\"es\">No son necesarias demasiadas excusas, tanto si est\u00e1n alojados en el hotal c\u00f3mo si est\u00e1n de paso, cualquier momento es bueno para disfrutar de una bebida en el bar, terraza o salas del hotel. D\u00e9jense seducir por la atm\u00f3sfera de nuestros espacios, libros y m\u00fasica. Les serviremos su bebida preferida donde deseen.<\/span><\/p>\n<p style=\"text-align: justify;\"><em><span style=\"color: #59adbb;\"><strong>Horario<\/strong>\u00a0:\u00a0<\/span><\/em><em><span style=\"color: #59adbb;\">De 09:00 h a 23:00h bebidas. De 20:00 h a 21:00 h platos de terraza.<\/span><\/em><\/p>\n<p style=\"text-align: justify;\"><em><span style=\"color: #59adbb;\">Abierto de jueves a lunes a las 16,30h. Cerrado<\/span><\/em><em><span style=\"color: #59adbb;\">\u00a0lunes por la noche, martes y mi\u00e9coles.<\/span><\/em><\/p>\n<p style=\"text-align: justify;\"><em><span style=\"color: #59adbb;\">En per\u00edodos vacacionales estamos abiertos todos los d\u00edas.<\/span><\/em><\/p>\n<p style=\"text-align: justify;\"><em><span style=\"color: #59adbb;\">Para m\u00e1s detalle, consulten nuestro calendario de oberturas.<\/span><\/em><\/p>\n<p>&nbsp;<br \/>\n[\/et_pb_text][\/et_pb_column][et_pb_column type=\u00bb1_2&#8243; _builder_version=\u00bb4.16&#8243; custom_padding=\u00bb|||\u00bb global_colors_info=\u00bb{}\u00bb custom_padding__hover=\u00bb|||\u00bb][et_pb_gallery gallery_ids=\u00bb12984,12994,13008,13011,13014&#8243; fullwidth=\u00bbon\u00bb _builder_version=\u00bb4.16&#8243; animation_style=\u00bbslide\u00bb animation_direction=\u00bbright\u00bb animation_intensity_slide=\u00bb4%\u00bb border_width_all=\u00bb1px\u00bb border_color_all=\u00bb#e0e0e0&#8243; global_colors_info=\u00bb{}\u00bb][\/et_pb_gallery][\/et_pb_column][\/et_pb_row][\/et_pb_section][et_pb_section fb_built=\u00bb1&#8243; _builder_version=\u00bb4.16&#8243; min_height=\u00bb840px\u00bb custom_padding=\u00bb16px||0px|||\u00bb global_colors_info=\u00bb{}\u00bb][et_pb_row _builder_version=\u00bb4.27.4&#8243; custom_margin=\u00bb|auto|0px|auto|false|false\u00bb hover_enabled=\u00bb0&#8243; global_colors_info=\u00bb{}\u00bb custom_padding=\u00bb62px||66px||false|false\u00bb sticky_enabled=\u00bb0&#8243;][et_pb_column type=\u00bb4_4&#8243; _builder_version=\u00bb4.16&#8243; custom_padding=\u00bb|||\u00bb global_colors_info=\u00bb{}\u00bb custom_padding__hover=\u00bb|||\u00bb][et_pb_text _builder_version=\u00bb4.16&#8243; text_font=\u00bbSatisfy||||||||\u00bb text_text_color=\u00bb#948878&#8243; text_font_size=\u00bb28px\u00bb text_orientation=\u00bbcenter\u00bb custom_padding=\u00bb15px||15px\u00bb border_width_top=\u00bb1px\u00bb border_color_top=\u00bb#00bfce\u00bb border_width_bottom=\u00bb1px\u00bb border_color_bottom=\u00bb#00bfce\u00bb text_text_align=\u00bbcenter\u00bb global_colors_info=\u00bb{}\u00bb]<\/p>\n<p style=\"text-align: left;\">Bar<\/p>\n<p>[\/et_pb_text][et_pb_text _builder_version=\u00bb4.16&#8243; border_color_all=\u00bb#7a5c52&#8243; global_colors_info=\u00bb{}\u00bb]<\/p>\n<p><span class=\"Y2IQFc\" lang=\"es\">Situado en la planta baja, frente a la recepci\u00f3n, el bar del hotel les invita a un rato de tert\u00falia o relajarse escuchando m\u00fasica. Cl\u00e1sica por las ma\u00f1anas, jazz por la tarde y tipo brasserie durante el servicio de almuerzos y cenas.<\/span><\/p>\n<p>[\/et_pb_text][et_pb_text _builder_version=\u00bb4.16&#8243; text_font=\u00bbSatisfy||||||||\u00bb text_text_color=\u00bb#948878&#8243; text_font_size=\u00bb28px\u00bb text_orientation=\u00bbcenter\u00bb custom_padding=\u00bb15px||15px\u00bb border_width_top=\u00bb1px\u00bb border_color_top=\u00bb#00bfce\u00bb border_width_bottom=\u00bb1px\u00bb border_color_bottom=\u00bb#00bfce\u00bb text_text_align=\u00bbcenter\u00bb global_colors_info=\u00bb{}\u00bb]<\/p>\n<p style=\"text-align: left;\">Terraza<\/p>\n<p>[\/et_pb_text][et_pb_text _builder_version=\u00bb4.16&#8243; border_color_all=\u00bb#7a5c52&#8243; border_style_all=\u00bbnone\u00bb global_colors_info=\u00bb{}\u00bb]<\/p>\n<p><strong>La terraza del Balneario<\/strong> <span class=\"Y2IQFc\" lang=\"es\">es el espacio ideal para disfrutar de tardes de invierno y noches de verano. <\/span><\/p>\n<p><span class=\"Y2IQFc\" lang=\"es\">Situada en la planta baja del hotel, ofrece una bonita vista de monta\u00f1a y el paso del r\u00edo Segre. <\/span><\/p>\n<p><span class=\"Y2IQFc\" lang=\"es\">Por las noches les ofrecemos una selecci\u00f3n de platos de terraza para sus cenas informales. <\/span><\/p>\n<p><span class=\"Y2IQFc\" lang=\"es\">Las mesas de la terraza no permiten reserva.<\/span><\/p>\n<p>[\/et_pb_text][et_pb_text _builder_version=\u00bb4.16&#8243; text_font=\u00bbSatisfy||||||||\u00bb text_text_color=\u00bb#948878&#8243; text_font_size=\u00bb28px\u00bb text_orientation=\u00bbcenter\u00bb custom_padding=\u00bb15px||15px\u00bb border_width_top=\u00bb1px\u00bb border_color_top=\u00bb#00bfce\u00bb border_width_bottom=\u00bb1px\u00bb border_color_bottom=\u00bb#00bfce\u00bb text_text_align=\u00bbcenter\u00bb global_colors_info=\u00bb{}\u00bb]<\/p>\n<p style=\"text-align: left;\">Salas del hotel<\/p>\n<p>[\/et_pb_text][et_pb_text _builder_version=\u00bb4.16&#8243; border_color_all=\u00bb#7a5c52&#8243; global_colors_info=\u00bb{}\u00bb]<\/p>\n<p><span class=\"Y2IQFc\" lang=\"es\">Si\u00e9ntense como en su casa. Tenemos a su disposici\u00f3n una peque\u00f1a biblioteca con una selecci\u00f3n de libros para entretenerse, un espacio con chimenea para los d\u00edas m\u00e1s fr\u00edos del invierno y una sala con televisor.<\/span><\/p>\n<p>[\/et_pb_text][et_pb_text _builder_version=\u00bb4.16&#8243; text_font=\u00bbSatisfy||||||||\u00bb text_text_color=\u00bb#948878&#8243; text_font_size=\u00bb28px\u00bb text_orientation=\u00bbcenter\u00bb custom_padding=\u00bb15px||15px\u00bb border_width_top=\u00bb1px\u00bb border_color_top=\u00bb#00bfce\u00bb border_width_bottom=\u00bb1px\u00bb border_color_bottom=\u00bb#00bfce\u00bb text_text_align=\u00bbcenter\u00bb global_colors_info=\u00bb{}\u00bb]<\/p>\n<p style=\"text-align: left;\">Carta terraza<\/p>\n<p>[\/et_pb_text][et_pb_text _builder_version=\u00bb4.16&#8243; border_color_all=\u00bb#7a5c52&#8243; global_colors_info=\u00bb{}\u00bb]<\/p>\n<p>Disposem d&#8217;una <strong>carta de begudes<\/strong> fredes i calentes, selecci\u00f3 d&#8217; infusions i tes, licors, combinats, c\u00f3ctels i sucs. Els vespres tamb\u00e9 us oferim <strong>plats informals<\/strong>\u00a0a la terrassa per si voleu un sopar m\u00e9s senzill.<\/p>\n<p>[\/et_pb_text][\/et_pb_column][\/et_pb_row][\/et_pb_section]<\/p>\n","protected":false},"excerpt":{"rendered":"<p>Momentos de copas, vistas y m\u00fasica. No son necesarias demasiadas excusas, tanto si est\u00e1n alojados en el hotal c\u00f3mo si est\u00e1n de paso, cualquier momento es bueno para disfrutar de una bebida en el bar, terraza o salas del hotel. D\u00e9jense seducir por la atm\u00f3sfera de nuestros espacios, libros y m\u00fasica. Les serviremos su bebida [&hellip;]<\/p>\n","protected":false},"author":1,"featured_media":0,"parent":0,"menu_order":0,"comment_status":"closed","ping_status":"closed","template":"","meta":{"_et_pb_use_builder":"on","_et_pb_old_content":"","_et_gb_content_width":"","_mc_calendar":[],"_joinchat":[],"footnotes":""},"class_list":["post-1719","page","type-page","status-publish","hentry"],"yoast_head":"<!-- This site is optimized with the Yoast SEO plugin v25.3 - https:\/\/yoast.com\/wordpress\/plugins\/seo\/ -->\n<title>BAR, TERRAZA... - Hotel Sant Vicen\u00e7<\/title>\n<meta name=\"robots\" content=\"index, follow, max-snippet:-1, max-image-preview:large, max-video-preview:-1\" \/>\n<link rel=\"canonical\" href=\"https:\/\/hotelsantvicenc.com\/es\/restaurante-y-terraza\/\" \/>\n<meta property=\"og:locale\" content=\"es_ES\" \/>\n<meta property=\"og:type\" content=\"article\" \/>\n<meta property=\"og:title\" content=\"BAR, TERRAZA... - Hotel Sant Vicen\u00e7\" \/>\n<meta property=\"og:description\" content=\"Momentos de copas, vistas y m\u00fasica. No son necesarias demasiadas excusas, tanto si est\u00e1n alojados en el hotal c\u00f3mo si est\u00e1n de paso, cualquier momento es bueno para disfrutar de una bebida en el bar, terraza o salas del hotel. D\u00e9jense seducir por la atm\u00f3sfera de nuestros espacios, libros y m\u00fasica. Les serviremos su bebida [&hellip;]\" \/>\n<meta property=\"og:url\" content=\"https:\/\/hotelsantvicenc.com\/es\/restaurante-y-terraza\/\" \/>\n<meta property=\"og:site_name\" content=\"Hotel Sant Vicen\u00e7\" \/>\n<meta property=\"article:modified_time\" content=\"2025-02-01T00:27:16+00:00\" \/>\n<meta name=\"twitter:card\" content=\"summary_large_image\" \/>\n<meta name=\"twitter:label1\" content=\"Tiempo de lectura\" \/>\n\t<meta name=\"twitter:data1\" content=\"3 minutos\" \/>\n<script type=\"application\/ld+json\" class=\"yoast-schema-graph\">{\"@context\":\"https:\/\/schema.org\",\"@graph\":[{\"@type\":\"WebPage\",\"@id\":\"https:\/\/hotelsantvicenc.com\/es\/restaurante-y-terraza\/\",\"url\":\"https:\/\/hotelsantvicenc.com\/es\/restaurante-y-terraza\/\",\"name\":\"BAR, TERRAZA... - Hotel Sant Vicen\u00e7\",\"isPartOf\":{\"@id\":\"https:\/\/hotelsantvicenc.com\/es\/#website\"},\"datePublished\":\"2019-07-29T14:37:28+00:00\",\"dateModified\":\"2025-02-01T00:27:16+00:00\",\"breadcrumb\":{\"@id\":\"https:\/\/hotelsantvicenc.com\/es\/restaurante-y-terraza\/#breadcrumb\"},\"inLanguage\":\"es\",\"potentialAction\":[{\"@type\":\"ReadAction\",\"target\":[\"https:\/\/hotelsantvicenc.com\/es\/restaurante-y-terraza\/\"]}]},{\"@type\":\"BreadcrumbList\",\"@id\":\"https:\/\/hotelsantvicenc.com\/es\/restaurante-y-terraza\/#breadcrumb\",\"itemListElement\":[{\"@type\":\"ListItem\",\"position\":1,\"name\":\"Inici\",\"item\":\"https:\/\/hotelsantvicenc.com\/es\/\"},{\"@type\":\"ListItem\",\"position\":2,\"name\":\"BAR, TERRAZA&#8230;\"}]},{\"@type\":\"WebSite\",\"@id\":\"https:\/\/hotelsantvicenc.com\/es\/#website\",\"url\":\"https:\/\/hotelsantvicenc.com\/es\/\",\"name\":\"Hotel Balneari Sant Vicen\u00e7\",\"description\":\"HOTEL-BALNEARI\",\"publisher\":{\"@id\":\"https:\/\/hotelsantvicenc.com\/es\/#organization\"},\"potentialAction\":[{\"@type\":\"SearchAction\",\"target\":{\"@type\":\"EntryPoint\",\"urlTemplate\":\"https:\/\/hotelsantvicenc.com\/es\/?s={search_term_string}\"},\"query-input\":{\"@type\":\"PropertyValueSpecification\",\"valueRequired\":true,\"valueName\":\"search_term_string\"}}],\"inLanguage\":\"es\"},{\"@type\":\"Organization\",\"@id\":\"https:\/\/hotelsantvicenc.com\/es\/#organization\",\"name\":\"ELS BANYS DE SANT VICEN\u00c7 SL\",\"url\":\"https:\/\/hotelsantvicenc.com\/es\/\",\"logo\":{\"@type\":\"ImageObject\",\"inLanguage\":\"es\",\"@id\":\"https:\/\/hotelsantvicenc.com\/es\/#\/schema\/logo\/image\/\",\"url\":\"https:\/\/hotelsantvicenc.com\/wp-content\/uploads\/2023\/07\/WhatsApp-Image-2020-07-14-at-5.04.21-PM.jpeg\",\"contentUrl\":\"https:\/\/hotelsantvicenc.com\/wp-content\/uploads\/2023\/07\/WhatsApp-Image-2020-07-14-at-5.04.21-PM.jpeg\",\"width\":472,\"height\":472,\"caption\":\"ELS BANYS DE SANT VICEN\u00c7 SL\"},\"image\":{\"@id\":\"https:\/\/hotelsantvicenc.com\/es\/#\/schema\/logo\/image\/\"},\"sameAs\":[\"https:\/\/www.instagram.com\/balnearisantvicenc\/\"]}]}<\/script>\n<!-- \/ Yoast SEO plugin. -->","yoast_head_json":{"title":"BAR, TERRAZA... - Hotel Sant Vicen\u00e7","robots":{"index":"index","follow":"follow","max-snippet":"max-snippet:-1","max-image-preview":"max-image-preview:large","max-video-preview":"max-video-preview:-1"},"canonical":"https:\/\/hotelsantvicenc.com\/es\/restaurante-y-terraza\/","og_locale":"es_ES","og_type":"article","og_title":"BAR, TERRAZA... - Hotel Sant Vicen\u00e7","og_description":"Momentos de copas, vistas y m\u00fasica. No son necesarias demasiadas excusas, tanto si est\u00e1n alojados en el hotal c\u00f3mo si est\u00e1n de paso, cualquier momento es bueno para disfrutar de una bebida en el bar, terraza o salas del hotel. D\u00e9jense seducir por la atm\u00f3sfera de nuestros espacios, libros y m\u00fasica. Les serviremos su bebida [&hellip;]","og_url":"https:\/\/hotelsantvicenc.com\/es\/restaurante-y-terraza\/","og_site_name":"Hotel Sant Vicen\u00e7","article_modified_time":"2025-02-01T00:27:16+00:00","twitter_card":"summary_large_image","twitter_misc":{"Tiempo de lectura":"3 minutos"},"schema":{"@context":"https:\/\/schema.org","@graph":[{"@type":"WebPage","@id":"https:\/\/hotelsantvicenc.com\/es\/restaurante-y-terraza\/","url":"https:\/\/hotelsantvicenc.com\/es\/restaurante-y-terraza\/","name":"BAR, TERRAZA... - Hotel Sant Vicen\u00e7","isPartOf":{"@id":"https:\/\/hotelsantvicenc.com\/es\/#website"},"datePublished":"2019-07-29T14:37:28+00:00","dateModified":"2025-02-01T00:27:16+00:00","breadcrumb":{"@id":"https:\/\/hotelsantvicenc.com\/es\/restaurante-y-terraza\/#breadcrumb"},"inLanguage":"es","potentialAction":[{"@type":"ReadAction","target":["https:\/\/hotelsantvicenc.com\/es\/restaurante-y-terraza\/"]}]},{"@type":"BreadcrumbList","@id":"https:\/\/hotelsantvicenc.com\/es\/restaurante-y-terraza\/#breadcrumb","itemListElement":[{"@type":"ListItem","position":1,"name":"Inici","item":"https:\/\/hotelsantvicenc.com\/es\/"},{"@type":"ListItem","position":2,"name":"BAR, TERRAZA&#8230;"}]},{"@type":"WebSite","@id":"https:\/\/hotelsantvicenc.com\/es\/#website","url":"https:\/\/hotelsantvicenc.com\/es\/","name":"Hotel Balneari Sant Vicen\u00e7","description":"HOTEL-BALNEARI","publisher":{"@id":"https:\/\/hotelsantvicenc.com\/es\/#organization"},"potentialAction":[{"@type":"SearchAction","target":{"@type":"EntryPoint","urlTemplate":"https:\/\/hotelsantvicenc.com\/es\/?s={search_term_string}"},"query-input":{"@type":"PropertyValueSpecification","valueRequired":true,"valueName":"search_term_string"}}],"inLanguage":"es"},{"@type":"Organization","@id":"https:\/\/hotelsantvicenc.com\/es\/#organization","name":"ELS BANYS DE SANT VICEN\u00c7 SL","url":"https:\/\/hotelsantvicenc.com\/es\/","logo":{"@type":"ImageObject","inLanguage":"es","@id":"https:\/\/hotelsantvicenc.com\/es\/#\/schema\/logo\/image\/","url":"https:\/\/hotelsantvicenc.com\/wp-content\/uploads\/2023\/07\/WhatsApp-Image-2020-07-14-at-5.04.21-PM.jpeg","contentUrl":"https:\/\/hotelsantvicenc.com\/wp-content\/uploads\/2023\/07\/WhatsApp-Image-2020-07-14-at-5.04.21-PM.jpeg","width":472,"height":472,"caption":"ELS BANYS DE SANT VICEN\u00c7 SL"},"image":{"@id":"https:\/\/hotelsantvicenc.com\/es\/#\/schema\/logo\/image\/"},"sameAs":["https:\/\/www.instagram.com\/balnearisantvicenc\/"]}]}},"_links":{"self":[{"href":"https:\/\/hotelsantvicenc.com\/es\/wp-json\/wp\/v2\/pages\/1719","targetHints":{"allow":["GET"]}}],"collection":[{"href":"https:\/\/hotelsantvicenc.com\/es\/wp-json\/wp\/v2\/pages"}],"about":[{"href":"https:\/\/hotelsantvicenc.com\/es\/wp-json\/wp\/v2\/types\/page"}],"author":[{"embeddable":true,"href":"https:\/\/hotelsantvicenc.com\/es\/wp-json\/wp\/v2\/users\/1"}],"replies":[{"embeddable":true,"href":"https:\/\/hotelsantvicenc.com\/es\/wp-json\/wp\/v2\/comments?post=1719"}],"version-history":[{"count":64,"href":"https:\/\/hotelsantvicenc.com\/es\/wp-json\/wp\/v2\/pages\/1719\/revisions"}],"predecessor-version":[{"id":15678,"href":"https:\/\/hotelsantvicenc.com\/es\/wp-json\/wp\/v2\/pages\/1719\/revisions\/15678"}],"wp:attachment":[{"href":"https:\/\/hotelsantvicenc.com\/es\/wp-json\/wp\/v2\/media?parent=1719"}],"curies":[{"name":"wp","href":"https:\/\/api.w.org\/{rel}","templated":true}]}}